{"id":27587,"date":"2018-09-04T23:55:42","date_gmt":"2018-09-04T21:55:42","guid":{"rendered":"https:\/\/serviclean.be\/produit\/brabantia-touch-bin-muelleimer-30l\/"},"modified":"2018-09-04T23:55:42","modified_gmt":"2018-09-04T21:55:42","slug":"brabantia-touch-bin-muelleimer-30l","status":"publish","type":"product","link":"https:\/\/serviclean.be\/de\/produit\/brabantia-touch-bin-muelleimer-30l\/","title":{"rendered":"BRABANTIA Touch Bin M\u00fclleimer 30L"},"content":{"rendered":"<p>M\u00fclleimer mit schwarzem Touch-Deckel und Inneneimer aus Kunststoff.<\/p>\n<ul>\n<li><strong>Farbe:<\/strong> Edelstahl<\/li>\n<li><strong>Gr\u00f6\u00dfe: <\/strong>\u00d8 295 H 650 mm<\/li>\n<\/ul>\n","protected":false},"excerpt":{"rendered":"<p>Der <strong>Brabantia Touch Bin M\u00fclleimer 30 Liter<\/strong> mit Edelstahl-Finish ist f\u00fcr eine einfache Abfallentsorgung durch einfaches Dr\u00fccken konzipiert. Sein Deckel mit spezieller Scharnierung \u00f6ffnet und schlie\u00dft sich ger\u00e4uschlos und bietet ein angenehmes Nutzungserlebnis. Mit seiner gro\u00dfen \u00d6ffnung erm\u00f6glicht der Brabantia M\u00fclleimer ein einfaches Entsorgen von Abf\u00e4llen und Speiseresten. Sein herausnehmbarer Inneneimer aus Kunststoff ist f\u00fcr eine vereinfachte Reinigung abnehmbar, w\u00e4hrend Bel\u00fcftungsl\u00f6cher den Saugeffekt beim Entfernen der Beutel verhindern.   <\/p>\n<p><strong><span style=\"color: #008000;\">Art.-Nr.: 2150<\/span><\/strong><\/p>\n","protected":false},"featured_media":27589,"template":"","meta":[],"product_brand":[],"product_cat":[572],"product_tag":[],"class_list":{"0":"post-27587","1":"product","2":"type-product","3":"status-publish","4":"has-post-thumbnail","6":"product_cat-mulleimer","8":"first","9":"instock","10":"taxable","11":"shipping-taxable","12":"purchasable","13":"product-type-simple"},"acf":[],"_links":{"self":[{"href":"https:\/\/serviclean.be\/de\/wp-json\/wp\/v2\/product\/27587","targetHints":{"allow":["GET"]}}],"collection":[{"href":"https:\/\/serviclean.be\/de\/wp-json\/wp\/v2\/product"}],"about":[{"href":"https:\/\/serviclean.be\/de\/wp-json\/wp\/v2\/types\/product"}],"wp:featuredmedia":[{"embeddable":true,"href":"https:\/\/serviclean.be\/de\/wp-json\/wp\/v2\/media\/27589"}],"wp:attachment":[{"href":"https:\/\/serviclean.be\/de\/wp-json\/wp\/v2\/media?parent=27587"}],"wp:term":[{"taxonomy":"product_brand","embeddable":true,"href":"https:\/\/serviclean.be\/de\/wp-json\/wp\/v2\/product_brand?post=27587"},{"taxonomy":"product_cat","embeddable":true,"href":"https:\/\/serviclean.be\/de\/wp-json\/wp\/v2\/product_cat?post=27587"},{"taxonomy":"product_tag","embeddable":true,"href":"https:\/\/serviclean.be\/de\/wp-json\/wp\/v2\/product_tag?post=27587"}],"curies":[{"name":"wp","href":"https:\/\/api.w.org\/{rel}","templated":true}]}}