{"id":27578,"date":"2018-09-04T23:55:43","date_gmt":"2018-09-04T21:55:43","guid":{"rendered":"https:\/\/serviclean.be\/produit\/trapez-kletthalterung-60-cm\/"},"modified":"2018-09-04T23:55:43","modified_gmt":"2018-09-04T21:55:43","slug":"trapez-kletthalterung-60-cm","status":"publish","type":"product","link":"https:\/\/serviclean.be\/de\/produit\/trapez-kletthalterung-60-cm\/","title":{"rendered":"Trapez-Kletthalterung 60 cm"},"content":{"rendered":"<p>Halterung mit Samthakensystem und ovalen Befestigungspads. Trapez-Kletthalterung 60 cm.<br \/>\nFlachsystem mit Klettverschluss-Halterung, zur vorimpr\u00e4gnierten oder bedarfsgerechten Impr\u00e4gnierung mit integriertem Impr\u00e4gniersystem oder mit Tankstielen.<br \/>\nIdeal f\u00fcr die professionelle Hochleistungsreinigung <\/p>\n","protected":false},"excerpt":{"rendered":"<p>Trapez-Kletthalterung 60 cm. Flachsystem mit Halterung und Samthakensystem, zur vorimpr\u00e4gnierten oder bedarfsgerechten Impr\u00e4gnierung mit integriertem Impr\u00e4gniersystem oder mit Tankstielen. Ideal f\u00fcr die professionelle Hochleistungsreinigung.  <\/p>\n<p><span style=\"color: #008000;\">Art.-Nr.: 0153<\/span><\/p>\n","protected":false},"featured_media":27582,"template":"","meta":[],"product_brand":[],"product_cat":[600],"product_tag":[],"class_list":{"0":"post-27578","1":"product","2":"type-product","3":"status-publish","4":"has-post-thumbnail","6":"product_cat-kehren-entstauben","8":"first","9":"instock","10":"taxable","11":"shipping-taxable","12":"purchasable","13":"product-type-simple"},"acf":[],"_links":{"self":[{"href":"https:\/\/serviclean.be\/de\/wp-json\/wp\/v2\/product\/27578","targetHints":{"allow":["GET"]}}],"collection":[{"href":"https:\/\/serviclean.be\/de\/wp-json\/wp\/v2\/product"}],"about":[{"href":"https:\/\/serviclean.be\/de\/wp-json\/wp\/v2\/types\/product"}],"wp:featuredmedia":[{"embeddable":true,"href":"https:\/\/serviclean.be\/de\/wp-json\/wp\/v2\/media\/27582"}],"wp:attachment":[{"href":"https:\/\/serviclean.be\/de\/wp-json\/wp\/v2\/media?parent=27578"}],"wp:term":[{"taxonomy":"product_brand","embeddable":true,"href":"https:\/\/serviclean.be\/de\/wp-json\/wp\/v2\/product_brand?post=27578"},{"taxonomy":"product_cat","embeddable":true,"href":"https:\/\/serviclean.be\/de\/wp-json\/wp\/v2\/product_cat?post=27578"},{"taxonomy":"product_tag","embeddable":true,"href":"https:\/\/serviclean.be\/de\/wp-json\/wp\/v2\/product_tag?post=27578"}],"curies":[{"name":"wp","href":"https:\/\/api.w.org\/{rel}","templated":true}]}}