{"id":27553,"date":"2025-05-01T17:34:02","date_gmt":"2025-05-01T15:34:02","guid":{"rendered":"https:\/\/serviclean.be\/produit\/botanica-minze-und-rosa-grapefruit-236-ml\/"},"modified":"2025-05-01T17:34:02","modified_gmt":"2025-05-01T15:34:02","slug":"botanica-minze-und-rosa-grapefruit-236-ml","status":"publish","type":"product","link":"https:\/\/serviclean.be\/de\/produit\/botanica-minze-und-rosa-grapefruit-236-ml\/","title":{"rendered":"BOTANICA MINZE UND ROSA GRAPEFRUIT 236 ml"},"content":{"rendered":"<p>Das Botanica Spray Minze und Rosa Grapefruit 236 ml bietet eine nat\u00fcrliche, belebende Frische dank seines zarten Dufts, der die Frische der Minze mit der fruchtigen S\u00fc\u00dfe der rosa Grapefruit verbindet. Es wurde entwickelt, um unangenehme Ger\u00fcche zu neutralisieren, und verwandelt die Atmosph\u00e4re sofort in einen angenehmen, energiegeladenen Raum. Ideal f\u00fcr Zuhause, das B\u00fcro oder jeden Wohnbereich \u2013 dieses Spray vereint Wirksamkeit und nat\u00fcrliche Duftnoten f\u00fcr ein gesundes, angenehm duftendes Umfeld.  <\/p>\n","protected":false},"excerpt":{"rendered":"<p>Botanica Spray Minze &amp; Rosa Grapefruit 236 ml, frischer und fruchtiger Duft, neutralisiert unangenehme Ger\u00fcche.<\/p>\n<p><strong><span style=\"color: #008000;\">Ref.: 0052<\/span><\/strong><\/p>\n","protected":false},"featured_media":26103,"template":"","meta":[],"product_brand":[],"product_cat":[651],"product_tag":[],"class_list":{"0":"post-27553","1":"product","2":"type-product","3":"status-publish","4":"has-post-thumbnail","6":"product_cat-lufterfrischer","8":"first","9":"outofstock","10":"taxable","11":"shipping-taxable","12":"purchasable","13":"product-type-simple"},"acf":[],"_links":{"self":[{"href":"https:\/\/serviclean.be\/de\/wp-json\/wp\/v2\/product\/27553","targetHints":{"allow":["GET"]}}],"collection":[{"href":"https:\/\/serviclean.be\/de\/wp-json\/wp\/v2\/product"}],"about":[{"href":"https:\/\/serviclean.be\/de\/wp-json\/wp\/v2\/types\/product"}],"wp:featuredmedia":[{"embeddable":true,"href":"https:\/\/serviclean.be\/de\/wp-json\/wp\/v2\/media\/26103"}],"wp:attachment":[{"href":"https:\/\/serviclean.be\/de\/wp-json\/wp\/v2\/media?parent=27553"}],"wp:term":[{"taxonomy":"product_brand","embeddable":true,"href":"https:\/\/serviclean.be\/de\/wp-json\/wp\/v2\/product_brand?post=27553"},{"taxonomy":"product_cat","embeddable":true,"href":"https:\/\/serviclean.be\/de\/wp-json\/wp\/v2\/product_cat?post=27553"},{"taxonomy":"product_tag","embeddable":true,"href":"https:\/\/serviclean.be\/de\/wp-json\/wp\/v2\/product_tag?post=27553"}],"curies":[{"name":"wp","href":"https:\/\/api.w.org\/{rel}","templated":true}]}}