{"id":27539,"date":"2021-07-04T21:58:31","date_gmt":"2021-07-04T19:58:31","guid":{"rendered":"https:\/\/serviclean.be\/produit\/papierhandtuchspender-abs-eco-luxe-schwarz-weiss\/"},"modified":"2021-07-04T21:58:31","modified_gmt":"2021-07-04T19:58:31","slug":"papierhandtuchspender-abs-eco-luxe-schwarz-weiss","status":"publish","type":"product","link":"https:\/\/serviclean.be\/de\/produit\/papierhandtuchspender-abs-eco-luxe-schwarz-weiss\/","title":{"rendered":"Papierhandtuchspender ABS ECO-LUXE Schwarz\/Wei\u00df"},"content":{"rendered":"<p>Der Papierhandtuchspender ECO-LUXE aus hochwertigem wei\u00dfem ABS vereint gepflegtes Design mit optimaler Funktionalit\u00e4t. Seine elegante Verarbeitung mit verschiedenen Texturen bietet ein angenehmes visuelles und haptisches Erlebnis, ideal zur Aufwertung jedes \u00f6ffentlichen oder professionellen Bereichs. <\/p>\n<p>Praktisch ist er mit einem transparenten Sichtfenster ausgestattet, das eine einfache \u00dcberpr\u00fcfung des F\u00fcllstands erm\u00f6glicht und so einen schnellen Austausch erleichtert. Zur Sicherung des Inhalts ist dieser Spender mit einem Schloss mit Kunststoffschl\u00fcssel ausgestattet. <\/p>\n<p>Der ECO-LUXE Spender wurde entwickelt, um die Hygiene in \u00f6ffentlichen Bereichen zu verbessern, und vereint Qualit\u00e4t, Robustheit und \u00c4sthetik zu einem wettbewerbsf\u00e4higen Preis.<\/p>\n<p><strong>Technisches Datenblatt:<\/strong><\/p>\n<ul>\n<li>Produkt: Papierhandtuchspender ECO-LUXE<\/li>\n<li>Material: ABS wei\u00df und schwarz<\/li>\n<li>Farbe: Schwarz\/Wei\u00df<\/li>\n<li>Design: Gepflegte Verarbeitung mit verschiedenen Texturen, angenehm im Griff<\/li>\n<\/ul>\n<p><strong>Funktionen:<\/strong><\/p>\n<ul>\n<li>Transparentes Sichtfenster zur einfachen Kontrolle des Handtuchf\u00fcllstands<\/li>\n<li>Schloss mit Kunststoffschl\u00fcssel zur Sicherung des Innenraums<\/li>\n<li>Kapazit\u00e4t: Kompatibel mit Standard-Papierhandt\u00fcchern<\/li>\n<li>Montage: Wandmontage, Befestigung inklusive<\/li>\n<li>Anwendungen: B\u00fcros, Restaurants, Schulen, Einkaufszentren, \u00f6ffentliche Sanit\u00e4ranlagen<\/li>\n<\/ul>\n<p><strong>Vorteile<\/strong>:<\/p>\n<ul>\n<li>Modernes und elegantes Design<\/li>\n<li>Robustes und leicht zu reinigendes Material<\/li>\n<li>Erh\u00f6hte Sicherheit<\/li>\n<li>Erleichtert die Verwaltung der Verbrauchsmaterialien<\/li>\n<\/ul>\n","protected":false},"excerpt":{"rendered":"<p>Papierhandtuchspender ECO-LUXE ABS schwarz\/wei\u00df, gepflegtes Design, Sichtfenster, sichere Verriegelung. Ideal f\u00fcr \u00f6ffentliche und professionelle Bereiche. <\/p>\n<p><span style=\"color: #008000;\"><strong>Art.-Nr.: 11561, 0870<\/strong><\/span><\/p>\n<p>&nbsp;<\/p>\n","protected":false},"featured_media":27542,"template":"","meta":[],"product_brand":[],"product_cat":[585],"product_tag":[],"class_list":{"0":"post-27539","1":"product","2":"type-product","3":"status-publish","4":"has-post-thumbnail","6":"product_cat-handtuchspender","8":"first","9":"onbackorder","10":"taxable","11":"shipping-taxable","12":"purchasable","13":"product-type-variable"},"acf":[],"_links":{"self":[{"href":"https:\/\/serviclean.be\/de\/wp-json\/wp\/v2\/product\/27539","targetHints":{"allow":["GET"]}}],"collection":[{"href":"https:\/\/serviclean.be\/de\/wp-json\/wp\/v2\/product"}],"about":[{"href":"https:\/\/serviclean.be\/de\/wp-json\/wp\/v2\/types\/product"}],"wp:featuredmedia":[{"embeddable":true,"href":"https:\/\/serviclean.be\/de\/wp-json\/wp\/v2\/media\/27542"}],"wp:attachment":[{"href":"https:\/\/serviclean.be\/de\/wp-json\/wp\/v2\/media?parent=27539"}],"wp:term":[{"taxonomy":"product_brand","embeddable":true,"href":"https:\/\/serviclean.be\/de\/wp-json\/wp\/v2\/product_brand?post=27539"},{"taxonomy":"product_cat","embeddable":true,"href":"https:\/\/serviclean.be\/de\/wp-json\/wp\/v2\/product_cat?post=27539"},{"taxonomy":"product_tag","embeddable":true,"href":"https:\/\/serviclean.be\/de\/wp-json\/wp\/v2\/product_tag?post=27539"}],"curies":[{"name":"wp","href":"https:\/\/api.w.org\/{rel}","templated":true}]}}