{"id":27532,"date":"2025-05-01T16:34:35","date_gmt":"2025-05-01T14:34:35","guid":{"rendered":"https:\/\/serviclean.be\/produit\/ariel-pulver-300-g-mountain-spring\/"},"modified":"2025-05-01T16:34:35","modified_gmt":"2025-05-01T14:34:35","slug":"ariel-pulver-300-g-mountain-spring","status":"publish","type":"product","link":"https:\/\/serviclean.be\/de\/produit\/ariel-pulver-300-g-mountain-spring\/","title":{"rendered":"ARIEL PULVER 300 g MOUNTAIN SPRING"},"content":{"rendered":"<p>ARIEL Pulver Mountain Spring \u2013 300 g ist ein leistungsstarkes Waschpulver, das eine Tiefenreinigung bietet, selbst bei niedrigen Temperaturen. Dank seiner angereicherten Formel entfernt es effektiv hartn\u00e4ckige Flecken, belebt die Leuchtkraft der W\u00e4sche und hinterl\u00e4sst eine langanhaltende Frische mit dem Duft \u201eMountain Spring\u201c. <\/p>\n<p>Perfekt f\u00fcr wei\u00dfe und helle W\u00e4sche, wirkt dieses Pulver bereits bei niedrigen Temperaturen und schont dabei die Fasern. Ein kompaktes Format, ideal f\u00fcr kleine W\u00e4schen oder um die Ariel-Leistung zu testen. <\/p>\n","protected":false},"excerpt":{"rendered":"<p>Ariel Waschpulver 300 g Duft Mountain Spring. Entfernt Flecken und sorgt f\u00fcr langanhaltende Frische. Wirksam ab 30 \u00b0C.  <\/p>\n<p><span style=\"color: #008000;\"><strong>Art.-Nr.: 0075<\/strong><\/span><\/p>\n","protected":false},"featured_media":20504,"template":"","meta":[],"product_brand":[],"product_cat":[602],"product_tag":[],"class_list":{"0":"post-27532","1":"product","2":"type-product","3":"status-publish","4":"has-post-thumbnail","6":"product_cat-waschmittel-und-weichspuler","8":"first","9":"instock","10":"taxable","11":"shipping-taxable","12":"purchasable","13":"product-type-simple"},"acf":[],"_links":{"self":[{"href":"https:\/\/serviclean.be\/de\/wp-json\/wp\/v2\/product\/27532","targetHints":{"allow":["GET"]}}],"collection":[{"href":"https:\/\/serviclean.be\/de\/wp-json\/wp\/v2\/product"}],"about":[{"href":"https:\/\/serviclean.be\/de\/wp-json\/wp\/v2\/types\/product"}],"wp:featuredmedia":[{"embeddable":true,"href":"https:\/\/serviclean.be\/de\/wp-json\/wp\/v2\/media\/20504"}],"wp:attachment":[{"href":"https:\/\/serviclean.be\/de\/wp-json\/wp\/v2\/media?parent=27532"}],"wp:term":[{"taxonomy":"product_brand","embeddable":true,"href":"https:\/\/serviclean.be\/de\/wp-json\/wp\/v2\/product_brand?post=27532"},{"taxonomy":"product_cat","embeddable":true,"href":"https:\/\/serviclean.be\/de\/wp-json\/wp\/v2\/product_cat?post=27532"},{"taxonomy":"product_tag","embeddable":true,"href":"https:\/\/serviclean.be\/de\/wp-json\/wp\/v2\/product_tag?post=27532"}],"curies":[{"name":"wp","href":"https:\/\/api.w.org\/{rel}","templated":true}]}}