{"id":27531,"date":"2018-09-04T23:56:13","date_gmt":"2018-09-04T21:56:13","guid":{"rendered":"https:\/\/serviclean.be\/produit\/lebensmittel-bodenabzieher\/"},"modified":"2018-09-04T23:56:13","modified_gmt":"2018-09-04T21:56:13","slug":"lebensmittel-bodenabzieher","status":"publish","type":"product","link":"https:\/\/serviclean.be\/de\/produit\/lebensmittel-bodenabzieher\/","title":{"rendered":"Lebensmittel-Bodenabzieher"},"content":{"rendered":"<p>Der Lebensmittel-Bodenabzieher aus wei\u00dfem Schaumstoff stellt eine zugleich praktische und hygienische L\u00f6sung f\u00fcr Lebensmittelzubereitungsfl\u00e4chen dar. Speziell f\u00fcr K\u00fcchenumgebungen konzipiert, gew\u00e4hrleistet er einen wirksamen Schutz gegen Verunreinigungen und erleichtert gleichzeitig die Pflege. Seine Verwendung erm\u00f6glicht die Einhaltung hoher Sauberkeitsstandards, die im Lebensmittelbereich unerl\u00e4sslich sind. Der Lebensmittel-Bodenabzieher erweist sich somit als kluge Wahl, um ein sicheres und gesundes Arbeitsumfeld zu garantieren.   <\/p>\n","protected":false},"excerpt":{"rendered":"<p>Abzieher f\u00fcr Bodenreinigung<strong data-start=\"134\" data-end=\"191\"> \u2013 <\/strong>K\u00fcchen &amp; Lebensmittelindustrie<br data-start=\"191\" data-end=\"194\"><em data-start=\"194\" data-end=\"210\">HACCP-konform<\/em><\/p>\n<p><strong><span style=\"color: #008000;\">Ref: 2193, 2194, 2192, 2191, 2196, 2195<\/span><\/strong><\/p>\n","protected":false},"featured_media":27535,"template":"","meta":[],"product_brand":[],"product_cat":[594],"product_tag":[],"class_list":{"0":"post-27531","1":"product","2":"type-product","3":"status-publish","4":"has-post-thumbnail","6":"product_cat-bursten-und-abzieher","8":"first","9":"instock","10":"taxable","11":"shipping-taxable","12":"purchasable","13":"product-type-variable"},"acf":[],"_links":{"self":[{"href":"https:\/\/serviclean.be\/de\/wp-json\/wp\/v2\/product\/27531","targetHints":{"allow":["GET"]}}],"collection":[{"href":"https:\/\/serviclean.be\/de\/wp-json\/wp\/v2\/product"}],"about":[{"href":"https:\/\/serviclean.be\/de\/wp-json\/wp\/v2\/types\/product"}],"wp:featuredmedia":[{"embeddable":true,"href":"https:\/\/serviclean.be\/de\/wp-json\/wp\/v2\/media\/27535"}],"wp:attachment":[{"href":"https:\/\/serviclean.be\/de\/wp-json\/wp\/v2\/media?parent=27531"}],"wp:term":[{"taxonomy":"product_brand","embeddable":true,"href":"https:\/\/serviclean.be\/de\/wp-json\/wp\/v2\/product_brand?post=27531"},{"taxonomy":"product_cat","embeddable":true,"href":"https:\/\/serviclean.be\/de\/wp-json\/wp\/v2\/product_cat?post=27531"},{"taxonomy":"product_tag","embeddable":true,"href":"https:\/\/serviclean.be\/de\/wp-json\/wp\/v2\/product_tag?post=27531"}],"curies":[{"name":"wp","href":"https:\/\/api.w.org\/{rel}","templated":true}]}}