{"id":27528,"date":"2025-05-01T17:14:31","date_gmt":"2025-05-01T15:14:31","guid":{"rendered":"https:\/\/serviclean.be\/produit\/ariel-pods-allin-1-15-stk-3345-g\/"},"modified":"2025-05-01T17:14:31","modified_gmt":"2025-05-01T15:14:31","slug":"ariel-pods-allin-1-15-stk-3345-g","status":"publish","type":"product","link":"https:\/\/serviclean.be\/de\/produit\/ariel-pods-allin-1-15-stk-3345-g\/","title":{"rendered":"ARIEL PODS ALLIN 1 \u2013 15 Stk.\/334,5 g"},"content":{"rendered":"<p>ARIEL PODS All-in-1 \u2013 15 Kapseln (334,5 g) ist ein ultra-praktisches Waschmittel in Pods, entwickelt f\u00fcr eine vollst\u00e4ndige und kraftvolle W\u00e4schepflege, selbst bei niedrigen Temperaturen. Dank der Mehrkammer-Technologie setzt jede Kapsel ihre Wirkstoffe zum richtigen Zeitpunkt frei, um: <\/p>\n<ul>\n<li>Hartn\u00e4ckige Flecken zu entfernen<\/li>\n<li>Die Leuchtkraft der Farben aufzufrischen<\/li>\n<li>Die Fasern zu schonen<\/li>\n<li>Lang anhaltende Frische zu bieten<\/li>\n<\/ul>\n<p>Vordosiert, um jede Verschwendung zu vermeiden, sind diese Kapseln einfach in der Anwendung: Legen Sie einfach eine in die Trommel, bevor Sie die W\u00e4sche hinzuf\u00fcgen. Wirksam ab 30 \u00b0C, geeignet f\u00fcr wei\u00dfe und bunte W\u00e4sche. <\/p>\n","protected":false},"excerpt":{"rendered":"<p>Die Ariel All-in-1 Kapseln wurden entwickelt, um eine optimale Reinigung und eine \u00fcberlegene Waschleistung zu bieten. Diese innovativen Pods vereinen mehrere Wirkungen in einem einzigen Produkt, um Ihr Wascherlebnis zu vereinfachen. <\/p>\n<p><strong><span style=\"color: #008000;\">Ref.: 0076<\/span><\/strong><\/p>\n","protected":false},"featured_media":20512,"template":"","meta":[],"product_brand":[],"product_cat":[602],"product_tag":[],"class_list":{"0":"post-27528","1":"product","2":"type-product","3":"status-publish","4":"has-post-thumbnail","6":"product_cat-waschmittel-und-weichspuler","8":"first","9":"instock","10":"taxable","11":"shipping-taxable","12":"purchasable","13":"product-type-simple"},"acf":[],"_links":{"self":[{"href":"https:\/\/serviclean.be\/de\/wp-json\/wp\/v2\/product\/27528","targetHints":{"allow":["GET"]}}],"collection":[{"href":"https:\/\/serviclean.be\/de\/wp-json\/wp\/v2\/product"}],"about":[{"href":"https:\/\/serviclean.be\/de\/wp-json\/wp\/v2\/types\/product"}],"wp:featuredmedia":[{"embeddable":true,"href":"https:\/\/serviclean.be\/de\/wp-json\/wp\/v2\/media\/20512"}],"wp:attachment":[{"href":"https:\/\/serviclean.be\/de\/wp-json\/wp\/v2\/media?parent=27528"}],"wp:term":[{"taxonomy":"product_brand","embeddable":true,"href":"https:\/\/serviclean.be\/de\/wp-json\/wp\/v2\/product_brand?post=27528"},{"taxonomy":"product_cat","embeddable":true,"href":"https:\/\/serviclean.be\/de\/wp-json\/wp\/v2\/product_cat?post=27528"},{"taxonomy":"product_tag","embeddable":true,"href":"https:\/\/serviclean.be\/de\/wp-json\/wp\/v2\/product_tag?post=27528"}],"curies":[{"name":"wp","href":"https:\/\/api.w.org\/{rel}","templated":true}]}}