{"id":27518,"date":"2020-09-01T16:55:39","date_gmt":"2020-09-01T14:55:39","guid":{"rendered":"https:\/\/serviclean.be\/produit\/einwascher-ergotec-nj350-ninja-35-45-75-cm\/"},"modified":"2020-09-01T16:55:39","modified_gmt":"2020-09-01T14:55:39","slug":"einwascher-ergotec-nj350-ninja-35-45-75-cm","status":"publish","type":"product","link":"https:\/\/serviclean.be\/de\/produit\/einwascher-ergotec-nj350-ninja-35-45-75-cm\/","title":{"rendered":"Einwascher Ergotec NJ350 Ninja 35\/45\/75 cm"},"content":{"rendered":"<p>Der Einwascher Ergotec NJ350 ist ein unverzichtbares Werkzeug f\u00fcr die effiziente Reinigung von Glasfl\u00e4chen. Ausgestattet mit zwei Scheuerpads garantiert er dank seines Klettverschlusses, der einen schnellen und einfachen Austausch der Pads erm\u00f6glicht, eine gr\u00fcndliche Reinigung. Zudem sind diese bis zu 500 Mal maschinenwaschbar, was eine erhebliche Langlebigkeit und Wirtschaftlichkeit gew\u00e4hrleistet. Dieses Ger\u00e4t wurde entwickelt, um den Anforderungen von Reinigungsprofis gerecht zu werden, und vereint Leistung mit Praktikabilit\u00e4t.   <\/p>\n","protected":false},"excerpt":{"rendered":"<p>Der Einwascher Ergotec NJ350 Ninja, erh\u00e4ltlich in den Gr\u00f6\u00dfen 35, 45 und 75 cm, bietet dank seines innovativen Designs eine optimale Reinigungskraft. Er besteht aus einer Mischung aus hochabsorbierenden Langfasern, kombiniert mit Schrubb- und Mikrofasern, was eine effektive und streifenfreie Reinigung garantiert. Dieser Einwascher ist ideal f\u00fcr den professionellen Einsatz und sorgt f\u00fcr makellose Ergebnisse auf allen Glasfl\u00e4chen. Setzen Sie auf den Einwascher Ergotec f\u00fcr dauerhafte Sauberkeit und vereinfachte Pflege.   <\/p>\n<p><span style=\"color: #008000;\"><strong>Art.-Nr.: 1499, 0083, 1502<\/strong><\/span><\/p>\n","protected":false},"featured_media":27522,"template":"","meta":[],"product_brand":[],"product_cat":[576],"product_tag":[],"class_list":{"0":"post-27518","1":"product","2":"type-product","3":"status-publish","4":"has-post-thumbnail","6":"product_cat-fensterreinigungszubehor","8":"first","9":"instock","10":"taxable","11":"shipping-taxable","12":"purchasable","13":"product-type-variable"},"acf":[],"_links":{"self":[{"href":"https:\/\/serviclean.be\/de\/wp-json\/wp\/v2\/product\/27518","targetHints":{"allow":["GET"]}}],"collection":[{"href":"https:\/\/serviclean.be\/de\/wp-json\/wp\/v2\/product"}],"about":[{"href":"https:\/\/serviclean.be\/de\/wp-json\/wp\/v2\/types\/product"}],"wp:featuredmedia":[{"embeddable":true,"href":"https:\/\/serviclean.be\/de\/wp-json\/wp\/v2\/media\/27522"}],"wp:attachment":[{"href":"https:\/\/serviclean.be\/de\/wp-json\/wp\/v2\/media?parent=27518"}],"wp:term":[{"taxonomy":"product_brand","embeddable":true,"href":"https:\/\/serviclean.be\/de\/wp-json\/wp\/v2\/product_brand?post=27518"},{"taxonomy":"product_cat","embeddable":true,"href":"https:\/\/serviclean.be\/de\/wp-json\/wp\/v2\/product_cat?post=27518"},{"taxonomy":"product_tag","embeddable":true,"href":"https:\/\/serviclean.be\/de\/wp-json\/wp\/v2\/product_tag?post=27518"}],"curies":[{"name":"wp","href":"https:\/\/api.w.org\/{rel}","templated":true}]}}