{"id":27472,"date":"2020-08-25T01:28:39","date_gmt":"2020-08-24T23:28:39","guid":{"rendered":"https:\/\/serviclean.be\/produit\/lebensmittel-scheuerbuerste-blau-30-cm-40-cm\/"},"modified":"2020-08-25T01:28:39","modified_gmt":"2020-08-24T23:28:39","slug":"lebensmittel-scheuerbuerste-blau-30-cm-40-cm","status":"publish","type":"product","link":"https:\/\/serviclean.be\/de\/produit\/lebensmittel-scheuerbuerste-blau-30-cm-40-cm\/","title":{"rendered":"Lebensmittel-Scheuerb\u00fcrste Blau &#8211; 30 cm\/40 cm"},"content":{"rendered":"<p>Die Lebensmittel-Scheuerb\u00fcrste wurde speziell f\u00fcr die strengen Anforderungen in der Lebensmittelindustrie entwickelt. Sie erm\u00f6glicht die effiziente Entfernung von R\u00fcckst\u00e4nden und Verschmutzungen auf Oberfl\u00e4chen, Ger\u00e4ten und Arbeitsplatten und garantiert gleichzeitig ein hohes Hygieneniveau. <\/p>\n<p>Diese in Gr\u00fcn oder Blau erh\u00e4ltliche B\u00fcrste f\u00fcgt sich perfekt in ein Farbcodierungssystem ein und reduziert so das Risiko von Kreuzkontaminationen. Sie wird in zwei L\u00e4ngen, 30 cm und 40 cm, angeboten, um sich an verschiedene Reinigungsbereiche anzupassen und eine komfortable Handhabung zu bieten. <\/p>\n<p>Robust und langlebig eignet sich diese B\u00fcrste f\u00fcr den intensiven Einsatz in Gro\u00dfk\u00fcchen, der Lebensmittelindustrie, Gemeinschaftseinrichtungen und HORECA-Betrieben. Sie ist ein unverzichtbares Werkzeug f\u00fcr eine effiziente, sichere und hygienekonforme Reinigung. <\/p>\n","protected":false},"excerpt":{"rendered":"<p><span style=\"color: #282828;\">Die Lebensmittel-Scheuerb\u00fcrste ist f\u00fcr die effiziente Reinigung von Oberfl\u00e4chen im Lebensmittelbereich konzipiert. Erh\u00e4ltlich in Blau sowie in 30 cm oder 40 cm, erm\u00f6glicht sie eine kraftvolle Reinigung unter Einhaltung der Hygienestandards. <\/span><strong><span style=\"color: #008000;\"><br \/>\nRef: 9719, 9718<\/span><\/strong><\/p>\n","protected":false},"featured_media":27475,"template":"","meta":[],"product_brand":[],"product_cat":[594],"product_tag":[],"class_list":{"0":"post-27472","1":"product","2":"type-product","3":"status-publish","4":"has-post-thumbnail","6":"product_cat-bursten-und-abzieher","8":"first","9":"instock","10":"taxable","11":"shipping-taxable","12":"purchasable","13":"product-type-variable"},"acf":[],"_links":{"self":[{"href":"https:\/\/serviclean.be\/de\/wp-json\/wp\/v2\/product\/27472","targetHints":{"allow":["GET"]}}],"collection":[{"href":"https:\/\/serviclean.be\/de\/wp-json\/wp\/v2\/product"}],"about":[{"href":"https:\/\/serviclean.be\/de\/wp-json\/wp\/v2\/types\/product"}],"wp:featuredmedia":[{"embeddable":true,"href":"https:\/\/serviclean.be\/de\/wp-json\/wp\/v2\/media\/27475"}],"wp:attachment":[{"href":"https:\/\/serviclean.be\/de\/wp-json\/wp\/v2\/media?parent=27472"}],"wp:term":[{"taxonomy":"product_brand","embeddable":true,"href":"https:\/\/serviclean.be\/de\/wp-json\/wp\/v2\/product_brand?post=27472"},{"taxonomy":"product_cat","embeddable":true,"href":"https:\/\/serviclean.be\/de\/wp-json\/wp\/v2\/product_cat?post=27472"},{"taxonomy":"product_tag","embeddable":true,"href":"https:\/\/serviclean.be\/de\/wp-json\/wp\/v2\/product_tag?post=27472"}],"curies":[{"name":"wp","href":"https:\/\/api.w.org\/{rel}","templated":true}]}}