{"id":27455,"date":"2020-08-25T01:50:18","date_gmt":"2020-08-24T23:50:18","guid":{"rendered":"https:\/\/serviclean.be\/produit\/glasfaserstiel-140-cm\/"},"modified":"2020-08-25T01:50:18","modified_gmt":"2020-08-24T23:50:18","slug":"glasfaserstiel-140-cm","status":"publish","type":"product","link":"https:\/\/serviclean.be\/de\/produit\/glasfaserstiel-140-cm\/","title":{"rendered":"Glasfaserstiel 140 cm"},"content":{"rendered":"<p class=\"ng-scope\">Glasfaserstiel gem\u00e4\u00df HACCP-Norm.<br \/>\nDer Stiel ist f\u00fcr einwandfreie Hygiene konzipiert. Die Glasfaser verleiht dem Stiel eine sehr hohe Widerstandsf\u00e4higkeit und macht ihn sehr leicht. <\/p>\n<p class=\"ng-scope\">L\u00e4nge: 140 cm<br \/>\nDurchmesser: 2,3 cm<\/p>\n","protected":false},"excerpt":{"rendered":"<p>Der Glasfaserstiel 140 cm ist f\u00fcr die Einhaltung der HACCP-Normen konzipiert und gew\u00e4hrleistet somit eine sichere und konforme Verwendung in Lebensmittelumgebungen. Mit einem Durchmesser von 23 mm bietet dieser Stiel einen komfortablen Griff und eine ausgezeichnete Widerstandsf\u00e4higkeit. Seine Fertigung aus Glasfaser sorgt f\u00fcr Leichtigkeit und Langlebigkeit und macht dieses Werkzeug ideal f\u00fcr den t\u00e4glichen Gebrauch. Entscheiden Sie sich f\u00fcr den Glasfaserstiel 140 cm, um Leistung und Sicherheit bei Ihren Aufgaben zu vereinen.   <\/p>\n<p><span style=\"color: #008000;\"><strong>REF: 2180,0256<\/strong><\/span><\/p>\n","protected":false},"featured_media":27460,"template":"","meta":[],"product_brand":[],"product_cat":[594],"product_tag":[],"class_list":{"0":"post-27455","1":"product","2":"type-product","3":"status-publish","4":"has-post-thumbnail","6":"product_cat-bursten-und-abzieher","8":"first","9":"instock","10":"taxable","11":"shipping-taxable","12":"purchasable","13":"product-type-variable"},"acf":[],"_links":{"self":[{"href":"https:\/\/serviclean.be\/de\/wp-json\/wp\/v2\/product\/27455","targetHints":{"allow":["GET"]}}],"collection":[{"href":"https:\/\/serviclean.be\/de\/wp-json\/wp\/v2\/product"}],"about":[{"href":"https:\/\/serviclean.be\/de\/wp-json\/wp\/v2\/types\/product"}],"wp:featuredmedia":[{"embeddable":true,"href":"https:\/\/serviclean.be\/de\/wp-json\/wp\/v2\/media\/27460"}],"wp:attachment":[{"href":"https:\/\/serviclean.be\/de\/wp-json\/wp\/v2\/media?parent=27455"}],"wp:term":[{"taxonomy":"product_brand","embeddable":true,"href":"https:\/\/serviclean.be\/de\/wp-json\/wp\/v2\/product_brand?post=27455"},{"taxonomy":"product_cat","embeddable":true,"href":"https:\/\/serviclean.be\/de\/wp-json\/wp\/v2\/product_cat?post=27455"},{"taxonomy":"product_tag","embeddable":true,"href":"https:\/\/serviclean.be\/de\/wp-json\/wp\/v2\/product_tag?post=27455"}],"curies":[{"name":"wp","href":"https:\/\/api.w.org\/{rel}","templated":true}]}}