{"id":27445,"date":"2021-05-18T20:45:30","date_gmt":"2021-05-18T18:45:30","guid":{"rendered":"https:\/\/serviclean.be\/produit\/saeurebestaendiger-handschuh\/"},"modified":"2021-05-18T20:45:30","modified_gmt":"2021-05-18T18:45:30","slug":"saeurebestaendiger-handschuh","status":"publish","type":"product","link":"https:\/\/serviclean.be\/de\/produit\/saeurebestaendiger-handschuh\/","title":{"rendered":"S\u00e4urebest\u00e4ndiger Handschuh"},"content":{"rendered":"","protected":false},"excerpt":{"rendered":"<p>Neoprenhandschuhe sind perfekt f\u00fcr Arbeiten unter feuchten und kalten Arbeitsbedingungen. Sie behalten eine ausgezeichnete Elastizit\u00e4t und bieten eine gute mechanische und chemische Best\u00e4ndigkeit.<\/p>\n","protected":false},"featured_media":27447,"template":"","meta":[],"product_brand":[],"product_cat":[643],"product_tag":[],"class_list":{"0":"post-27445","1":"product","2":"type-product","3":"status-publish","4":"has-post-thumbnail","6":"product_cat-handschuhe","8":"first","9":"instock","10":"taxable","11":"shipping-taxable","12":"purchasable","13":"product-type-variable"},"acf":[],"_links":{"self":[{"href":"https:\/\/serviclean.be\/de\/wp-json\/wp\/v2\/product\/27445","targetHints":{"allow":["GET"]}}],"collection":[{"href":"https:\/\/serviclean.be\/de\/wp-json\/wp\/v2\/product"}],"about":[{"href":"https:\/\/serviclean.be\/de\/wp-json\/wp\/v2\/types\/product"}],"wp:featuredmedia":[{"embeddable":true,"href":"https:\/\/serviclean.be\/de\/wp-json\/wp\/v2\/media\/27447"}],"wp:attachment":[{"href":"https:\/\/serviclean.be\/de\/wp-json\/wp\/v2\/media?parent=27445"}],"wp:term":[{"taxonomy":"product_brand","embeddable":true,"href":"https:\/\/serviclean.be\/de\/wp-json\/wp\/v2\/product_brand?post=27445"},{"taxonomy":"product_cat","embeddable":true,"href":"https:\/\/serviclean.be\/de\/wp-json\/wp\/v2\/product_cat?post=27445"},{"taxonomy":"product_tag","embeddable":true,"href":"https:\/\/serviclean.be\/de\/wp-json\/wp\/v2\/product_tag?post=27445"}],"curies":[{"name":"wp","href":"https:\/\/api.w.org\/{rel}","templated":true}]}}