{"id":27444,"date":"2021-05-12T02:23:35","date_gmt":"2021-05-12T00:23:35","guid":{"rendered":"https:\/\/serviclean.be\/produit\/reinigungswagen-green-0-ohne-presse-deckel-behaelter\/"},"modified":"2021-05-12T02:23:35","modified_gmt":"2021-05-12T00:23:35","slug":"reinigungswagen-green-0-ohne-presse-deckel-behaelter","status":"publish","type":"product","link":"https:\/\/serviclean.be\/de\/produit\/reinigungswagen-green-0-ohne-presse-deckel-behaelter\/","title":{"rendered":"Reinigungswagen Green 0 &#8211; OHNE PRESSE\/DECKEL\/BEH\u00c4LTER"},"content":{"rendered":"<p><strong>Der Reinigungswagen Green 0<\/strong> ist ein kompaktes Wartungsmodell, das mit einem kleinen Grundgestell ausgestattet ist, welches 100-mm-R\u00e4der und mit Rilsan behandelte Metallstreben aufweist. Es handelt sich um einen vielseitigen Wagen aus Polypropylen und Metall, der mithilfe verschiedener Zubeh\u00f6rteile konfiguriert werden kann, um sich an jede Art von Reinigungsarbeiten anzupassen. Seine praktische Bauweise macht ihn ideal f\u00fcr den Transport des f\u00fcr Wartung und Instandhaltung erforderlichen Materials.  <\/p>\n<p>Das Green Box System legt besonderen Wert auf Umweltfreundlichkeit. Alle verwendeten Kunststoffkomponenten werden aus zertifiziertem Recyclingkunststoff PSV \u2013 Plastique Seconde Vie hergestellt. Dar\u00fcber hinaus enth\u00e4lt jeder Eimer des Wagens Elemente aus recycelten Materialien. Der Carbon Footprint Systematic Approach erm\u00f6glicht die Berechnung der Treibhausgasemissionen \u00fcber den gesamten Produktlebenszyklus hinweg mithilfe einer vom ICMQ zertifizierten Software, die vollst\u00e4ndige Transparenz \u00fcber die Umweltauswirkungen gew\u00e4hrleistet.   <\/p>\n<p>Die <strong>Bewertung des CO\u2082-Fu\u00dfabdrucks<\/strong> (CFP) tr\u00e4gt zu einer bewussten und verantwortungsvollen Kaufentscheidung bei, indem sie einen klaren \u00dcberblick \u00fcber die Umweltauswirkungen des Produkts bietet. Umweltfreundlich und nachhaltig besteht der Reinigungswagen Green 0 aus robusten und vollst\u00e4ndig recycelbaren Materialien, insbesondere Polypropylen und behandeltem Edelstahl. Optional kann er je nach den spezifischen Anforderungen des Benutzers mit einem Sack und einem Deckel ausgestattet werden.  <\/p>\n<p>Der Green 0 bietet zahlreiche funktionale Vorteile: Seine Robustheit resultiert aus Polypropylen, das <strong>von Natur aus rostfrei und sto\u00dffest ist<\/strong>; seine modulare Bauweise erm\u00f6glicht eine einfache Anpassung durch austauschbare Komponenten und Zubeh\u00f6rteile. Die Wartung wird durch glatte Oberfl\u00e4chen ohne Hohlr\u00e4ume vereinfacht, was ein hohes Ma\u00df an Hygiene gew\u00e4hrleistet. Schlie\u00dflich erm\u00f6glichen zwei Plaketten am Grundgestell die Personalisierung des Wagens mit dem Logo des Reinigungsunternehmens und vereinen so \u00c4sthetik, <strong>Leistung und Langlebigkeit<\/strong>.  <\/p>\n","protected":false},"excerpt":{"rendered":"<p>Mehrzweck-Reinigungswagen Green 0 ohne Presse, ohne Sack und ohne modularen Deckel, erneuert in Design und Farben, empfohlen zum Einsammeln von Abf\u00e4llen und zur Reinigung mittelgro\u00dfer und gro\u00dfer R\u00e4umlichkeiten. Seine Struktur besteht aus Rilsan\u00ae.<br \/>\n<strong><span style=\"color: #008000;\">Art.-Nr.: 0478<\/span><\/strong><\/p>\n","protected":false},"featured_media":27452,"template":"","meta":[],"product_brand":[],"product_cat":[606],"product_tag":[],"class_list":{"0":"post-27444","1":"product","2":"type-product","3":"status-publish","4":"has-post-thumbnail","6":"product_cat-reinigungswagen-staubsauger","8":"first","9":"instock","10":"taxable","11":"shipping-taxable","12":"purchasable","13":"product-type-simple"},"acf":[],"_links":{"self":[{"href":"https:\/\/serviclean.be\/de\/wp-json\/wp\/v2\/product\/27444","targetHints":{"allow":["GET"]}}],"collection":[{"href":"https:\/\/serviclean.be\/de\/wp-json\/wp\/v2\/product"}],"about":[{"href":"https:\/\/serviclean.be\/de\/wp-json\/wp\/v2\/types\/product"}],"wp:featuredmedia":[{"embeddable":true,"href":"https:\/\/serviclean.be\/de\/wp-json\/wp\/v2\/media\/27452"}],"wp:attachment":[{"href":"https:\/\/serviclean.be\/de\/wp-json\/wp\/v2\/media?parent=27444"}],"wp:term":[{"taxonomy":"product_brand","embeddable":true,"href":"https:\/\/serviclean.be\/de\/wp-json\/wp\/v2\/product_brand?post=27444"},{"taxonomy":"product_cat","embeddable":true,"href":"https:\/\/serviclean.be\/de\/wp-json\/wp\/v2\/product_cat?post=27444"},{"taxonomy":"product_tag","embeddable":true,"href":"https:\/\/serviclean.be\/de\/wp-json\/wp\/v2\/product_tag?post=27444"}],"curies":[{"name":"wp","href":"https:\/\/api.w.org\/{rel}","templated":true}]}}