{"id":27434,"date":"2021-05-12T02:06:48","date_gmt":"2021-05-12T00:06:48","guid":{"rendered":"https:\/\/serviclean.be\/produit\/deodorierendes-urinalsieb-anti-verstopfung\/"},"modified":"2021-05-12T02:06:48","modified_gmt":"2021-05-12T00:06:48","slug":"deodorierendes-urinalsieb-anti-verstopfung","status":"publish","type":"product","link":"https:\/\/serviclean.be\/de\/produit\/deodorierendes-urinalsieb-anti-verstopfung\/","title":{"rendered":"Deodorierendes Urinalsieb \u2013 Anti-Verstopfung"},"content":{"rendered":"<p>Das Urinalsieb ist die praktische und hygienische L\u00f6sung, um Ihre Sanit\u00e4ranlagen sauber und geruchsfrei zu halten.<br \/>\nAls effektive Barriere gegen Schmutz und Verstopfungen konzipiert, verhindert es Ablagerungen und gibt gleichzeitig ein integriertes Deodorant ab, das das Urinal l\u00e4nger frisch h\u00e4lt.<\/p>\n<p>Ideal f\u00fcr stark frequentierte Sanit\u00e4ranlagen (B\u00fcros, Schulen, Restaurants, Hotels, Gesch\u00e4fte, \u00f6ffentliche Einrichtungen) tr\u00e4gt dieses Sieb dazu bei, den Wartungsaufwand zu reduzieren und die allgemeine Hygiene der R\u00e4umlichkeiten zu verbessern.<\/p>\n<p><strong>Technische Daten:<\/strong><\/p>\n<ul>\n<li>Produktname: Deodorierendes Urinalsieb<\/li>\n<li>Typ: Hygiene- und Desodorierungszubeh\u00f6r<\/li>\n<\/ul>\n<p><strong>Eigenschaften:<\/strong><\/p>\n<ul>\n<li>Sch\u00fctzt vor Schmutz und Verstopfungen<\/li>\n<li>Integriertes Deodorant, langanhaltende Frische<\/li>\n<li>Einfache und effektive Anwendung<\/li>\n<\/ul>\n<p><strong>Verpackung:<\/strong><\/p>\n<ul>\n<li>Einzeln im Beutel verpackt<\/li>\n<li>50 St\u00fcck pro Beutel<\/li>\n<li>300 St\u00fcck pro Karton<\/li>\n<\/ul>\n<p><strong>Anwendungsbereiche:<\/strong><\/p>\n<ul>\n<li>B\u00fcros und Unternehmen<\/li>\n<li>Schulen und \u00f6ffentliche Einrichtungen<\/li>\n<li>Restaurants, Caf\u00e9s, Hotels<\/li>\n<li>\u00d6ffentliche Bereiche und professionelle Sanit\u00e4ranlagen<\/li>\n<\/ul>\n<p><strong>Gebrauchsanweisung:<\/strong><\/p>\n<ul>\n<li>Legen Sie ein Sieb direkt in das saubere und trockene Urinal.<\/li>\n<li>Regelm\u00e4\u00dfig je nach Nutzungsh\u00e4ufigkeit austauschen, um Wirksamkeit und Frische zu erhalten.<\/li>\n<\/ul>\n","protected":false},"excerpt":{"rendered":"<p>Deodorierendes Urinalsieb. Barriere gegen Schmutz und Verstopfungen, mit integriertem Duft f\u00fcr frische Sanit\u00e4ranlagen. Einzeln verpackt.  <\/p>\n<p><strong><span style=\"color: #008000;\">Art.-Nr.: 1460<\/span><\/strong><\/p>\n","protected":false},"featured_media":27440,"template":"","meta":[],"product_brand":[],"product_cat":[614],"product_tag":[],"class_list":{"0":"post-27434","1":"product","2":"type-product","3":"status-publish","4":"has-post-thumbnail","6":"product_cat-sanitarprodukte","8":"first","9":"instock","10":"taxable","11":"shipping-taxable","12":"purchasable","13":"product-type-simple"},"acf":[],"_links":{"self":[{"href":"https:\/\/serviclean.be\/de\/wp-json\/wp\/v2\/product\/27434","targetHints":{"allow":["GET"]}}],"collection":[{"href":"https:\/\/serviclean.be\/de\/wp-json\/wp\/v2\/product"}],"about":[{"href":"https:\/\/serviclean.be\/de\/wp-json\/wp\/v2\/types\/product"}],"wp:featuredmedia":[{"embeddable":true,"href":"https:\/\/serviclean.be\/de\/wp-json\/wp\/v2\/media\/27440"}],"wp:attachment":[{"href":"https:\/\/serviclean.be\/de\/wp-json\/wp\/v2\/media?parent=27434"}],"wp:term":[{"taxonomy":"product_brand","embeddable":true,"href":"https:\/\/serviclean.be\/de\/wp-json\/wp\/v2\/product_brand?post=27434"},{"taxonomy":"product_cat","embeddable":true,"href":"https:\/\/serviclean.be\/de\/wp-json\/wp\/v2\/product_cat?post=27434"},{"taxonomy":"product_tag","embeddable":true,"href":"https:\/\/serviclean.be\/de\/wp-json\/wp\/v2\/product_tag?post=27434"}],"curies":[{"name":"wp","href":"https:\/\/api.w.org\/{rel}","templated":true}]}}