{"id":27417,"date":"2021-05-19T21:18:13","date_gmt":"2021-05-19T19:18:13","guid":{"rendered":"https:\/\/serviclean.be\/produit\/polbio-odor-control-enzybloc-biotechnologischer-geruchskontroll-block\/"},"modified":"2021-05-19T21:18:13","modified_gmt":"2021-05-19T19:18:13","slug":"polbio-odor-control-enzybloc-biotechnologischer-geruchskontroll-block","status":"publish","type":"product","link":"https:\/\/serviclean.be\/de\/produit\/polbio-odor-control-enzybloc-biotechnologischer-geruchskontroll-block\/","title":{"rendered":"PolBio Odor Control Enzybloc \u2013 Biotechnologischer Geruchskontroll-Block"},"content":{"rendered":"<p>PolBio Odor Control Enzybloc ist eine innovative biotechnologische L\u00f6sung f\u00fcr die Pflege und Hygiene von Sanit\u00e4ranlagen. Seine Wirkung basiert auf einem doppelten Mechanismus: <\/p>\n<ul>\n<li>Ein anhaltender Minzduft, der sofortige Frische bringt.<\/li>\n<li>N\u00fctzliche Bakterien, die direkt an der Geruchsquelle ansetzen und Kalkablagerungen abbauen.<\/li>\n<\/ul>\n<p>Kraftvoll und langanhaltend wirkt Enzybloc als Reiniger, Geruchsvernichter und Entkalker in Urinalen, Duschabl\u00e4ufen, WC-Sp\u00fclk\u00e4sten, Kl\u00e4rgruben und Abw\u00e4ssern.<\/p>\n<p>Umweltfreundlich und wirksam selbst in stark frequentierten Anlagen verbessert es die Hygiene und reduziert gleichzeitig den Reinigungsaufwand.<\/p>\n<p><strong>Technische Daten:<\/strong><\/p>\n<ul>\n<li>Produktname: PolBio Odor Control Enzybloc<\/li>\n<li>Typ: Biotechnologischer Desodorierungs- &amp; Entkalkungsblock<\/li>\n<li>Duft: Frische Minze<\/li>\n<\/ul>\n<p><strong>Eigenschaften:<\/strong><\/p>\n<ul>\n<li>Neutralisiert und vernichtet schlechte Ger\u00fcche an der Quelle<\/li>\n<li>Wirksamer Entkalker gegen Kalkablagerungen<\/li>\n<li>N\u00fctzliche bakterielle Wirkung auf Kl\u00e4rgruben und Abw\u00e4sser<\/li>\n<li>Langanhaltender Dufteffekt<\/li>\n<\/ul>\n<p><strong>Anwendungen:<\/strong><\/p>\n<ul>\n<li>Urinale und WCs<\/li>\n<li>Duschabl\u00e4ufe und Rohrleitungen<\/li>\n<li>WC-Sp\u00fclk\u00e4sten<\/li>\n<li>Kl\u00e4rgruben und Abwassereinleitungen<\/li>\n<\/ul>\n<p><strong>Anwendungsbereiche:<\/strong><\/p>\n<ul>\n<li>Kommunen und \u00f6ffentliche Einrichtungen<\/li>\n<li>B\u00fcros, Schulen, Hotels und Restaurants<\/li>\n<li>Stark frequentierte Sanit\u00e4rbereiche<\/li>\n<\/ul>\n<p><strong>Gebrauchsanweisung:<\/strong><\/p>\n<ul>\n<li>Einen Block direkt in das Urinal, den Abfluss oder den betreffenden Sp\u00fclkasten legen.<\/li>\n<li>Wirken lassen: Die Bakterien und Wirkstoffe verteilen sich nach und nach.<\/li>\n<li>Den Block je nach Verbrauch und Frequentierung des Standorts erneuern.<\/li>\n<li>Ideal f\u00fcr kontinuierliche Anwendung, um dauerhafte Sauberkeit, Hygiene und Frische zu gew\u00e4hrleisten.<\/li>\n<\/ul>\n","protected":false},"excerpt":{"rendered":"<p>PolBio Enzybloc. Biotechnologischer Minze-Block f\u00fcr Urinale, Duschen und WCs. Vernichtet Ger\u00fcche an der Quelle, wirksamer Entkalker, n\u00fctzlich f\u00fcr Kl\u00e4rgruben.  <\/p>\n<p><span style=\"color: #008000;\"><strong>Art.-Nr.: 5234<\/strong><\/span><\/p>\n<p>&nbsp;<\/p>\n","protected":false},"featured_media":27419,"template":"","meta":[],"product_brand":[],"product_cat":[614,644],"product_tag":[],"class_list":{"0":"post-27417","1":"product","2":"type-product","3":"status-publish","4":"has-post-thumbnail","6":"product_cat-sanitarprodukte","7":"product_cat-umweltzeichen-produkte","9":"first","10":"instock","11":"taxable","12":"shipping-taxable","13":"purchasable","14":"product-type-simple"},"acf":[],"_links":{"self":[{"href":"https:\/\/serviclean.be\/de\/wp-json\/wp\/v2\/product\/27417","targetHints":{"allow":["GET"]}}],"collection":[{"href":"https:\/\/serviclean.be\/de\/wp-json\/wp\/v2\/product"}],"about":[{"href":"https:\/\/serviclean.be\/de\/wp-json\/wp\/v2\/types\/product"}],"wp:featuredmedia":[{"embeddable":true,"href":"https:\/\/serviclean.be\/de\/wp-json\/wp\/v2\/media\/27419"}],"wp:attachment":[{"href":"https:\/\/serviclean.be\/de\/wp-json\/wp\/v2\/media?parent=27417"}],"wp:term":[{"taxonomy":"product_brand","embeddable":true,"href":"https:\/\/serviclean.be\/de\/wp-json\/wp\/v2\/product_brand?post=27417"},{"taxonomy":"product_cat","embeddable":true,"href":"https:\/\/serviclean.be\/de\/wp-json\/wp\/v2\/product_cat?post=27417"},{"taxonomy":"product_tag","embeddable":true,"href":"https:\/\/serviclean.be\/de\/wp-json\/wp\/v2\/product_tag?post=27417"}],"curies":[{"name":"wp","href":"https:\/\/api.w.org\/{rel}","templated":true}]}}