{"id":27403,"date":"2021-05-18T20:26:22","date_gmt":"2021-05-18T18:26:22","guid":{"rendered":"https:\/\/serviclean.be\/produit\/professionelle-haushaltshandschuhe-s-m-l-xl\/"},"modified":"2021-05-18T20:26:22","modified_gmt":"2021-05-18T18:26:22","slug":"professionelle-haushaltshandschuhe-s-m-l-xl","status":"publish","type":"product","link":"https:\/\/serviclean.be\/de\/produit\/professionelle-haushaltshandschuhe-s-m-l-xl\/","title":{"rendered":"Professionelle Haushaltshandschuhe S\/M\/L\/XL"},"content":{"rendered":"","protected":false},"excerpt":{"rendered":"<p>Die <strong>professionellen Haushaltshandschuhe von Vileda<\/strong> sind konzipiert, um den Anforderungen der anspruchsvollsten Anwender im Bereich Reinigung gerecht zu werden. Erh\u00e4ltlich in den Gr\u00f6\u00dfen S, M, L und XL, vereinen diese Handschuhe Komfort und Effizienz dank ihrer Fertigung aus 100% Latex und ihrem weichen Baumwollfutter. Perfekt f\u00fcr verschiedene Aufgaben wie Reinigung und Sp\u00fclen, bieten sie optimalen Schutz bei gleichzeitiger Schonung der Haut. Diese Reinigungshandschuhe sind eine kluge Wahl f\u00fcr eine hochwertige Haushaltspflege.   <\/p>\n<p><span style=\"color: #008000;\"><strong>Ref: 5629, 5212, 1349, 5630<\/strong><\/span><\/p>\n","protected":false},"featured_media":27410,"template":"","meta":[],"product_brand":[],"product_cat":[643],"product_tag":[],"class_list":{"0":"post-27403","1":"product","2":"type-product","3":"status-publish","4":"has-post-thumbnail","6":"product_cat-handschuhe","8":"first","9":"instock","10":"taxable","11":"shipping-taxable","12":"purchasable","13":"product-type-variable"},"acf":[],"_links":{"self":[{"href":"https:\/\/serviclean.be\/de\/wp-json\/wp\/v2\/product\/27403","targetHints":{"allow":["GET"]}}],"collection":[{"href":"https:\/\/serviclean.be\/de\/wp-json\/wp\/v2\/product"}],"about":[{"href":"https:\/\/serviclean.be\/de\/wp-json\/wp\/v2\/types\/product"}],"wp:featuredmedia":[{"embeddable":true,"href":"https:\/\/serviclean.be\/de\/wp-json\/wp\/v2\/media\/27410"}],"wp:attachment":[{"href":"https:\/\/serviclean.be\/de\/wp-json\/wp\/v2\/media?parent=27403"}],"wp:term":[{"taxonomy":"product_brand","embeddable":true,"href":"https:\/\/serviclean.be\/de\/wp-json\/wp\/v2\/product_brand?post=27403"},{"taxonomy":"product_cat","embeddable":true,"href":"https:\/\/serviclean.be\/de\/wp-json\/wp\/v2\/product_cat?post=27403"},{"taxonomy":"product_tag","embeddable":true,"href":"https:\/\/serviclean.be\/de\/wp-json\/wp\/v2\/product_tag?post=27403"}],"curies":[{"name":"wp","href":"https:\/\/api.w.org\/{rel}","templated":true}]}}