{"id":27402,"date":"2021-05-19T21:22:57","date_gmt":"2021-05-19T19:22:57","guid":{"rendered":"https:\/\/serviclean.be\/produit\/echoclean-fluessigseife-mehrzweck-5-l-eco-format\/"},"modified":"2021-05-19T21:22:57","modified_gmt":"2021-05-19T19:22:57","slug":"echoclean-fluessigseife-mehrzweck-5-l-eco-format","status":"publish","type":"product","link":"https:\/\/serviclean.be\/de\/produit\/echoclean-fluessigseife-mehrzweck-5-l-eco-format\/","title":{"rendered":"EchoClean Fl\u00fcssigseife Mehrzweck 5 L \u2013 Eco-Format"},"content":{"rendered":"<p><strong>ECHOCLEAN Fl\u00fcssigseife<\/strong> ist ein <strong>professionelles alkalisches Reinigungsprodukt<\/strong>, \u043f\u0440\u0435\u0434\u043d\u0430\u0437\u043d\u0430\u0447\u0435\u043d f\u00fcr<strong> die Reinigung von B\u00f6den und abwaschbaren Oberfl\u00e4chen.<\/strong><br \/>\nEs ist f\u00fcr den <strong>industriellen oder professionellen Einsatz<\/strong> konzipiert und <strong>nicht f\u00fcr die K\u00f6rperhygiene geeignet.<\/strong><\/p>\n<p>Die Formulierung auf Basis von <strong>pflanzlichen Kaliseifen<\/strong> sorgt f\u00fcr eine <strong>hervorragende Fettl\u00f6se- und Reinigungswirkung<\/strong> und hinterl\u00e4sst nach der Anwendung einen <strong>frischen Zitronengrasduft<\/strong>.<\/p>\n<p>Dank seines <strong>hohen pH-Werts (\u2265 12,5)<\/strong> ist es besonders wirksam gegen <strong>fettige Verschmutzungen, organische Spuren und g\u00e4ngige Ablagerungen<\/strong> auf Oberfl\u00e4chen, die alkalibest\u00e4ndig sind.<\/p>\n<p><strong>Technische Merkmale:<\/strong><\/p>\n<ul>\n<li>Produkttyp: Alkalische Fl\u00fcssigseife \/ Fl\u00fcssigreiniger<\/li>\n<li>Anwendung: Reinigung von B\u00f6den und Oberfl\u00e4chen<\/li>\n<li>Vorbehalten f\u00fcr: Professionellen und industriellen Einsatz<\/li>\n<li>Aussehen: Gelbe Fl\u00fcssigkeit<\/li>\n<li>Duft: Zitronengras<\/li>\n<li>L\u00f6slichkeit: Vollst\u00e4ndig wasserl\u00f6slich<\/li>\n<li>pH: \u2265 12,5<\/li>\n<li>Inhalt: 5 L<\/li>\n<\/ul>\n<p><strong>Haupteigenschaften:<\/strong><\/p>\n<ul>\n<li>Kraftvoller <strong>Reiniger und Entfetter<\/strong><\/li>\n<li>Entfernt <strong>g\u00e4ngige Verschmutzungen und Fette<\/strong><\/li>\n<li>Geeignet f\u00fcr die <strong>regelm\u00e4\u00dfige Bodenreinigung<\/strong><\/li>\n<li>Angenehmer <strong>Zitronengrasduft<\/strong><\/li>\n<li>Formel auf Basis von<strong> pflanzlichen Seifen<\/strong><\/li>\n<li><strong>Biologisch abbaubar<\/strong> gem\u00e4\u00df Detergenzienverordnung EG 648\/2004<\/li>\n<\/ul>\n<p><strong>Anwendungsbereiche:<\/strong><\/p>\n<ul>\n<li>Industrieb\u00f6den<\/li>\n<li>B\u00f6den in \u00f6ffentlichen Einrichtungen<\/li>\n<li>B\u00fcros und Gesch\u00e4ftsr\u00e4ume<\/li>\n<li>Werkst\u00e4tten<\/li>\n<li>Gesch\u00e4fte<\/li>\n<li>Sanit\u00e4rbereiche (au\u00dfer K\u00f6rperhygiene)<\/li>\n<li>Abwaschbare Oberfl\u00e4chen, die gegen alkalische Produkte best\u00e4ndig sind<\/li>\n<\/ul>\n<p><strong>Gebrauchsanweisung:<\/strong><\/p>\n<ol>\n<li data-start=\"2414\" data-end=\"2477\"><strong data-start=\"2414\" data-end=\"2446\">Produkt je nach Verschmutzungsgrad in Wasser verd\u00fcnnen<\/strong>.<\/li>\n<li data-start=\"2481\" data-end=\"2558\">Mit <strong data-start=\"2506\" data-end=\"2555\">Wischmopp, Besen, Einscheibenmaschine oder Scheuersaugmaschine<\/strong> auftragen.<\/li>\n<li data-start=\"2562\" data-end=\"2609\">Bei Bedarf einige Augenblicke einwirken lassen.<\/li>\n<li data-start=\"2613\" data-end=\"2674\">Auf h\u00e4ufig ber\u00fchrten Oberfl\u00e4chen mit klarem Wasser nachsp\u00fclen.<\/li>\n<\/ol>\n<p><strong>Vorsichtsma\u00dfnahmen:<\/strong><\/p>\n<ul>\n<li data-start=\"2804\" data-end=\"2860\"><strong data-start=\"2804\" data-end=\"2860\">Nicht zum Waschen der H\u00e4nde oder des K\u00f6rpers verwenden<\/strong><\/li>\n<li data-start=\"2863\" data-end=\"2905\">Verursacht <strong data-start=\"2876\" data-end=\"2898\">Hautreizungen<\/strong> (H315)<\/li>\n<li data-start=\"2908\" data-end=\"2958\">Verursacht <strong data-start=\"2921\" data-end=\"2951\">schwere Augenreizung<\/strong> (H319)<\/li>\n<li data-start=\"2961\" data-end=\"3007\"><strong data-start=\"2972\" data-end=\"3007\">Schutzhandschuhe und Schutzbrille<\/strong> tragen<\/li>\n<li data-start=\"3010\" data-end=\"3046\">Au\u00dfer Reichweite von Kindern aufbewahren<\/li>\n<li data-start=\"3049\" data-end=\"3123\">Freisetzung in die Umwelt vermeiden<\/li>\n<\/ul>\n","protected":false},"excerpt":{"rendered":"<p><strong data-start=\"568\" data-end=\"595\">ECHOCLEAN Fl\u00fcssigseife<\/strong> ist ein <strong data-start=\"603\" data-end=\"649\">professionelles alkalisches Reinigungsprodukt<\/strong> f\u00fcr die <strong data-start=\"662\" data-end=\"702\">Reinigung von B\u00f6den und abwaschbaren Oberfl\u00e4chen<\/strong>.<br data-start=\"703\" data-end=\"706\">Es ist f\u00fcr den <strong data-start=\"727\" data-end=\"764\">industriellen und professionellen Einsatz<\/strong> konzipiert und <strong data-start=\"769\" data-end=\"811\">nicht f\u00fcr die K\u00f6rperhygiene geeignet<\/strong>.<\/p>\n<p><span style=\"color: #008000;\"><strong>Ref.: 5281<\/strong><\/span><\/p>\n","protected":false},"featured_media":27404,"template":"","meta":[],"product_brand":[],"product_cat":[571,578,614],"product_tag":[],"class_list":{"0":"post-27402","1":"product","2":"type-product","3":"status-publish","4":"has-post-thumbnail","6":"product_cat-handhygiene","7":"product_cat-pflegeprodukte","8":"product_cat-sanitarprodukte","10":"first","11":"instock","12":"taxable","13":"shipping-taxable","14":"purchasable","15":"product-type-simple"},"acf":[],"_links":{"self":[{"href":"https:\/\/serviclean.be\/de\/wp-json\/wp\/v2\/product\/27402","targetHints":{"allow":["GET"]}}],"collection":[{"href":"https:\/\/serviclean.be\/de\/wp-json\/wp\/v2\/product"}],"about":[{"href":"https:\/\/serviclean.be\/de\/wp-json\/wp\/v2\/types\/product"}],"wp:featuredmedia":[{"embeddable":true,"href":"https:\/\/serviclean.be\/de\/wp-json\/wp\/v2\/media\/27404"}],"wp:attachment":[{"href":"https:\/\/serviclean.be\/de\/wp-json\/wp\/v2\/media?parent=27402"}],"wp:term":[{"taxonomy":"product_brand","embeddable":true,"href":"https:\/\/serviclean.be\/de\/wp-json\/wp\/v2\/product_brand?post=27402"},{"taxonomy":"product_cat","embeddable":true,"href":"https:\/\/serviclean.be\/de\/wp-json\/wp\/v2\/product_cat?post=27402"},{"taxonomy":"product_tag","embeddable":true,"href":"https:\/\/serviclean.be\/de\/wp-json\/wp\/v2\/product_tag?post=27402"}],"curies":[{"name":"wp","href":"https:\/\/api.w.org\/{rel}","templated":true}]}}