{"id":27342,"date":"2025-11-09T14:52:35","date_gmt":"2025-11-09T13:52:35","guid":{"rendered":"https:\/\/serviclean.be\/produit\/mobiler-muelleimeruntersatz-60l-grau-mit-stabilem-5-rollen-sockel\/"},"modified":"2025-11-09T14:52:35","modified_gmt":"2025-11-09T13:52:35","slug":"mobiler-muelleimeruntersatz-60l-grau-mit-stabilem-5-rollen-sockel","status":"publish","type":"product","link":"https:\/\/serviclean.be\/de\/produit\/mobiler-muelleimeruntersatz-60l-grau-mit-stabilem-5-rollen-sockel\/","title":{"rendered":"Mobiler M\u00fclleimeruntersatz 60L \u2013 Grau mit stabilem 5-Rollen-Sockel"},"content":{"rendered":"<h3 data-start=\"136\" data-end=\"182\"><strong data-start=\"140\" data-end=\"182\">Mobiler Untersatz, grau<\/strong><\/h3>\n<p data-start=\"184\" data-end=\"479\">Robuster und funktionaler mobiler Untersatz, der dank seines <strong data-start=\"278\" data-end=\"320\">5-Rollen-Sockels aus Kunststoff<\/strong> ausgezeichnete Stabilit\u00e4t bietet.<br data-start=\"321\" data-end=\"324\">Ideal f\u00fcr das <strong data-start=\"338\" data-end=\"358\">Modell <a href=\"https:\/\/serviclean.be\/de\/produit\/muelleimer-aus-kunststoff-90-l-grau-professionell\/\">M\u00fclleimer aus Kunststoff 60 L GRAU \u2013 Professionell<\/a><\/strong>, gew\u00e4hrleistet dieser Untersatz eine reibungslose und sichere Mobilit\u00e4t bei gleichzeitig stabiler Position w\u00e4hrend des Gebrauchs.<\/p>\n<p data-start=\"481\" data-end=\"516\"><strong data-start=\"481\" data-end=\"514\">Technische Eigenschaften:<\/strong><\/p>\n<ul data-start=\"517\" data-end=\"808\">\n<li data-start=\"544\" data-end=\"576\">\n<p data-start=\"546\" data-end=\"576\"><strong data-start=\"546\" data-end=\"560\">EAN-Code:<\/strong> 4891729100609<\/p>\n<\/li>\n<li data-start=\"577\" data-end=\"599\">\n<p data-start=\"579\" data-end=\"599\"><strong data-start=\"579\" data-end=\"592\">Farbe:<\/strong> Grau<\/p>\n<\/li>\n<li data-start=\"600\" data-end=\"659\">\n<p data-start=\"602\" data-end=\"659\"><strong data-start=\"602\" data-end=\"613\">Sockel:<\/strong> 5 Rollen aus Kunststoff, sehr stabil<\/p>\n<\/li>\n<li data-start=\"660\" data-end=\"700\">\n<p data-start=\"662\" data-end=\"700\"><strong data-start=\"662\" data-end=\"683\">Abmessungen (mm):<\/strong> H\u00f6he 158 mm<\/p>\n<\/li>\n<li data-start=\"701\" data-end=\"728\">\n<p data-start=\"703\" data-end=\"728\"><strong data-start=\"703\" data-end=\"717\">Durchmesser:<\/strong> \u00d8 440 mm<\/p>\n<\/li>\n<li data-start=\"729\" data-end=\"750\">\n<p data-start=\"731\" data-end=\"750\"><strong data-start=\"731\" data-end=\"744\">Inhalt:<\/strong> 0 L<\/p>\n<\/li>\n<li data-start=\"751\" data-end=\"808\">\n<p data-start=\"753\" data-end=\"808\"><strong data-start=\"753\" data-end=\"772\">Kompatibilit\u00e4t:<\/strong> Geeignet f\u00fcr das Modell VB 200660<\/p>\n<\/li>\n<\/ul>\n<p data-start=\"810\" data-end=\"824\"><strong data-start=\"810\" data-end=\"822\">Vorteile:<\/strong><\/p>\n<ul data-start=\"825\" data-end=\"996\">\n<li data-start=\"825\" data-end=\"878\">\n<p data-start=\"827\" data-end=\"878\">Ausgezeichnete Stabilit\u00e4t dank 5-Rollen-Design<\/p>\n<\/li>\n<li data-start=\"879\" data-end=\"922\">\n<p data-start=\"881\" data-end=\"922\">Leichte Mobilit\u00e4t auf verschiedenen Oberfl\u00e4chen<\/p>\n<\/li>\n<li data-start=\"923\" data-end=\"959\">\n<p data-start=\"925\" data-end=\"959\">Langlebige und widerstandsf\u00e4hige Materialien<\/p>\n<\/li>\n<li data-start=\"960\" data-end=\"996\">\n<p data-start=\"962\" data-end=\"996\">Elegantes und schlichtes graues Finish<\/p>\n<\/li>\n<\/ul>\n","protected":false},"excerpt":{"rendered":"<p>Mobiler M\u00fclleimeruntersatz 90L, grau, mit stabilem 5-Rollen-Sockel aus Kunststoff. Abmessungen: \u00d8 440 mm, H 158 mm. Ideal f\u00fcr den intensiven und professionellen Einsatz.  <\/p>\n<p><span data-text-color=\"success\"><strong>Art.-Nr.: 2765<\/strong><\/span><\/p>\n<p>&nbsp;<\/p>\n","protected":false},"featured_media":27346,"template":"","meta":[],"product_brand":[],"product_cat":[572],"product_tag":[],"class_list":{"0":"post-27342","1":"product","2":"type-product","3":"status-publish","4":"has-post-thumbnail","6":"product_cat-mulleimer","8":"first","9":"instock","10":"taxable","11":"shipping-taxable","12":"purchasable","13":"product-type-simple"},"acf":[],"_links":{"self":[{"href":"https:\/\/serviclean.be\/de\/wp-json\/wp\/v2\/product\/27342","targetHints":{"allow":["GET"]}}],"collection":[{"href":"https:\/\/serviclean.be\/de\/wp-json\/wp\/v2\/product"}],"about":[{"href":"https:\/\/serviclean.be\/de\/wp-json\/wp\/v2\/types\/product"}],"wp:featuredmedia":[{"embeddable":true,"href":"https:\/\/serviclean.be\/de\/wp-json\/wp\/v2\/media\/27346"}],"wp:attachment":[{"href":"https:\/\/serviclean.be\/de\/wp-json\/wp\/v2\/media?parent=27342"}],"wp:term":[{"taxonomy":"product_brand","embeddable":true,"href":"https:\/\/serviclean.be\/de\/wp-json\/wp\/v2\/product_brand?post=27342"},{"taxonomy":"product_cat","embeddable":true,"href":"https:\/\/serviclean.be\/de\/wp-json\/wp\/v2\/product_cat?post=27342"},{"taxonomy":"product_tag","embeddable":true,"href":"https:\/\/serviclean.be\/de\/wp-json\/wp\/v2\/product_tag?post=27342"}],"curies":[{"name":"wp","href":"https:\/\/api.w.org\/{rel}","templated":true}]}}