{"id":27338,"date":"2025-11-20T15:10:27","date_gmt":"2025-11-20T14:10:27","guid":{"rendered":"https:\/\/serviclean.be\/produit\/geschirrspueltabs-glaeser-tassen-eimer-mit-140-tabs\/"},"modified":"2025-11-20T15:10:27","modified_gmt":"2025-11-20T14:10:27","slug":"geschirrspueltabs-glaeser-tassen-eimer-mit-140-tabs","status":"publish","type":"product","link":"https:\/\/serviclean.be\/de\/produit\/geschirrspueltabs-glaeser-tassen-eimer-mit-140-tabs\/","title":{"rendered":"Geschirrsp\u00fcltabs \u2013 Gl\u00e4ser &amp; Tassen (Eimer mit 140 Tabs)"},"content":{"rendered":"<h2 data-start=\"574\" data-end=\"609\"><strong data-start=\"577\" data-end=\"609\">Hauptmerkmale<\/strong><\/h2>\n<ul data-start=\"611\" data-end=\"832\">\n<li data-start=\"611\" data-end=\"662\">\n<p data-start=\"613\" data-end=\"662\"><strong data-start=\"613\" data-end=\"642\">Abmessungen des Tabs<\/strong>: 39 \u00d7 28 \u00d7 15 mm<\/p>\n<\/li>\n<li data-start=\"663\" data-end=\"697\">\n<p data-start=\"665\" data-end=\"697\"><strong data-start=\"665\" data-end=\"683\">St\u00fcckgewicht<\/strong>: ca. 18 g<\/p>\n<\/li>\n<li data-start=\"698\" data-end=\"745\">\n<p data-start=\"700\" data-end=\"745\"><strong data-start=\"700\" data-end=\"719\">Verpackung<\/strong>: Eimer mit 140 Tabs<\/p>\n<\/li>\n<li data-start=\"746\" data-end=\"768\">\n<p data-start=\"748\" data-end=\"768\"><strong data-start=\"748\" data-end=\"766\">1 VKE = 1 Eimer<\/strong><\/p>\n<\/li>\n<li data-start=\"769\" data-end=\"807\">\n<p data-start=\"771\" data-end=\"807\">Phosphatfrei \u2013 Ohne Phosphonate<\/p>\n<\/li>\n<li data-start=\"808\" data-end=\"832\">\n<p data-start=\"810\" data-end=\"832\">Ohne Duftstoffe \u2013 0 % VOC<\/p>\n<\/li>\n<\/ul>\n<h2 data-start=\"839\" data-end=\"857\"><strong data-start=\"842\" data-end=\"857\">Zusammensetzung<\/strong><\/h2>\n<ul data-start=\"859\" data-end=\"1049\">\n<li data-start=\"859\" data-end=\"906\">\n<p data-start=\"861\" data-end=\"906\">Sauerstoffbleichmittel: <strong data-start=\"894\" data-end=\"904\">5\u201315 %<\/strong><\/p>\n<\/li>\n<li data-start=\"907\" data-end=\"953\">\n<p data-start=\"909\" data-end=\"953\">Nichtionische Tenside: <strong data-start=\"942\" data-end=\"951\">&lt; 5 %<\/strong><\/p>\n<\/li>\n<li data-start=\"954\" data-end=\"986\">\n<p data-start=\"956\" data-end=\"986\">Polycarboxylate: <strong data-start=\"975\" data-end=\"984\">&lt; 5 %<\/strong><\/p>\n<\/li>\n<li data-start=\"987\" data-end=\"1029\">\n<p data-start=\"989\" data-end=\"1029\">Enzyme: Amylase &amp; Protease (<em data-start=\"1019\" data-end=\"1026\">&lt; 5 %<\/em>)<\/p>\n<\/li>\n<li data-start=\"1030\" data-end=\"1049\">\n<p data-start=\"1032\" data-end=\"1049\">Wasserl\u00f6sliche Folie<\/p>\n<\/li>\n<\/ul>\n<h2 data-start=\"1056\" data-end=\"1089\"><strong data-start=\"1059\" data-end=\"1089\">Eigenschaften und Leistung<\/strong><\/h2>\n<ul data-start=\"1091\" data-end=\"1543\">\n<li data-start=\"1091\" data-end=\"1139\">\n<p data-start=\"1093\" data-end=\"1139\"><strong data-start=\"1093\" data-end=\"1114\">Zweischicht-Tab<\/strong> unter wasserl\u00f6slicher Folie<\/p>\n<\/li>\n<li data-start=\"1140\" data-end=\"1170\">\n<p data-start=\"1142\" data-end=\"1170\"><strong data-start=\"1142\" data-end=\"1153\">Farbe<\/strong>: Wei\u00df \/ Blau<\/p>\n<\/li>\n<li data-start=\"1171\" data-end=\"1217\">\n<p data-start=\"1173\" data-end=\"1217\"><strong data-start=\"1173\" data-end=\"1201\">Ultraschnelle Aufl\u00f6sung<\/strong>: &lt; 2 Minuten<\/p>\n<\/li>\n<li data-start=\"1218\" data-end=\"1343\">\n<p data-start=\"1220\" data-end=\"1281\"><strong data-start=\"1220\" data-end=\"1243\">Enzymformel<\/strong> zur Entfernung hartn\u00e4ckiger Flecken:<\/p>\n<ul data-start=\"1284\" data-end=\"1343\">\n<li data-start=\"1284\" data-end=\"1291\">\n<p data-start=\"1286\" data-end=\"1291\">Tee<\/p>\n<\/li>\n<li data-start=\"1294\" data-end=\"1302\">\n<p data-start=\"1296\" data-end=\"1302\">Kaffee<\/p>\n<\/li>\n<li data-start=\"1305\" data-end=\"1312\">\n<p data-start=\"1307\" data-end=\"1312\">Wein<\/p>\n<\/li>\n<li data-start=\"1315\" data-end=\"1343\">\n<p data-start=\"1317\" data-end=\"1343\">Lippenstiftspuren<\/p>\n<\/li>\n<\/ul>\n<\/li>\n<li data-start=\"1344\" data-end=\"1391\">\n<p data-start=\"1346\" data-end=\"1391\"><strong data-start=\"1346\" data-end=\"1375\">Anwendungstemperatur<\/strong>: 50 \u00b0C bis 70 \u00b0C<\/p>\n<\/li>\n<li data-start=\"1392\" data-end=\"1415\">\n<p data-start=\"1394\" data-end=\"1415\"><strong data-start=\"1394\" data-end=\"1400\">pH<\/strong>: 10,8 \u00b1 0,5<\/p>\n<\/li>\n<li data-start=\"1416\" data-end=\"1475\">\n<p data-start=\"1418\" data-end=\"1475\"><strong data-start=\"1418\" data-end=\"1452\">Wirksam bei allen Temperaturen<\/strong> auf Gl\u00e4sern und Tassen<\/p>\n<\/li>\n<li data-start=\"1476\" data-end=\"1543\">\n<p data-start=\"1478\" data-end=\"1543\"><strong data-start=\"1478\" data-end=\"1503\">Eimer 100 % recycelbar<\/strong>, aus 80 % recyceltem Kunststoff<\/p>\n<\/li>\n<\/ul>\n<p data-start=\"1545\" data-end=\"1660\">Speziell f\u00fcr <strong data-start=\"1576\" data-end=\"1600\">Gl\u00e4sersp\u00fclmaschinen<\/strong> entwickelt, garantiert der Tab eine schnelle, klare und streifenfreie Reinigung.<\/p>\n<h2 data-start=\"1667\" data-end=\"1686\"><strong data-start=\"1670\" data-end=\"1686\">Anwendungen<\/strong><\/h2>\n<p data-start=\"1688\" data-end=\"1704\">Ideal f\u00fcr:<\/p>\n<ul data-start=\"1705\" data-end=\"1836\">\n<li data-start=\"1705\" data-end=\"1733\">\n<p data-start=\"1707\" data-end=\"1733\">Bars, Caf\u00e9s, Restaurants<\/p>\n<\/li>\n<li data-start=\"1734\" data-end=\"1761\">\n<p data-start=\"1736\" data-end=\"1761\">Hotels und Gemeinschaftseinrichtungen<\/p>\n<\/li>\n<li data-start=\"1762\" data-end=\"1803\">\n<p data-start=\"1764\" data-end=\"1803\">Professionelle Gl\u00e4sersp\u00fclmaschinen<\/p>\n<\/li>\n<li data-start=\"1804\" data-end=\"1836\">\n<p data-start=\"1806\" data-end=\"1836\">H\u00e4ufiges Sp\u00fclen im Kurzprogramm<\/p>\n<\/li>\n<\/ul>\n<p data-start=\"1838\" data-end=\"1938\">Perfekt, um Transparenz und Glanz des Glases zu erhalten und gleichzeitig eine einwandfreie Hygiene zu gew\u00e4hrleisten.<\/p>\n<h2 data-start=\"1945\" data-end=\"1977\"><strong data-start=\"1948\" data-end=\"1977\">Vorsichtsma\u00dfnahmen<\/strong><\/h2>\n<ul data-start=\"1979\" data-end=\"2290\">\n<li data-start=\"1979\" data-end=\"2034\">\n<p data-start=\"1981\" data-end=\"2034\">K\u00fchl, trocken und gut verschlossen aufbewahren.<\/p>\n<\/li>\n<li data-start=\"2035\" data-end=\"2290\">\n<p data-start=\"2037\" data-end=\"2115\">Einige Materialien sind <strong data-start=\"2064\" data-end=\"2100\">nicht f\u00fcr die Maschinenreinigung geeignet<\/strong>, insbesondere:<\/p>\n<ul data-start=\"2118\" data-end=\"2290\">\n<li data-start=\"2118\" data-end=\"2138\">\n<p data-start=\"2120\" data-end=\"2138\">Bleikristall<\/p>\n<\/li>\n<li data-start=\"2141\" data-end=\"2161\">\n<p data-start=\"2143\" data-end=\"2161\">dekoriertes Glas<\/p>\n<\/li>\n<li data-start=\"2164\" data-end=\"2206\">\n<p data-start=\"2166\" data-end=\"2206\">antikes oder handbemaltes Porzellan<\/p>\n<\/li>\n<li data-start=\"2209\" data-end=\"2244\">\n<p data-start=\"2211\" data-end=\"2244\">Gegenst\u00e4nde mit Edelmetallen verziert<\/p>\n<\/li>\n<li data-start=\"2247\" data-end=\"2290\">\n<p data-start=\"2249\" data-end=\"2290\">Holz, Knochen und temperaturempfindliche Kunststoffe &gt; 70 \u00b0C<\/p>\n<\/li>\n<\/ul>\n<\/li>\n<\/ul>\n","protected":false},"excerpt":{"rendered":"<p>Diese Geschirrsp\u00fcltabs (x140 Tabs) f\u00fcr Kurzprogramme sind f\u00fcr die effiziente Reinigung von Gl\u00e4sern, Tassen und kleinen Glaswaren konzipiert. Ihre enzymatische Formel, ohne Phosphate und Phosphonate, sorgt f\u00fcr eine ultraschnelle Aufl\u00f6sung und ein makelloses Ergebnis \u2013 selbst bei hartn\u00e4ckigsten Flecken wie Tee, Kaffee, Wein oder Lippenstift. <\/p>\n<p><strong><span style=\"color: #008000;\">Ref.: 2293<\/span><\/strong><\/p>\n","protected":false},"featured_media":27340,"template":"","meta":[],"product_brand":[],"product_cat":[642,573],"product_tag":[],"class_list":{"0":"post-27338","1":"product","2":"type-product","3":"status-publish","4":"has-post-thumbnail","6":"product_cat-geschirrspulmaschinen-professionell","7":"product_cat-kuchenhygiene","9":"first","10":"instock","11":"taxable","12":"shipping-taxable","13":"purchasable","14":"product-type-simple"},"acf":[],"_links":{"self":[{"href":"https:\/\/serviclean.be\/de\/wp-json\/wp\/v2\/product\/27338","targetHints":{"allow":["GET"]}}],"collection":[{"href":"https:\/\/serviclean.be\/de\/wp-json\/wp\/v2\/product"}],"about":[{"href":"https:\/\/serviclean.be\/de\/wp-json\/wp\/v2\/types\/product"}],"wp:featuredmedia":[{"embeddable":true,"href":"https:\/\/serviclean.be\/de\/wp-json\/wp\/v2\/media\/27340"}],"wp:attachment":[{"href":"https:\/\/serviclean.be\/de\/wp-json\/wp\/v2\/media?parent=27338"}],"wp:term":[{"taxonomy":"product_brand","embeddable":true,"href":"https:\/\/serviclean.be\/de\/wp-json\/wp\/v2\/product_brand?post=27338"},{"taxonomy":"product_cat","embeddable":true,"href":"https:\/\/serviclean.be\/de\/wp-json\/wp\/v2\/product_cat?post=27338"},{"taxonomy":"product_tag","embeddable":true,"href":"https:\/\/serviclean.be\/de\/wp-json\/wp\/v2\/product_tag?post=27338"}],"curies":[{"name":"wp","href":"https:\/\/api.w.org\/{rel}","templated":true}]}}