{"id":27334,"date":"2026-01-12T12:48:04","date_gmt":"2026-01-12T11:48:04","guid":{"rendered":"https:\/\/serviclean.be\/produit\/eisschaber-avoriaz-blau-fuer-windschutzscheiben\/"},"modified":"2026-01-12T12:48:04","modified_gmt":"2026-01-12T11:48:04","slug":"eisschaber-avoriaz-blau-fuer-windschutzscheiben","status":"publish","type":"product","link":"https:\/\/serviclean.be\/de\/produit\/eisschaber-avoriaz-blau-fuer-windschutzscheiben\/","title":{"rendered":"EISSCHABER AVORIAZ BLAU F\u00dcR WINDSCHUTZSCHEIBEN"},"content":{"rendered":"<p>Der Eisschaber Avoriaz f\u00fcr Windschutzscheiben ist das unverzichtbare Zubeh\u00f6r f\u00fcr die Wintersaison. Aus robustem PVC gefertigt, erm\u00f6glicht er das effektive Entfernen von Frost und Eis auf Windschutzscheiben ohne Kratzer zu hinterlassen. Leicht und einfach zu handhaben, bietet er einen guten Griff f\u00fcr ein schnelles und komfortables Enteisen. Ideal f\u00fcr den t\u00e4glichen Gebrauch im Winter, l\u00e4sst er sich problemlos im Auto verstauen.   <\/p>\n","protected":false},"excerpt":{"rendered":"<p>Der Eisschaber Avoriaz f\u00fcr Windschutzscheiben ist das unverzichtbare Zubeh\u00f6r f\u00fcr die Wintersaison. Ideal f\u00fcr den t\u00e4glichen Gebrauch im Winter, l\u00e4sst er sich problemlos im Auto verstauen. <\/p>\n","protected":false},"featured_media":25849,"template":"","meta":[],"product_brand":[],"product_cat":[576],"product_tag":[],"class_list":{"0":"post-27334","1":"product","2":"type-product","3":"status-publish","4":"has-post-thumbnail","6":"product_cat-fensterreinigungszubehor","8":"first","9":"instock","10":"taxable","11":"shipping-taxable","12":"purchasable","13":"product-type-simple"},"acf":[],"_links":{"self":[{"href":"https:\/\/serviclean.be\/de\/wp-json\/wp\/v2\/product\/27334","targetHints":{"allow":["GET"]}}],"collection":[{"href":"https:\/\/serviclean.be\/de\/wp-json\/wp\/v2\/product"}],"about":[{"href":"https:\/\/serviclean.be\/de\/wp-json\/wp\/v2\/types\/product"}],"wp:featuredmedia":[{"embeddable":true,"href":"https:\/\/serviclean.be\/de\/wp-json\/wp\/v2\/media\/25849"}],"wp:attachment":[{"href":"https:\/\/serviclean.be\/de\/wp-json\/wp\/v2\/media?parent=27334"}],"wp:term":[{"taxonomy":"product_brand","embeddable":true,"href":"https:\/\/serviclean.be\/de\/wp-json\/wp\/v2\/product_brand?post=27334"},{"taxonomy":"product_cat","embeddable":true,"href":"https:\/\/serviclean.be\/de\/wp-json\/wp\/v2\/product_cat?post=27334"},{"taxonomy":"product_tag","embeddable":true,"href":"https:\/\/serviclean.be\/de\/wp-json\/wp\/v2\/product_tag?post=27334"}],"curies":[{"name":"wp","href":"https:\/\/api.w.org\/{rel}","templated":true}]}}