{"id":27333,"date":"2024-06-27T11:52:58","date_gmt":"2024-06-27T09:52:58","guid":{"rendered":"https:\/\/serviclean.be\/produit\/polystyrol-gabeln-50-stk\/"},"modified":"2024-06-27T11:52:58","modified_gmt":"2024-06-27T09:52:58","slug":"polystyrol-gabeln-50-stk","status":"publish","type":"product","link":"https:\/\/serviclean.be\/de\/produit\/polystyrol-gabeln-50-stk\/","title":{"rendered":"Polystyrol-Gabeln \u2013 50 Stk."},"content":{"rendered":"<p data-rm-block-id=\"block-1\">Diese Polystyrol-Gabeln bieten eine gute Griffigkeit und eine f\u00fcr den Lebensmittelbereich geeignete Stabilit\u00e4t. Wiederverwendbar und leicht zu lagern, stellen sie eine funktionale und wirtschaftliche L\u00f6sung f\u00fcr Profis und Privatpersonen dar. <\/p>\n","protected":false},"excerpt":{"rendered":"<p>Entdecken Sie unsere wiederverwendbaren Polystyrol-Gabeln, die speziell f\u00fcr die Anforderungen der Gastronomie, des Take-away-Bereichs und von Outdoor-Events entwickelt wurden. Leicht, praktisch und widerstandsf\u00e4hig sind sie ideal f\u00fcr Picknicks, den Au\u00dfer-Haus-Verkauf und Mahlzeiten unterwegs. Verkauft in einer Packung mit 50 St\u00fcck.<br \/>\n<strong><span style=\"color: #008000;\">Art.-Nr.: 0685<\/span><\/strong><\/p>\n","protected":false},"featured_media":27336,"template":"","meta":[],"product_brand":[],"product_cat":[625,624],"product_tag":[],"class_list":{"0":"post-27333","1":"product","2":"type-product","3":"status-publish","4":"has-post-thumbnail","6":"product_cat-besteck","7":"product_cat-catering","9":"first","10":"instock","11":"taxable","12":"shipping-taxable","13":"purchasable","14":"product-type-simple"},"acf":[],"_links":{"self":[{"href":"https:\/\/serviclean.be\/de\/wp-json\/wp\/v2\/product\/27333","targetHints":{"allow":["GET"]}}],"collection":[{"href":"https:\/\/serviclean.be\/de\/wp-json\/wp\/v2\/product"}],"about":[{"href":"https:\/\/serviclean.be\/de\/wp-json\/wp\/v2\/types\/product"}],"wp:featuredmedia":[{"embeddable":true,"href":"https:\/\/serviclean.be\/de\/wp-json\/wp\/v2\/media\/27336"}],"wp:attachment":[{"href":"https:\/\/serviclean.be\/de\/wp-json\/wp\/v2\/media?parent=27333"}],"wp:term":[{"taxonomy":"product_brand","embeddable":true,"href":"https:\/\/serviclean.be\/de\/wp-json\/wp\/v2\/product_brand?post=27333"},{"taxonomy":"product_cat","embeddable":true,"href":"https:\/\/serviclean.be\/de\/wp-json\/wp\/v2\/product_cat?post=27333"},{"taxonomy":"product_tag","embeddable":true,"href":"https:\/\/serviclean.be\/de\/wp-json\/wp\/v2\/product_tag?post=27333"}],"curies":[{"name":"wp","href":"https:\/\/api.w.org\/{rel}","templated":true}]}}