{"id":27300,"date":"2025-02-08T18:12:50","date_gmt":"2025-02-08T17:12:50","guid":{"rendered":"https:\/\/serviclean.be\/produit\/kraftpapiertueten-braun-250-stk\/"},"modified":"2025-02-08T18:12:50","modified_gmt":"2025-02-08T17:12:50","slug":"kraftpapiertueten-braun-250-stk","status":"publish","type":"product","link":"https:\/\/serviclean.be\/de\/produit\/kraftpapiertueten-braun-250-stk\/","title":{"rendered":"Kraftpapiert\u00fcten Braun 250 Stk."},"content":{"rendered":"<p><strong>Vorteile der Kraftpapiert\u00fcte:<\/strong><\/p>\n<ul>\n<li><strong>Robust und leicht<\/strong>: entwickelt, um Lasten zu tragen, ohne den Benutzerkomfort zu beeintr\u00e4chtigen<\/li>\n<li><strong>Umweltfreundlich<\/strong>: aus FSC-zertifiziertem Kraftpapier, biologisch abbaubar und recycelbar<\/li>\n<li><strong>Praktisch<\/strong>: ergonomisches Format und leichtes \u00d6ffnen f\u00fcr eine schnelle Handhabung<\/li>\n<li><strong>Vielseitig<\/strong>: ideal f\u00fcr den Au\u00dfer-Haus-Verkauf, den Einzelhandel und Lieferungen<\/li>\n<\/ul>\n<p>&nbsp;<\/p>\n","protected":false},"excerpt":{"rendered":"<p>Kraftpapiert\u00fcte mit Flachhenkeln \u2013 250er-Pack<\/p>\n<p>Entscheiden Sie sich f\u00fcr eine praktische, widerstandsf\u00e4hige und umweltfreundliche Tasche, ideal f\u00fcr Take-away-Gerichte, Lieferungen und den Transport verschiedener Produkte.<\/p>\n<p>&nbsp;<\/p>\n","protected":false},"featured_media":19984,"template":"","meta":[],"product_brand":[],"product_cat":[640],"product_tag":[],"class_list":{"0":"post-27300","1":"product","2":"type-product","3":"status-publish","4":"has-post-thumbnail","6":"product_cat-beutel-taschen","8":"first","9":"instock","10":"taxable","11":"shipping-taxable","12":"purchasable","13":"product-type-variable"},"acf":[],"_links":{"self":[{"href":"https:\/\/serviclean.be\/de\/wp-json\/wp\/v2\/product\/27300","targetHints":{"allow":["GET"]}}],"collection":[{"href":"https:\/\/serviclean.be\/de\/wp-json\/wp\/v2\/product"}],"about":[{"href":"https:\/\/serviclean.be\/de\/wp-json\/wp\/v2\/types\/product"}],"wp:featuredmedia":[{"embeddable":true,"href":"https:\/\/serviclean.be\/de\/wp-json\/wp\/v2\/media\/19984"}],"wp:attachment":[{"href":"https:\/\/serviclean.be\/de\/wp-json\/wp\/v2\/media?parent=27300"}],"wp:term":[{"taxonomy":"product_brand","embeddable":true,"href":"https:\/\/serviclean.be\/de\/wp-json\/wp\/v2\/product_brand?post=27300"},{"taxonomy":"product_cat","embeddable":true,"href":"https:\/\/serviclean.be\/de\/wp-json\/wp\/v2\/product_cat?post=27300"},{"taxonomy":"product_tag","embeddable":true,"href":"https:\/\/serviclean.be\/de\/wp-json\/wp\/v2\/product_tag?post=27300"}],"curies":[{"name":"wp","href":"https:\/\/api.w.org\/{rel}","templated":true}]}}