{"id":27294,"date":"2024-11-24T16:59:08","date_gmt":"2024-11-24T15:59:08","guid":{"rendered":"https:\/\/serviclean.be\/produit\/sanytol-waeschedesinfektionsmittel-1-l\/"},"modified":"2024-11-24T16:59:08","modified_gmt":"2024-11-24T15:59:08","slug":"sanytol-waeschedesinfektionsmittel-1-l","status":"publish","type":"product","link":"https:\/\/serviclean.be\/de\/produit\/sanytol-waeschedesinfektionsmittel-1-l\/","title":{"rendered":"Sanytol W\u00e4schedesinfektionsmittel 1 l"},"content":{"rendered":"<p>Sanytol W\u00e4schedesinfektionsmittel 1 l beseitigt effektiv die Keime, die f\u00fcr unangenehme Ger\u00fcche verantwortlich sind, auf allen Textilarten. Selbst bei niedriger Temperatur wirksam, desinfiziert es Ihre W\u00e4sche ohne Bleichmittel und gew\u00e4hrleistet so optimalen Schutz bei gleichzeitiger Schonung der Fasern. <\/p>\n<p>Ideal zur Hygiene von Kleidung, Bettw\u00e4sche und empfindlichen Textilien \u2013 dieses Desinfektionsmittel sorgt bei jeder W\u00e4sche f\u00fcr saubere, frische und hygienische W\u00e4sche.<\/p>\n<p><strong>Hauptmerkmale<\/strong><\/p>\n<ul>\n<li>Beseitigt die f\u00fcr unangenehme Ger\u00fcche verantwortlichen Keime<\/li>\n<li>Wirksam bei niedriger Temperatur<\/li>\n<li>Ohne Bleichmittel, schont die Textilfasern<\/li>\n<li>F\u00fcr alle Textilarten geeignet<\/li>\n<li>Inhalt: 1 Liter<\/li>\n<\/ul>\n","protected":false},"excerpt":{"rendered":"<p>Sanytol W\u00e4schedesinfektionsmittel 1 l. Beseitigt Keime und unangenehme Ger\u00fcche bei niedriger Temperatur, ohne Bleichmittel. <\/p>\n<p><strong><span style=\"color: #008000;\">Ref.: 0756<\/span><\/strong><\/p>\n","protected":false},"featured_media":27298,"template":"","meta":[],"product_brand":[],"product_cat":[615,602],"product_tag":[],"class_list":{"0":"post-27294","1":"product","2":"type-product","3":"status-publish","4":"has-post-thumbnail","6":"product_cat-waschepflege","7":"product_cat-waschmittel-und-weichspuler","9":"first","10":"instock","11":"taxable","12":"shipping-taxable","13":"purchasable","14":"product-type-simple"},"acf":[],"_links":{"self":[{"href":"https:\/\/serviclean.be\/de\/wp-json\/wp\/v2\/product\/27294","targetHints":{"allow":["GET"]}}],"collection":[{"href":"https:\/\/serviclean.be\/de\/wp-json\/wp\/v2\/product"}],"about":[{"href":"https:\/\/serviclean.be\/de\/wp-json\/wp\/v2\/types\/product"}],"wp:featuredmedia":[{"embeddable":true,"href":"https:\/\/serviclean.be\/de\/wp-json\/wp\/v2\/media\/27298"}],"wp:attachment":[{"href":"https:\/\/serviclean.be\/de\/wp-json\/wp\/v2\/media?parent=27294"}],"wp:term":[{"taxonomy":"product_brand","embeddable":true,"href":"https:\/\/serviclean.be\/de\/wp-json\/wp\/v2\/product_brand?post=27294"},{"taxonomy":"product_cat","embeddable":true,"href":"https:\/\/serviclean.be\/de\/wp-json\/wp\/v2\/product_cat?post=27294"},{"taxonomy":"product_tag","embeddable":true,"href":"https:\/\/serviclean.be\/de\/wp-json\/wp\/v2\/product_tag?post=27294"}],"curies":[{"name":"wp","href":"https:\/\/api.w.org\/{rel}","templated":true}]}}