{"id":27293,"date":"2019-05-11T22:29:18","date_gmt":"2019-05-11T20:29:18","guid":{"rendered":"https:\/\/serviclean.be\/produit\/tork-premium-toilettenpapier-system-t4-2-lagig-48-rollen\/"},"modified":"2019-05-11T22:29:18","modified_gmt":"2019-05-11T20:29:18","slug":"tork-premium-toilettenpapier-system-t4-2-lagig-48-rollen","status":"publish","type":"product","link":"https:\/\/serviclean.be\/de\/produit\/tork-premium-toilettenpapier-system-t4-2-lagig-48-rollen\/","title":{"rendered":"TORK Premium Toilettenpapier System T4 \u2013 2-lagig \u2013 48 Rollen"},"content":{"rendered":"<p>Bieten Sie Ihren Besuchern den Komfort wie zu Hause mit dem Tork T4 Advanced Toilettenpapier auf konventioneller Rolle, speziell entwickelt f\u00fcr Sanit\u00e4rr\u00e4ume mit geringer Frequenz. Dank des hervorragenden Gleichgewichts zwischen Leistung und erschwinglichem Preis ist dieses Toilettenpapier die ideale Wahl f\u00fcr Unternehmen, Gesch\u00e4fte und Einrichtungen, die Effizienz und Kostenkontrolle verbinden m\u00f6chten. <\/p>\n<p>Mit extra langen Rollen von 52 m und 400 Blatt reduziert es die H\u00e4ufigkeit der Nachf\u00fcllungen. Das bedeutet eine deutliche Zeitersparnis f\u00fcr das Reinigungspersonal und eine h\u00f6here Verf\u00fcgbarkeit f\u00fcr die Nutzer. Der Au\u00dfendurchmesser von 12,5 cm und die Breite von 9,4 cm sorgen f\u00fcr eine praktische Nutzung und sind f\u00fcr Standardspender des Systems T4 geeignet.  <\/p>\n<p>Sein attraktives, sorgf\u00e4ltig gestaltetes Muster verleiht Ihren Sanit\u00e4rr\u00e4umen einen Hauch von Eleganz. Es vermittelt ein positives Bild Ihres Betriebs und tr\u00e4gt dazu bei, bei Ihren Kunden, Mitarbeitenden oder Besuchern einen Qualit\u00e4ts\u00adeindruck zu hinterlassen. <\/p>\n<p>Tork Premium T4 Toilettenpapier vereint Weichheit, Rei\u00dffestigkeit und Wirtschaftlichkeit. Es bietet ein angenehmes Nutzungserlebnis und erm\u00f6glicht zugleich ein optimales Verbrauchsmaterial-Management. Eine sichere Wahl, um Komfort, Praktikabilit\u00e4t und Rentabilit\u00e4t in Ihren Sanit\u00e4rr\u00e4umen zu vereinen.  <\/p>\n<p><span style=\"background-color: #ffffff; color: #00a859;\"><strong>Ref.: 8066<\/strong><\/span><\/p>\n","protected":false},"excerpt":{"rendered":"<p>Tork T4 konventionelle Toilettenpapierrolle \u2013 2-lagig Premium. Weiches Premium-Papier 48 \u00d7 200 Blatt.<br \/>\n<span style=\"color: #d83131;\"><strong>35,76 \u20ac zzgl. MwSt.<\/strong><\/span><br \/>\n<span style=\"background-color: #ffffff; color: #00a859;\"><strong>Ref.: 8066<\/strong><\/span><\/p>\n","protected":false},"featured_media":27295,"template":"","meta":[],"product_brand":[],"product_cat":[588,603],"product_tag":[584],"class_list":{"0":"post-27293","1":"product","2":"type-product","3":"status-publish","4":"has-post-thumbnail","6":"product_cat-spender-und-toilettenpapier","7":"product_cat-ecolabel-papier","8":"product_tag-tork","10":"first","11":"instock","12":"featured","13":"taxable","14":"shipping-taxable","15":"product-type-simple"},"acf":[],"_links":{"self":[{"href":"https:\/\/serviclean.be\/de\/wp-json\/wp\/v2\/product\/27293","targetHints":{"allow":["GET"]}}],"collection":[{"href":"https:\/\/serviclean.be\/de\/wp-json\/wp\/v2\/product"}],"about":[{"href":"https:\/\/serviclean.be\/de\/wp-json\/wp\/v2\/types\/product"}],"wp:featuredmedia":[{"embeddable":true,"href":"https:\/\/serviclean.be\/de\/wp-json\/wp\/v2\/media\/27295"}],"wp:attachment":[{"href":"https:\/\/serviclean.be\/de\/wp-json\/wp\/v2\/media?parent=27293"}],"wp:term":[{"taxonomy":"product_brand","embeddable":true,"href":"https:\/\/serviclean.be\/de\/wp-json\/wp\/v2\/product_brand?post=27293"},{"taxonomy":"product_cat","embeddable":true,"href":"https:\/\/serviclean.be\/de\/wp-json\/wp\/v2\/product_cat?post=27293"},{"taxonomy":"product_tag","embeddable":true,"href":"https:\/\/serviclean.be\/de\/wp-json\/wp\/v2\/product_tag?post=27293"}],"curies":[{"name":"wp","href":"https:\/\/api.w.org\/{rel}","templated":true}]}}