{"id":27286,"date":"2020-08-25T01:22:57","date_gmt":"2020-08-24T23:22:57","guid":{"rendered":"https:\/\/serviclean.be\/produit\/glasreinigerleiter-3x150-cm\/"},"modified":"2020-08-25T01:22:57","modified_gmt":"2020-08-24T23:22:57","slug":"glasreinigerleiter-3x150-cm","status":"publish","type":"product","link":"https:\/\/serviclean.be\/de\/produit\/glasreinigerleiter-3x150-cm\/","title":{"rendered":"Glasreinigerleiter 3&#215;150 cm"},"content":{"rendered":"<p>Diese Leiter besteht aus mehreren Teilen, die kombiniert werden k\u00f6nnen, um die erforderlichen H\u00f6hen zu erreichen. Das obere Ende ist mit einem speziellen Anlegeschuh ausgestattet, der die Scheibe sch\u00fctzt. Die Montage erfolgt durch Ineinanderstecken.  <\/p>\n","protected":false},"excerpt":{"rendered":"<p><span style=\"color: #ed1c24;\"><strong>Auf Bestellung<\/strong> <\/span><\/p>\n<p>Spezifisches Modell f\u00fcr Profis in der Glasreinigung. 100 % Sicherheit.<br \/>\n<span style=\"color: #00a859;\"><strong>Art.-Nr.: 11428<\/strong><\/span><\/p>\n","protected":false},"featured_media":27292,"template":"","meta":[],"product_brand":[],"product_cat":[576],"product_tag":[],"class_list":{"0":"post-27286","1":"product","2":"type-product","3":"status-publish","4":"has-post-thumbnail","6":"product_cat-fensterreinigungszubehor","8":"first","9":"onbackorder","10":"taxable","11":"shipping-taxable","12":"purchasable","13":"product-type-simple"},"acf":[],"_links":{"self":[{"href":"https:\/\/serviclean.be\/de\/wp-json\/wp\/v2\/product\/27286","targetHints":{"allow":["GET"]}}],"collection":[{"href":"https:\/\/serviclean.be\/de\/wp-json\/wp\/v2\/product"}],"about":[{"href":"https:\/\/serviclean.be\/de\/wp-json\/wp\/v2\/types\/product"}],"wp:featuredmedia":[{"embeddable":true,"href":"https:\/\/serviclean.be\/de\/wp-json\/wp\/v2\/media\/27292"}],"wp:attachment":[{"href":"https:\/\/serviclean.be\/de\/wp-json\/wp\/v2\/media?parent=27286"}],"wp:term":[{"taxonomy":"product_brand","embeddable":true,"href":"https:\/\/serviclean.be\/de\/wp-json\/wp\/v2\/product_brand?post=27286"},{"taxonomy":"product_cat","embeddable":true,"href":"https:\/\/serviclean.be\/de\/wp-json\/wp\/v2\/product_cat?post=27286"},{"taxonomy":"product_tag","embeddable":true,"href":"https:\/\/serviclean.be\/de\/wp-json\/wp\/v2\/product_tag?post=27286"}],"curies":[{"name":"wp","href":"https:\/\/api.w.org\/{rel}","templated":true}]}}