{"id":27256,"date":"2020-09-06T15:45:47","date_gmt":"2020-09-06T13:45:47","guid":{"rendered":"https:\/\/serviclean.be\/produit\/vikan-aluminiumstiel-blau\/"},"modified":"2020-09-06T15:45:47","modified_gmt":"2020-09-06T13:45:47","slug":"vikan-aluminiumstiel-blau","status":"publish","type":"product","link":"https:\/\/serviclean.be\/de\/produit\/vikan-aluminiumstiel-blau\/","title":{"rendered":"Vikan Aluminiumstiel Blau"},"content":{"rendered":"<p>Der blaue Vikan Aluminiumstiel ist f\u00fcr die Kompatibilit\u00e4t mit allen Produkten der Vikan-Reihe konzipiert. Dank seines farbcodierten Griffs erleichtert dieser Stiel die Identifizierung der Werkzeuge und garantiert eine optimale Nutzung. Seine Robustheit und Ergonomie machen ihn zur bevorzugten Wahl f\u00fcr Profis, die Effizienz und Qualit\u00e4t suchen. In einen Vikan Stiel zu investieren bedeutet, eine langlebige und leistungsstarke L\u00f6sung f\u00fcr Ihre Reinigungsbed\u00fcrfnisse zu w\u00e4hlen.   <\/p>\n","protected":false},"excerpt":{"rendered":"<p>Der blaue Vikan Aluminiumstiel ist f\u00fcr die Kompatibilit\u00e4t mit allen Produkten der Vikan-Reihe konzipiert. Sein farbcodierter Griff erleichtert die Identifizierung und Nutzung der Werkzeuge und gew\u00e4hrleistet somit optimale Effizienz bei Ihren Reinigungsaufgaben. Hergestellt aus hochwertigen Materialien bietet dieser Vikan Stiel Langlebigkeit und Nutzungskomfort. Durch die Integration dieses Produkts in Ihre Ausr\u00fcstung garantieren Sie ein professionelles und sorgf\u00e4ltiges Ergebnis.   <\/p>\n<p><strong><span style=\"color: #008000;\">Ref: 1680, 1685<\/span><\/strong><\/p>\n","protected":false},"featured_media":27262,"template":"","meta":[],"product_brand":[],"product_cat":[594],"product_tag":[],"class_list":{"0":"post-27256","1":"product","2":"type-product","3":"status-publish","4":"has-post-thumbnail","6":"product_cat-bursten-und-abzieher","8":"first","9":"instock","10":"taxable","11":"shipping-taxable","12":"purchasable","13":"product-type-variable"},"acf":[],"_links":{"self":[{"href":"https:\/\/serviclean.be\/de\/wp-json\/wp\/v2\/product\/27256","targetHints":{"allow":["GET"]}}],"collection":[{"href":"https:\/\/serviclean.be\/de\/wp-json\/wp\/v2\/product"}],"about":[{"href":"https:\/\/serviclean.be\/de\/wp-json\/wp\/v2\/types\/product"}],"wp:featuredmedia":[{"embeddable":true,"href":"https:\/\/serviclean.be\/de\/wp-json\/wp\/v2\/media\/27262"}],"wp:attachment":[{"href":"https:\/\/serviclean.be\/de\/wp-json\/wp\/v2\/media?parent=27256"}],"wp:term":[{"taxonomy":"product_brand","embeddable":true,"href":"https:\/\/serviclean.be\/de\/wp-json\/wp\/v2\/product_brand?post=27256"},{"taxonomy":"product_cat","embeddable":true,"href":"https:\/\/serviclean.be\/de\/wp-json\/wp\/v2\/product_cat?post=27256"},{"taxonomy":"product_tag","embeddable":true,"href":"https:\/\/serviclean.be\/de\/wp-json\/wp\/v2\/product_tag?post=27256"}],"curies":[{"name":"wp","href":"https:\/\/api.w.org\/{rel}","templated":true}]}}