{"id":27212,"date":"2024-06-14T14:30:33","date_gmt":"2024-06-14T12:30:33","guid":{"rendered":"https:\/\/serviclean.be\/produit\/aluminium-schale-670-ml-r13-100-stk\/"},"modified":"2024-06-14T14:30:33","modified_gmt":"2024-06-14T12:30:33","slug":"aluminium-schale-670-ml-r13-100-stk","status":"publish","type":"product","link":"https:\/\/serviclean.be\/de\/produit\/aluminium-schale-670-ml-r13-100-stk\/","title":{"rendered":"Aluminium-Schale 670 ml R13 \u2013 100 Stk."},"content":{"rendered":"<p>Diese Aluminium-Schale ist die ideale L\u00f6sung f\u00fcr Ihre Anforderungen im Bereich Fast Food. F\u00fcr den Transport von Mahlzeiten konzipiert, sorgt dieses 670-ml-Ravier f\u00fcr eine hervorragende W\u00e4rmespeicherung und bietet zugleich eine elegante Pr\u00e4sentation. Jeder Karton mit 10 Packungen \u00e0 100 St\u00fcck gew\u00e4hrleistet eine ausreichende Verf\u00fcgbarkeit, um die Nachfrage zu decken. Mit der Aluminium-Schale 670 ml R13 entscheiden Sie sich f\u00fcr Qualit\u00e4t und Praktikabilit\u00e4t im Foodservice.   <\/p>\n","protected":false},"excerpt":{"rendered":"<p>Die Aluminium-Schale 670 ml R13 ist ideal f\u00fcr Take-away-Mahlzeiten und bietet eine praktische und effiziente L\u00f6sung f\u00fcr den Foodservice. Dieses Aluminium-Ravier 670 ml zeichnet sich durch seine Robustheit und seine F\u00e4higkeit aus, die W\u00e4rme der Speisen zu halten. Jeder Karton enth\u00e4lt 10 Packungen \u00e0 100 St\u00fcck und gew\u00e4hrleistet so eine ausreichende Verf\u00fcgbarkeit f\u00fcr Ihren Bedarf. Entscheiden Sie sich f\u00fcr die Schale 670 ml R13 f\u00fcr eine elegante und funktionale Pr\u00e4sentation.   <\/p>\n<p><span style=\"color: #008000;\"><strong>Ref.: 2235<\/strong><\/span><\/p>\n","protected":false},"featured_media":27210,"template":"","meta":[],"product_brand":[],"product_cat":[626],"product_tag":[],"class_list":{"0":"post-27212","1":"product","2":"type-product","3":"status-publish","4":"has-post-thumbnail","6":"product_cat-aluminium-und-schalen","8":"first","9":"instock","10":"taxable","11":"shipping-taxable","12":"purchasable","13":"product-type-simple"},"acf":[],"_links":{"self":[{"href":"https:\/\/serviclean.be\/de\/wp-json\/wp\/v2\/product\/27212","targetHints":{"allow":["GET"]}}],"collection":[{"href":"https:\/\/serviclean.be\/de\/wp-json\/wp\/v2\/product"}],"about":[{"href":"https:\/\/serviclean.be\/de\/wp-json\/wp\/v2\/types\/product"}],"wp:featuredmedia":[{"embeddable":true,"href":"https:\/\/serviclean.be\/de\/wp-json\/wp\/v2\/media\/27210"}],"wp:attachment":[{"href":"https:\/\/serviclean.be\/de\/wp-json\/wp\/v2\/media?parent=27212"}],"wp:term":[{"taxonomy":"product_brand","embeddable":true,"href":"https:\/\/serviclean.be\/de\/wp-json\/wp\/v2\/product_brand?post=27212"},{"taxonomy":"product_cat","embeddable":true,"href":"https:\/\/serviclean.be\/de\/wp-json\/wp\/v2\/product_cat?post=27212"},{"taxonomy":"product_tag","embeddable":true,"href":"https:\/\/serviclean.be\/de\/wp-json\/wp\/v2\/product_tag?post=27212"}],"curies":[{"name":"wp","href":"https:\/\/api.w.org\/{rel}","templated":true}]}}