{"id":27204,"date":"2024-06-18T17:40:19","date_gmt":"2024-06-18T15:40:19","guid":{"rendered":"https:\/\/serviclean.be\/produit\/deckel-fuer-aluminium-schalen-670-ml-r13-100-stk\/"},"modified":"2024-06-18T17:40:19","modified_gmt":"2024-06-18T15:40:19","slug":"deckel-fuer-aluminium-schalen-670-ml-r13-100-stk","status":"publish","type":"product","link":"https:\/\/serviclean.be\/de\/produit\/deckel-fuer-aluminium-schalen-670-ml-r13-100-stk\/","title":{"rendered":"Deckel f\u00fcr Aluminium-Schalen 670 ml R13 \u2013 100 Stk."},"content":{"rendered":"<p>Die Deckel f\u00fcr Aluminium-Schalen 670 ml sind f\u00fcr Take-away geeignet und aus 100 % recycelbaren Materialien hergestellt. Dieses Produkt wird in einer Menge von 100 St\u00fcck angeboten und bietet eine praktische und nachhaltige L\u00f6sung f\u00fcr die Gastronomie. Die Deckel f\u00fcr Aluminium-Schalen garantieren optimalen Schutz der Lebensmittel und schonen gleichzeitig die Umwelt dank ihrer vollst\u00e4ndig recycelbaren Zusammensetzung. Entscheiden Sie sich f\u00fcr diese Deckel, um den Anforderungen Ihrer Kunden gerecht zu werden und gleichzeitig zur Nachhaltigkeit beizutragen.   <\/p>\n","protected":false},"excerpt":{"rendered":"<p>Die Deckel f\u00fcr Aluminium-Schalen 670 ml, Modell R13, sind speziell entwickelt, um die optimale Erhaltung von W\u00e4rme und Frische der Produkte zum Mitnehmen zu gew\u00e4hrleisten. Jeder Karton enth\u00e4lt 10 Packungen \u00e0 100 St\u00fcck und garantiert somit eine praktische und effiziente L\u00f6sung f\u00fcr Gastronomieprofis. Hergestellt aus Karton und Aluminium vereinen diese Deckel f\u00fcr Aluminium-Schalen Widerstandsf\u00e4higkeit und Leichtigkeit, erleichtern die Handhabung und bewahren gleichzeitig die Qualit\u00e4t der Lebensmittel. Eine unverzichtbare Wahl f\u00fcr alle, die Zuverl\u00e4ssigkeit und Leistung bei der Verpackung suchen.   <\/p>\n<p><strong><span style=\"color: #008000;\">Art.-Nr.: 0648<\/span><\/strong><\/p>\n","protected":false},"featured_media":27206,"template":"","meta":[],"product_brand":[],"product_cat":[626],"product_tag":[],"class_list":{"0":"post-27204","1":"product","2":"type-product","3":"status-publish","4":"has-post-thumbnail","6":"product_cat-aluminium-und-schalen","8":"first","9":"instock","10":"taxable","11":"shipping-taxable","12":"purchasable","13":"product-type-simple"},"acf":[],"_links":{"self":[{"href":"https:\/\/serviclean.be\/de\/wp-json\/wp\/v2\/product\/27204","targetHints":{"allow":["GET"]}}],"collection":[{"href":"https:\/\/serviclean.be\/de\/wp-json\/wp\/v2\/product"}],"about":[{"href":"https:\/\/serviclean.be\/de\/wp-json\/wp\/v2\/types\/product"}],"wp:featuredmedia":[{"embeddable":true,"href":"https:\/\/serviclean.be\/de\/wp-json\/wp\/v2\/media\/27206"}],"wp:attachment":[{"href":"https:\/\/serviclean.be\/de\/wp-json\/wp\/v2\/media?parent=27204"}],"wp:term":[{"taxonomy":"product_brand","embeddable":true,"href":"https:\/\/serviclean.be\/de\/wp-json\/wp\/v2\/product_brand?post=27204"},{"taxonomy":"product_cat","embeddable":true,"href":"https:\/\/serviclean.be\/de\/wp-json\/wp\/v2\/product_cat?post=27204"},{"taxonomy":"product_tag","embeddable":true,"href":"https:\/\/serviclean.be\/de\/wp-json\/wp\/v2\/product_tag?post=27204"}],"curies":[{"name":"wp","href":"https:\/\/api.w.org\/{rel}","templated":true}]}}