{"id":27202,"date":"2024-06-27T12:24:18","date_gmt":"2024-06-27T10:24:18","guid":{"rendered":"https:\/\/serviclean.be\/produit\/polystyrol-loeffel-50-stk\/"},"modified":"2024-06-27T12:24:18","modified_gmt":"2024-06-27T10:24:18","slug":"polystyrol-loeffel-50-stk","status":"publish","type":"product","link":"https:\/\/serviclean.be\/de\/produit\/polystyrol-loeffel-50-stk\/","title":{"rendered":"Polystyrol-L\u00f6ffel 50 Stk."},"content":{"rendered":"","protected":false},"excerpt":{"rendered":"<p>Wiederverwendbare Polystyrol-L\u00f6ffel, verkauft in einer Packung mit 50 St\u00fcck.<\/p>\n<p><strong><span style=\"color: #008000;\">Ref: 0067<\/span><\/strong><\/p>\n","protected":false},"featured_media":27203,"template":"","meta":[],"product_brand":[],"product_cat":[624,625],"product_tag":[],"class_list":{"0":"post-27202","1":"product","2":"type-product","3":"status-publish","4":"has-post-thumbnail","6":"product_cat-catering","7":"product_cat-besteck","9":"first","10":"instock","11":"taxable","12":"shipping-taxable","13":"purchasable","14":"product-type-simple"},"acf":[],"_links":{"self":[{"href":"https:\/\/serviclean.be\/de\/wp-json\/wp\/v2\/product\/27202","targetHints":{"allow":["GET"]}}],"collection":[{"href":"https:\/\/serviclean.be\/de\/wp-json\/wp\/v2\/product"}],"about":[{"href":"https:\/\/serviclean.be\/de\/wp-json\/wp\/v2\/types\/product"}],"wp:featuredmedia":[{"embeddable":true,"href":"https:\/\/serviclean.be\/de\/wp-json\/wp\/v2\/media\/27203"}],"wp:attachment":[{"href":"https:\/\/serviclean.be\/de\/wp-json\/wp\/v2\/media?parent=27202"}],"wp:term":[{"taxonomy":"product_brand","embeddable":true,"href":"https:\/\/serviclean.be\/de\/wp-json\/wp\/v2\/product_brand?post=27202"},{"taxonomy":"product_cat","embeddable":true,"href":"https:\/\/serviclean.be\/de\/wp-json\/wp\/v2\/product_cat?post=27202"},{"taxonomy":"product_tag","embeddable":true,"href":"https:\/\/serviclean.be\/de\/wp-json\/wp\/v2\/product_tag?post=27202"}],"curies":[{"name":"wp","href":"https:\/\/api.w.org\/{rel}","templated":true}]}}