{"id":27197,"date":"2025-10-29T16:31:07","date_gmt":"2025-10-29T15:31:07","guid":{"rendered":"https:\/\/serviclean.be\/produit\/alufolie-45-cm-x-250-m-cutter-box\/"},"modified":"2025-10-29T16:31:07","modified_gmt":"2025-10-29T15:31:07","slug":"alufolie-45-cm-x-250-m-cutter-box","status":"publish","type":"product","link":"https:\/\/serviclean.be\/de\/produit\/alufolie-45-cm-x-250-m-cutter-box\/","title":{"rendered":"ALUFOLIE 45 CM x 250 M + CUTTER BOX"},"content":{"rendered":"<p>Die Alufolie 45 cm x 250 m mit Cutter Box ist perfekt f\u00fcr Profik\u00fcchen, die eine breite und effiziente Verpackung ben\u00f6tigen. Ihre Breite von 45 cm erm\u00f6glicht es, Gerichte, Tabletts oder Gastronorm-Beh\u00e4lter mit einem einzigen Handgriff abzudecken und garantiert eine bessere Konservierung der Lebensmittel. <\/p>\n<p>Ausgestattet mit einer Spenderbox mit integrierter Klinge l\u00e4sst sich diese professionelle Alufolie einfach, sauber und m\u00fchelos schneiden. Hitzebest\u00e4ndig ist sie ideal zum Backen im Ofen, zum Schutz von Lebensmitteln oder zum Einfrieren. <\/p>\n<p>Geeignet f\u00fcr Restaurants, Caterer, B\u00e4ckereien und Gemeinschaftseinrichtungen vereint diese Alufolie 45 cm Hygiene, Praktikabilit\u00e4t und Leistung. Ein Muss f\u00fcr alle anspruchsvollen K\u00fcchen. <\/p>\n","protected":false},"excerpt":{"rendered":"<p>Rolle Alufolie 45 cm x 250 m mit integrierter Schneidebox. Breit, widerstandsf\u00e4hig und praktisch f\u00fcr gro\u00dfe Gerichte. Ideal zum Kochen, Verpacken und Aufbewahren von Lebensmitteln in der professionellen Gastronomie.  <\/p>\n<p><strong><span style=\"color: #008000;\">Art.-Nr.: 5125<\/span><\/strong><\/p>\n","protected":false},"featured_media":27199,"template":"","meta":[],"product_brand":[],"product_cat":[604,573],"product_tag":[],"class_list":{"0":"post-27197","1":"product","2":"type-product","3":"status-publish","4":"has-post-thumbnail","6":"product_cat-schutz","7":"product_cat-kuchenhygiene","9":"first","10":"instock","11":"taxable","12":"shipping-taxable","13":"purchasable","14":"product-type-simple"},"acf":[],"_links":{"self":[{"href":"https:\/\/serviclean.be\/de\/wp-json\/wp\/v2\/product\/27197","targetHints":{"allow":["GET"]}}],"collection":[{"href":"https:\/\/serviclean.be\/de\/wp-json\/wp\/v2\/product"}],"about":[{"href":"https:\/\/serviclean.be\/de\/wp-json\/wp\/v2\/types\/product"}],"wp:featuredmedia":[{"embeddable":true,"href":"https:\/\/serviclean.be\/de\/wp-json\/wp\/v2\/media\/27199"}],"wp:attachment":[{"href":"https:\/\/serviclean.be\/de\/wp-json\/wp\/v2\/media?parent=27197"}],"wp:term":[{"taxonomy":"product_brand","embeddable":true,"href":"https:\/\/serviclean.be\/de\/wp-json\/wp\/v2\/product_brand?post=27197"},{"taxonomy":"product_cat","embeddable":true,"href":"https:\/\/serviclean.be\/de\/wp-json\/wp\/v2\/product_cat?post=27197"},{"taxonomy":"product_tag","embeddable":true,"href":"https:\/\/serviclean.be\/de\/wp-json\/wp\/v2\/product_tag?post=27197"}],"curies":[{"name":"wp","href":"https:\/\/api.w.org\/{rel}","templated":true}]}}