{"id":27187,"date":"2024-07-17T11:16:28","date_gmt":"2024-07-17T09:16:28","guid":{"rendered":"https:\/\/serviclean.be\/produit\/moerman-flexi-squeegee-bodenabzieher-50-cm\/"},"modified":"2024-07-17T11:16:28","modified_gmt":"2024-07-17T09:16:28","slug":"moerman-flexi-squeegee-bodenabzieher-50-cm","status":"publish","type":"product","link":"https:\/\/serviclean.be\/de\/produit\/moerman-flexi-squeegee-bodenabzieher-50-cm\/","title":{"rendered":"Moerman Flexi Squeegee Bodenabzieher 50 cm"},"content":{"rendered":"<p>Der Moerman Flexi Squeegee Bodenabzieher 50 cm ist ein praktisches und vielseitiges 3-in-1-Werkzeug, ideal f\u00fcr die professionelle und h\u00e4usliche Reinigung.<\/p>\n<p>Dank der links\/rechts schwenkbaren T\u00fclle und des ergonomischen Designs passt er sich jeder Situation an:<\/p>\n<ul>\n<li>Bodenabzieher: f\u00fcr eine schnelle und streifenfreie Reinigung.<\/li>\n<li>Wischer: Verwendung mit einem Tuch oder einem Mikrofaserbezug zum Reinigen von Oberfl\u00e4chen.<\/li>\n<li>Decken-\/Wandreiniger: Mit einem Mikrofasertuch lassen sich hohe Bereiche leicht erreichen.<\/li>\n<\/ul>\n<p>Er ist mit einer verst\u00e4rkten Kunststofft\u00fclle (limonengr\u00fcn und t\u00fcrkis) ausgestattet, die mit allen Stielen bis zu 26 mm Durchmesser kompatibel ist. Sein Schwenkkopf sorgt f\u00fcr optimale Man\u00f6vrierbarkeit, selbst in schwer zug\u00e4nglichen Bereichen. <\/p>\n<p><strong>Technische Daten:<\/strong><\/p>\n<ul>\n<li>Produkt: Moerman Flexi Squeegee Bodenabzieher<\/li>\n<li>Breite: 50 cm<\/li>\n<li>Funktionen: 3-in-1 (Abzieher, Wischer, Decken-\/Wandreiniger)<\/li>\n<li>T\u00fclle: links\/rechts schwenkbar, Kunststoff mit Kappe<\/li>\n<li>Farbe: Limonengr\u00fcn und T\u00fcrkis<\/li>\n<li>Kompatibilit\u00e4t: Alle Stiele \u00d8 \u2264 26 mm<\/li>\n<\/ul>\n<p><strong>Vorteile:<\/strong><\/p>\n<ul>\n<li>Vielseitig und ergonomisch<\/li>\n<li>Streifenfreie Reinigung<\/li>\n<li>Geeignet f\u00fcr B\u00f6den, Fenster und Decken<\/li>\n<li>Praktisch f\u00fcr hohe Bereiche<\/li>\n<\/ul>\n<p><strong>Gebrauchsanweisung:<\/strong><\/p>\n<ul>\n<li>Befestigen Sie den Abzieher an einem kompatiblen Stiel (\u00d8 \u2264 26 mm).<\/li>\n<li>Verwenden Sie ihn als Bodenabzieher zum Entfernen von Wasser oder als Wischer mit einem Mikrofasertuch.<\/li>\n<li>F\u00fcr die Reinigung in der H\u00f6he befestigen Sie ein Mikrofasertuch und verwenden Sie ihn als Decken- oder Wandreiniger.<\/li>\n<\/ul>\n","protected":false},"excerpt":{"rendered":"<p>Der Moerman Flexi Squeegee Bodenabzieher 50 cm ist ein vielseitiges 3-in-1-Werkzeug, das Bodenabzieher, Wischer und Deckenreiniger kombiniert. Ausgestattet mit einer schwenkbaren T\u00fclle, <span style=\"color: #008000;\">Stiel separat erh\u00e4ltlich<\/span>, ist er ideal f\u00fcr professionelle und hygienische Umgebungen. <\/p>\n<p><strong><span style=\"color: #008000;\">Ref: 1088<\/span><\/strong><\/p>\n","protected":false},"featured_media":27193,"template":"","meta":[],"product_brand":[],"product_cat":[591,594,576],"product_tag":[],"class_list":{"0":"post-27187","1":"product","2":"type-product","3":"status-publish","4":"has-post-thumbnail","6":"product_cat-material-zubehor","7":"product_cat-bursten-und-abzieher","8":"product_cat-fensterreinigungszubehor","10":"first","11":"instock","12":"taxable","13":"shipping-taxable","14":"purchasable","15":"product-type-simple"},"acf":[],"_links":{"self":[{"href":"https:\/\/serviclean.be\/de\/wp-json\/wp\/v2\/product\/27187","targetHints":{"allow":["GET"]}}],"collection":[{"href":"https:\/\/serviclean.be\/de\/wp-json\/wp\/v2\/product"}],"about":[{"href":"https:\/\/serviclean.be\/de\/wp-json\/wp\/v2\/types\/product"}],"wp:featuredmedia":[{"embeddable":true,"href":"https:\/\/serviclean.be\/de\/wp-json\/wp\/v2\/media\/27193"}],"wp:attachment":[{"href":"https:\/\/serviclean.be\/de\/wp-json\/wp\/v2\/media?parent=27187"}],"wp:term":[{"taxonomy":"product_brand","embeddable":true,"href":"https:\/\/serviclean.be\/de\/wp-json\/wp\/v2\/product_brand?post=27187"},{"taxonomy":"product_cat","embeddable":true,"href":"https:\/\/serviclean.be\/de\/wp-json\/wp\/v2\/product_cat?post=27187"},{"taxonomy":"product_tag","embeddable":true,"href":"https:\/\/serviclean.be\/de\/wp-json\/wp\/v2\/product_tag?post=27187"}],"curies":[{"name":"wp","href":"https:\/\/api.w.org\/{rel}","templated":true}]}}