{"id":27180,"date":"2024-07-17T13:13:23","date_gmt":"2024-07-17T11:13:23","guid":{"rendered":"https:\/\/serviclean.be\/produit\/kuechenset\/"},"modified":"2024-07-17T13:13:23","modified_gmt":"2024-07-17T11:13:23","slug":"kuechenset","status":"publish","type":"product","link":"https:\/\/serviclean.be\/de\/produit\/kuechenset\/","title":{"rendered":"K\u00fcchenset"},"content":{"rendered":"<p>Speziell entwickelt f\u00fcr Gastronomie, Hotels, Caf\u00e9s, Restaurants und Gro\u00dfk\u00fcchen.<\/p>\n","protected":false},"excerpt":{"rendered":"<p><strong>K\u00fcchenset enth\u00e4lt:<\/strong><\/p>\n<p>Metalik-Tuch \u2013 F\u00fcr Gl\u00e4ser<br \/>\nOranges Tuch \u2013 F\u00fcr die Theke<br \/>\nScheuerschwamm \u2013 F\u00fcr die Sp\u00fcle<br \/>\nScheuerpad \u2013 F\u00fcr die Arbeitsplatte<\/p>\n","protected":false},"featured_media":27181,"template":"","meta":[],"product_brand":[],"product_cat":[616,622],"product_tag":[],"class_list":{"0":"post-27180","1":"product","2":"type-product","3":"status-publish","4":"has-post-thumbnail","6":"product_cat-tucher-und-geschirrtucher","7":"product_cat-geschirrtucher","9":"first","10":"instock","11":"taxable","12":"shipping-taxable","13":"purchasable","14":"product-type-simple"},"acf":[],"_links":{"self":[{"href":"https:\/\/serviclean.be\/de\/wp-json\/wp\/v2\/product\/27180","targetHints":{"allow":["GET"]}}],"collection":[{"href":"https:\/\/serviclean.be\/de\/wp-json\/wp\/v2\/product"}],"about":[{"href":"https:\/\/serviclean.be\/de\/wp-json\/wp\/v2\/types\/product"}],"wp:featuredmedia":[{"embeddable":true,"href":"https:\/\/serviclean.be\/de\/wp-json\/wp\/v2\/media\/27181"}],"wp:attachment":[{"href":"https:\/\/serviclean.be\/de\/wp-json\/wp\/v2\/media?parent=27180"}],"wp:term":[{"taxonomy":"product_brand","embeddable":true,"href":"https:\/\/serviclean.be\/de\/wp-json\/wp\/v2\/product_brand?post=27180"},{"taxonomy":"product_cat","embeddable":true,"href":"https:\/\/serviclean.be\/de\/wp-json\/wp\/v2\/product_cat?post=27180"},{"taxonomy":"product_tag","embeddable":true,"href":"https:\/\/serviclean.be\/de\/wp-json\/wp\/v2\/product_tag?post=27180"}],"curies":[{"name":"wp","href":"https:\/\/api.w.org\/{rel}","templated":true}]}}