{"id":27179,"date":"2025-11-12T12:02:30","date_gmt":"2025-11-12T11:02:30","guid":{"rendered":"https:\/\/serviclean.be\/produit\/nass-trockensauger-floorpul-kv30i-34-l-behaelter-professionell\/"},"modified":"2025-11-12T12:02:30","modified_gmt":"2025-11-12T11:02:30","slug":"nass-trockensauger-floorpul-kv30i-34-l-behaelter-professionell","status":"publish","type":"product","link":"https:\/\/serviclean.be\/de\/produit\/nass-trockensauger-floorpul-kv30i-34-l-behaelter-professionell\/","title":{"rendered":"NASS- &amp; TROCKENSAUGER Floorpul KV30I \u2013 34 L Beh\u00e4lter PROFESSIONELL"},"content":{"rendered":"<p>Der professionelle Sauger<strong> Floorpul KV30I<\/strong> ist eine leistungsstarke und vielseitige L\u00f6sung f\u00fcr die Reinigung von trockenem Staub wie auch von Fl\u00fcssigkeiten. Konzipiert f\u00fcr anspruchsvolle Umgebungen, verf\u00fcgt er \u00fcber einen robusten 34<strong> Liter<\/strong> Beh\u00e4lter, der unterbrechungsfreies Arbeiten erm\u00f6glicht,<strong> w\u00e4hrend sein Hochleistungsmotor eine effiziente Saugleistung gew\u00e4hrleistet.<\/strong> <\/p>\n<p>Vielseitig einsetzbar, ist der <strong>KV30I<\/strong> ideal f\u00fcr den Einsatz in <strong>B\u00fcros, Werkst\u00e4tten, Lagerhallen, Gesch\u00e4ften oder \u00f6ffentlichen Bereichen<\/strong>. Er wird mit einem kompletten Zubeh\u00f6rsortiment geliefert, das die Reinigung aller Oberfl\u00e4chenarten erm\u00f6glicht, ob Hartb\u00f6den, Teppiche oder Nassbereiche. Kompakt und wendig, l\u00e4sst er sich leicht transportieren und garantiert hohen Bedienkomfort im t\u00e4glichen Einsatz.  <\/p>\n<p>Ob f\u00fcr den regelm\u00e4\u00dfigen Einsatz oder f\u00fcr punktuelle Instandsetzungsarbeiten, dieser Nass- und Trockensauger bietet zuverl\u00e4ssige und langlebige Leistung, <strong>w\u00e4hrend er sich den spezifischen Anforderungen professioneller Reinigungskr\u00e4fte anpasst.<\/strong><\/p>\n<p><span style=\"color: #50b848;\"><strong>Art.-Nr.: 5598<\/strong><\/span><\/p>\n","protected":false},"excerpt":{"rendered":"<p>Professioneller Nass- und Trockensauger 34 L <strong>Floorpul KV30I<\/strong> leistungsstark und wendig, konzipiert f\u00fcr die intensive Reinigung trockener und feuchter B\u00f6den. Ideal f\u00fcr anspruchsvolle professionelle Umgebungen, gew\u00e4hrleistet er effizientes Aufsaugen von Wasser, Staub und Verschmutzungen und bietet dabei Robustheit, Leistung und Benutzerfreundlichkeit. <\/p>\n<p><strong><span style=\"color: #008000;\">Art.-Nr.: 5598<\/span><\/strong><\/p>\n","protected":false},"featured_media":27182,"template":"","meta":[],"product_brand":[],"product_cat":[606],"product_tag":[623],"class_list":{"0":"post-27179","1":"product","2":"type-product","3":"status-publish","4":"has-post-thumbnail","6":"product_cat-reinigungswagen-staubsauger","7":"product_tag-numatic","9":"first","10":"instock","11":"taxable","12":"shipping-taxable","13":"purchasable","14":"product-type-simple"},"acf":[],"_links":{"self":[{"href":"https:\/\/serviclean.be\/de\/wp-json\/wp\/v2\/product\/27179","targetHints":{"allow":["GET"]}}],"collection":[{"href":"https:\/\/serviclean.be\/de\/wp-json\/wp\/v2\/product"}],"about":[{"href":"https:\/\/serviclean.be\/de\/wp-json\/wp\/v2\/types\/product"}],"wp:featuredmedia":[{"embeddable":true,"href":"https:\/\/serviclean.be\/de\/wp-json\/wp\/v2\/media\/27182"}],"wp:attachment":[{"href":"https:\/\/serviclean.be\/de\/wp-json\/wp\/v2\/media?parent=27179"}],"wp:term":[{"taxonomy":"product_brand","embeddable":true,"href":"https:\/\/serviclean.be\/de\/wp-json\/wp\/v2\/product_brand?post=27179"},{"taxonomy":"product_cat","embeddable":true,"href":"https:\/\/serviclean.be\/de\/wp-json\/wp\/v2\/product_cat?post=27179"},{"taxonomy":"product_tag","embeddable":true,"href":"https:\/\/serviclean.be\/de\/wp-json\/wp\/v2\/product_tag?post=27179"}],"curies":[{"name":"wp","href":"https:\/\/api.w.org\/{rel}","templated":true}]}}