{"id":27164,"date":"2025-11-14T20:13:52","date_gmt":"2025-11-14T19:13:52","guid":{"rendered":"https:\/\/serviclean.be\/produit\/aniosgel-85-npc-1l-pumpe\/"},"modified":"2025-11-14T20:13:52","modified_gmt":"2025-11-14T19:13:52","slug":"aniosgel-85-npc-1l-pumpe","status":"publish","type":"product","link":"https:\/\/serviclean.be\/de\/produit\/aniosgel-85-npc-1l-pumpe\/","title":{"rendered":"ANIOSGEL 85 NPC 1L + PUMPE"},"content":{"rendered":"<p>Das hydroalkoholische Gel Aniosgel 85 NPC wird zur hygienischen und chirurgischen H\u00e4ndedesinfektion durch Einreiben verwendet. Es ist ein antiseptisches Gel, das gegen die Viren H1N1 und H5N1 sowie das Coronavirus wirksam ist. <\/p>\n","protected":false},"excerpt":{"rendered":"<p>Aniosgel 85 NPC 1L ist ein hydroalkoholisches Gel ohne Farb- und Duftstoffe, das f\u00fcr eine effektive H\u00e4ndedesinfektion entwickelt wurde. Seine hypoallergene Formel wurde sorgf\u00e4ltig dermatologisch getestet und gew\u00e4hrleistet eine optimale Vertr\u00e4glichkeit f\u00fcr alle Hauttypen. Mit seinem praktischen 1-Liter-Format ist es ideal f\u00fcr den t\u00e4glichen Gebrauch in professionellen und privaten Umgebungen. Praktisch in der Anwendung mit der Pumpe, sorgt ANIOSGEL f\u00fcr einwandfreie Hygiene und schont gleichzeitig die Empfindlichkeit Ihrer Haut.    <span style=\"color: #008000;\"><strong>Art.-Nr.: 11592 <\/strong><\/span><\/p>\n","protected":false},"featured_media":23772,"template":"","meta":[],"product_brand":[],"product_cat":[620,574,571,619],"product_tag":[621],"class_list":{"0":"post-27164","1":"product","2":"type-product","3":"status-publish","4":"has-post-thumbnail","6":"product_cat-covid-19-ausrustung","7":"product_cat-hand-und-flachendesinfektion","8":"product_cat-handhygiene","9":"product_cat-medizinische-hygiene","10":"product_tag-anios","12":"first","13":"instock","14":"taxable","15":"shipping-taxable","16":"purchasable","17":"product-type-simple"},"acf":[],"_links":{"self":[{"href":"https:\/\/serviclean.be\/de\/wp-json\/wp\/v2\/product\/27164","targetHints":{"allow":["GET"]}}],"collection":[{"href":"https:\/\/serviclean.be\/de\/wp-json\/wp\/v2\/product"}],"about":[{"href":"https:\/\/serviclean.be\/de\/wp-json\/wp\/v2\/types\/product"}],"wp:featuredmedia":[{"embeddable":true,"href":"https:\/\/serviclean.be\/de\/wp-json\/wp\/v2\/media\/23772"}],"wp:attachment":[{"href":"https:\/\/serviclean.be\/de\/wp-json\/wp\/v2\/media?parent=27164"}],"wp:term":[{"taxonomy":"product_brand","embeddable":true,"href":"https:\/\/serviclean.be\/de\/wp-json\/wp\/v2\/product_brand?post=27164"},{"taxonomy":"product_cat","embeddable":true,"href":"https:\/\/serviclean.be\/de\/wp-json\/wp\/v2\/product_cat?post=27164"},{"taxonomy":"product_tag","embeddable":true,"href":"https:\/\/serviclean.be\/de\/wp-json\/wp\/v2\/product_tag?post=27164"}],"curies":[{"name":"wp","href":"https:\/\/api.w.org\/{rel}","templated":true}]}}