{"id":27156,"date":"2025-11-14T20:48:04","date_gmt":"2025-11-14T19:48:04","guid":{"rendered":"https:\/\/serviclean.be\/produit\/vileda-ultramax-2in1-mikrofaser\/"},"modified":"2025-11-14T20:48:04","modified_gmt":"2025-11-14T19:48:04","slug":"vileda-ultramax-2in1-mikrofaser","status":"publish","type":"product","link":"https:\/\/serviclean.be\/de\/produit\/vileda-ultramax-2in1-mikrofaser\/","title":{"rendered":"Vileda Ultramax 2in1 Mikrofaser"},"content":{"rendered":"<p>Vileda Ultramax Komplettset mit Mopp und Eimer mit Auswringer. Der Vileda Ultramax Eimer und Auswringer wringen gr\u00fcndlich aus, sodass Ihre H\u00e4nde sauber und trocken bleiben. Der asymmetrische Trichterauswringer verhindert unn\u00f6tiges Anheben des Bezugs und Wasserspritzer. Dies erm\u00f6glicht auch eine vollst\u00e4ndige Kontrolle, um die gew\u00fcnschte Feuchtigkeit des Bezugs zu erzielen und den erforderlichen Wasserstand f\u00fcr verschiedene Bodenarten \u2013 Fliesen, Vinyl, Stein, Holz oder Laminat \u2013 sicherzustellen.  <\/p>\n","protected":false},"excerpt":{"rendered":"<p>Vileda UltraMax Power 2in1 \u2013 Komplettset \u2013 Mikrofaser-Flachmopp + Eimer mit Auswringer.<\/p>\n<p><span style=\"color: #00a859;\"><strong>Art.-Nr.: 2407<\/strong><\/span><\/p>\n","protected":false},"featured_media":23774,"template":"","meta":[],"product_brand":[],"product_cat":[591,606],"product_tag":[],"class_list":{"0":"post-27156","1":"product","2":"type-product","3":"status-publish","4":"has-post-thumbnail","6":"product_cat-material-zubehor","7":"product_cat-reinigungswagen-staubsauger","9":"first","10":"onbackorder","11":"taxable","12":"shipping-taxable","13":"purchasable","14":"product-type-simple"},"acf":[],"_links":{"self":[{"href":"https:\/\/serviclean.be\/de\/wp-json\/wp\/v2\/product\/27156","targetHints":{"allow":["GET"]}}],"collection":[{"href":"https:\/\/serviclean.be\/de\/wp-json\/wp\/v2\/product"}],"about":[{"href":"https:\/\/serviclean.be\/de\/wp-json\/wp\/v2\/types\/product"}],"wp:featuredmedia":[{"embeddable":true,"href":"https:\/\/serviclean.be\/de\/wp-json\/wp\/v2\/media\/23774"}],"wp:attachment":[{"href":"https:\/\/serviclean.be\/de\/wp-json\/wp\/v2\/media?parent=27156"}],"wp:term":[{"taxonomy":"product_brand","embeddable":true,"href":"https:\/\/serviclean.be\/de\/wp-json\/wp\/v2\/product_brand?post=27156"},{"taxonomy":"product_cat","embeddable":true,"href":"https:\/\/serviclean.be\/de\/wp-json\/wp\/v2\/product_cat?post=27156"},{"taxonomy":"product_tag","embeddable":true,"href":"https:\/\/serviclean.be\/de\/wp-json\/wp\/v2\/product_tag?post=27156"}],"curies":[{"name":"wp","href":"https:\/\/api.w.org\/{rel}","templated":true}]}}