{"id":27152,"date":"2025-12-06T15:37:58","date_gmt":"2025-12-06T14:37:58","guid":{"rendered":"https:\/\/serviclean.be\/produit\/metallschaber-4-cm\/"},"modified":"2025-12-06T15:37:58","modified_gmt":"2025-12-06T14:37:58","slug":"metallschaber-4-cm","status":"publish","type":"product","link":"https:\/\/serviclean.be\/de\/produit\/metallschaber-4-cm\/","title":{"rendered":"Metallschaber 4 cm"},"content":{"rendered":"<p>Professioneller Metallschaber zum einfachen Entfernen hartn\u00e4ckiger R\u00fcckst\u00e4nde auf Glas, Glaskeramik, B\u00f6den oder glatten Oberfl\u00e4chen. Das robuste Stahlgeh\u00e4use garantiert Langlebigkeit, w\u00e4hrend das Sicherheitssystem die Klinge bei Nichtgebrauch sch\u00fctzt. Ideal f\u00fcr Reinigungsfirmen, Werkst\u00e4tten, Baustellen oder den Heimgebrauch. Kompatibel mit Standardklingen.   <\/p>\n<p>&nbsp;<\/p>\n","protected":false},"excerpt":{"rendered":"<p>Robuster Metallschaber mit Sicherheitsfunktion, perfekt zum Entfernen von Kleber, Spuren, Farbe und Schmutz auf glatten Oberfl\u00e4chen.<\/p>\n<p><strong><span style=\"color: #008000;\">Art.-Nr.: 1453<\/span><\/strong><\/p>\n","protected":false},"featured_media":25604,"template":"","meta":[],"product_brand":[],"product_cat":[576],"product_tag":[],"class_list":{"0":"post-27152","1":"product","2":"type-product","3":"status-publish","4":"has-post-thumbnail","6":"product_cat-fensterreinigungszubehor","8":"first","9":"instock","10":"taxable","11":"shipping-taxable","12":"purchasable","13":"product-type-simple"},"acf":[],"_links":{"self":[{"href":"https:\/\/serviclean.be\/de\/wp-json\/wp\/v2\/product\/27152","targetHints":{"allow":["GET"]}}],"collection":[{"href":"https:\/\/serviclean.be\/de\/wp-json\/wp\/v2\/product"}],"about":[{"href":"https:\/\/serviclean.be\/de\/wp-json\/wp\/v2\/types\/product"}],"wp:featuredmedia":[{"embeddable":true,"href":"https:\/\/serviclean.be\/de\/wp-json\/wp\/v2\/media\/25604"}],"wp:attachment":[{"href":"https:\/\/serviclean.be\/de\/wp-json\/wp\/v2\/media?parent=27152"}],"wp:term":[{"taxonomy":"product_brand","embeddable":true,"href":"https:\/\/serviclean.be\/de\/wp-json\/wp\/v2\/product_brand?post=27152"},{"taxonomy":"product_cat","embeddable":true,"href":"https:\/\/serviclean.be\/de\/wp-json\/wp\/v2\/product_cat?post=27152"},{"taxonomy":"product_tag","embeddable":true,"href":"https:\/\/serviclean.be\/de\/wp-json\/wp\/v2\/product_tag?post=27152"}],"curies":[{"name":"wp","href":"https:\/\/api.w.org\/{rel}","templated":true}]}}