{"id":27151,"date":"2025-11-20T15:29:11","date_gmt":"2025-11-20T14:29:11","guid":{"rendered":"https:\/\/serviclean.be\/produit\/anti-kalk-waesche-tabs-eimer-mit-250-tabs\/"},"modified":"2025-11-20T15:29:11","modified_gmt":"2025-11-20T14:29:11","slug":"anti-kalk-waesche-tabs-eimer-mit-250-tabs","status":"publish","type":"product","link":"https:\/\/serviclean.be\/de\/produit\/anti-kalk-waesche-tabs-eimer-mit-250-tabs\/","title":{"rendered":"Anti-Kalk-W\u00e4sche-Tabs (Eimer mit 250 Tabs)"},"content":{"rendered":"<h1 data-start=\"155\" data-end=\"214\"><strong data-start=\"157\" data-end=\"214\">Anti-Kalk-W\u00e4sche-Tabs (Eimer mit 250 Tabs)<\/strong><\/h1>\n<p data-start=\"216\" data-end=\"702\">Die Anti-Kalk-W\u00e4sche-Tabs bieten optimalen Schutz f\u00fcr Ihre W\u00e4sche und Ihre Waschmaschine, indem sie die Bildung von Kalkablagerungen verhindern. Dank ihrer konzentrierten Formel und schnellen Aufl\u00f6sung verbessern sie die Waschleistung, schonen Textilien und reduzieren den Waschmittelverbrauch. Verpackt in einzelnen, wasserl\u00f6slichen Folien-Tabs erm\u00f6glichen sie eine einfache, saubere und perfekt auf professionelle Umgebungen abgestimmte Anwendung.  <\/p>\n<h2 data-start=\"704\" data-end=\"739\"><strong data-start=\"707\" data-end=\"739\">Haupteigenschaften<\/strong><\/h2>\n<p data-start=\"741\" data-end=\"968\">Ma\u00dfe des Tabs: \u00d8 28 \u00d7 14 mm<br data-start=\"781\" data-end=\"784\">Einzelgewicht: 12 g<br data-start=\"805\" data-end=\"808\">Verpackung: Eimer mit 250 Tabs<br data-start=\"847\" data-end=\"850\">Mindestbestellmenge: 18 Eimer (1 Palettenreihe)<br data-start=\"900\" data-end=\"903\">Verpackung 100 % recycelbar, enth\u00e4lt 80 % recycelten Kunststoff<\/p>\n<h2 data-start=\"970\" data-end=\"988\"><strong data-start=\"973\" data-end=\"988\">Zusammensetzung<\/strong><\/h2>\n<p data-start=\"990\" data-end=\"1107\">Polycarboxylate: &gt;5 % \u2013 &lt;15 %<br data-start=\"1021\" data-end=\"1024\">Nichtionische Tenside: &lt;5 %<br data-start=\"1056\" data-end=\"1059\">Zeolith: &lt;5 %<br data-start=\"1073\" data-end=\"1076\">Phosphatfrei<br data-start=\"1091\" data-end=\"1094\">Parf\u00fcmfrei<\/p>\n<h2 data-start=\"1109\" data-end=\"1142\"><strong data-start=\"1112\" data-end=\"1142\">Eigenschaften und Leistung<\/strong><\/h2>\n<p data-start=\"1144\" data-end=\"1633\">Tab in wasserl\u00f6slicher PVA-Folie, einzeln verpackt<br data-start=\"1206\" data-end=\"1209\">Zylindrische Form \u2013 Farbe wei\u00df und blau<br data-start=\"1250\" data-end=\"1253\">Schnelle Aufl\u00f6sung: 1 bis 3 Minuten bei 20 \u00b0C<br data-start=\"1294\" data-end=\"1297\">pH-Wert 6 \u00b1 1<br data-start=\"1305\" data-end=\"1308\">Reduziert Kalkablagerungen auf der Kleidung<br data-start=\"1355\" data-end=\"1358\">Reduziert Kalk auf den Heizelementen von Waschmaschinen<br data-start=\"1417\" data-end=\"1420\">Reduziert den Waschmittelverbrauch und die Wasserh\u00e4rte<br data-start=\"1475\" data-end=\"1478\">Erleichtert die Wartung der Waschmaschine und optimiert die Waschleistung<br data-start=\"1547\" data-end=\"1550\">Ideal f\u00fcr W\u00e4schereien, Gro\u00dfverbraucher, Hotels und professionelle Umgebungen<\/p>\n<h2 data-start=\"1635\" data-end=\"1653\"><strong data-start=\"1638\" data-end=\"1653\">Anwendung<\/strong><\/h2>\n<p data-start=\"1655\" data-end=\"1825\">Ein Tab pro Waschgang zum Schutz der Textilien, zur Verl\u00e4ngerung der Lebensdauer der Waschmaschine, zur Reduzierung des Waschmittelverbrauchs und zur Gew\u00e4hrleistung einer effektiven W\u00e4sche bei hartem Wasser.<\/p>\n<h2 data-start=\"1827\" data-end=\"1859\"><strong data-start=\"1830\" data-end=\"1859\">Vorsichtsma\u00dfnahmen f\u00fcr die Anwendung<\/strong><\/h2>\n<p data-start=\"1861\" data-end=\"1949\">Den Eimer gut verschlossen und vor Feuchtigkeit gesch\u00fctzt aufbewahren. Mit trockenen H\u00e4nden handhaben. <\/p>\n","protected":false},"excerpt":{"rendered":"<p>Die Anti-Kalk-W\u00e4sche-Tabs (Eimer mit 250 Tabs) bieten optimalen Schutz f\u00fcr Ihre W\u00e4sche und Ihre Waschmaschine, indem sie die Bildung von Kalkablagerungen verhindern. Dank ihrer konzentrierten Formel und schnellen Aufl\u00f6sung verbessern sie die Waschleistung, schonen Textilien und reduzieren den Waschmittelverbrauch. <\/p>\n<p><strong><span style=\"color: #008000;\">Ref: 2013<\/span><\/strong><\/p>\n","protected":false},"featured_media":27155,"template":"","meta":[],"product_brand":[],"product_cat":[602,615],"product_tag":[],"class_list":{"0":"post-27151","1":"product","2":"type-product","3":"status-publish","4":"has-post-thumbnail","6":"product_cat-waschmittel-und-weichspuler","7":"product_cat-waschepflege","9":"first","10":"instock","11":"taxable","12":"shipping-taxable","13":"purchasable","14":"product-type-simple"},"acf":[],"_links":{"self":[{"href":"https:\/\/serviclean.be\/de\/wp-json\/wp\/v2\/product\/27151","targetHints":{"allow":["GET"]}}],"collection":[{"href":"https:\/\/serviclean.be\/de\/wp-json\/wp\/v2\/product"}],"about":[{"href":"https:\/\/serviclean.be\/de\/wp-json\/wp\/v2\/types\/product"}],"wp:featuredmedia":[{"embeddable":true,"href":"https:\/\/serviclean.be\/de\/wp-json\/wp\/v2\/media\/27155"}],"wp:attachment":[{"href":"https:\/\/serviclean.be\/de\/wp-json\/wp\/v2\/media?parent=27151"}],"wp:term":[{"taxonomy":"product_brand","embeddable":true,"href":"https:\/\/serviclean.be\/de\/wp-json\/wp\/v2\/product_brand?post=27151"},{"taxonomy":"product_cat","embeddable":true,"href":"https:\/\/serviclean.be\/de\/wp-json\/wp\/v2\/product_cat?post=27151"},{"taxonomy":"product_tag","embeddable":true,"href":"https:\/\/serviclean.be\/de\/wp-json\/wp\/v2\/product_tag?post=27151"}],"curies":[{"name":"wp","href":"https:\/\/api.w.org\/{rel}","templated":true}]}}