{"id":27147,"date":"2025-12-06T18:32:06","date_gmt":"2025-12-06T17:32:06","guid":{"rendered":"https:\/\/serviclean.be\/produit\/kenotek-pro-wheel-cleaner-1-l\/"},"modified":"2025-12-06T18:32:06","modified_gmt":"2025-12-06T17:32:06","slug":"kenotek-pro-wheel-cleaner-1-l","status":"publish","type":"product","link":"https:\/\/serviclean.be\/de\/produit\/kenotek-pro-wheel-cleaner-1-l\/","title":{"rendered":"Kenotek Pro Wheel Cleaner 1 l"},"content":{"rendered":"<p>Der Kenotek Pro Wheel Cleaner ist ein gebrauchsfertiger, leistungsstarker und zugleich sicherer Felgenreiniger, der entwickelt wurde, um \u201eschwarzen Schmutz\u201c, Bremsstaub, Stra\u00dfenfett und urbane Ablagerungen auf Ihren Felgen effektiv zu entfernen. Dank seiner alkalischen Formel mit kontrolliertem pH-Wert l\u00f6st er fest sitzende R\u00fcckst\u00e4nde, ohne die Integrit\u00e4t der Felgen und der umliegenden Komponenten (Bremss\u00e4ttel, Bremsanlage \u2026) zu beeintr\u00e4chtigen. Die Anwendung ist einfach: Spr\u00fchen Sie das Produkt auf die Felge, lassen Sie es einige Augenblicke einwirken, b\u00fcrsten Sie bei Bedarf und sp\u00fclen Sie anschlie\u00dfend gr\u00fcndlich mit Wasser ab, ohne das Produkt jemals auf der Oberfl\u00e4che antrocknen zu lassen. Nach der Reinigung sehen die Felgen wieder sauber und gepflegt aus \u2013 bereit f\u00fcr die Pflege oder das Auftragen einer Schutzbehandlung.   <\/p>\n","protected":false},"excerpt":{"rendered":"<p>Leistungsstarker, gebrauchsfertiger Felgenreiniger zum Entfernen von Schmutz, Bremsstaub und Stra\u00dfenablagerungen<\/p>\n<p>effektiv, einfach anzuwenden und f\u00fcr die meisten Felgen unbedenklich.<\/p>\n<p><strong><span style=\"color: #008000;\">Ref.: 6115<\/span><\/strong><\/p>\n","protected":false},"featured_media":25609,"template":"","meta":[],"product_brand":[],"product_cat":[593],"product_tag":[],"class_list":{"0":"post-27147","1":"product","2":"type-product","3":"status-publish","4":"has-post-thumbnail","6":"product_cat-produkte-fur-glas-und-oberflachen","8":"first","9":"instock","10":"taxable","11":"shipping-taxable","12":"purchasable","13":"product-type-simple"},"acf":[],"_links":{"self":[{"href":"https:\/\/serviclean.be\/de\/wp-json\/wp\/v2\/product\/27147","targetHints":{"allow":["GET"]}}],"collection":[{"href":"https:\/\/serviclean.be\/de\/wp-json\/wp\/v2\/product"}],"about":[{"href":"https:\/\/serviclean.be\/de\/wp-json\/wp\/v2\/types\/product"}],"wp:featuredmedia":[{"embeddable":true,"href":"https:\/\/serviclean.be\/de\/wp-json\/wp\/v2\/media\/25609"}],"wp:attachment":[{"href":"https:\/\/serviclean.be\/de\/wp-json\/wp\/v2\/media?parent=27147"}],"wp:term":[{"taxonomy":"product_brand","embeddable":true,"href":"https:\/\/serviclean.be\/de\/wp-json\/wp\/v2\/product_brand?post=27147"},{"taxonomy":"product_cat","embeddable":true,"href":"https:\/\/serviclean.be\/de\/wp-json\/wp\/v2\/product_cat?post=27147"},{"taxonomy":"product_tag","embeddable":true,"href":"https:\/\/serviclean.be\/de\/wp-json\/wp\/v2\/product_tag?post=27147"}],"curies":[{"name":"wp","href":"https:\/\/api.w.org\/{rel}","templated":true}]}}