{"id":27145,"date":"2025-11-20T15:54:07","date_gmt":"2025-11-20T14:54:07","guid":{"rendered":"https:\/\/serviclean.be\/produit\/wc-sanitaertabletten-tab-eimer-mit-100-tabletten\/"},"modified":"2025-11-20T15:54:07","modified_gmt":"2025-11-20T14:54:07","slug":"wc-sanitaertabletten-tab-eimer-mit-100-tabletten","status":"publish","type":"product","link":"https:\/\/serviclean.be\/de\/produit\/wc-sanitaertabletten-tab-eimer-mit-100-tabletten\/","title":{"rendered":"WC-Sanit\u00e4rtabletten TAB (Eimer mit 100 Tabletten)"},"content":{"rendered":"<h1 data-start=\"214\" data-end=\"260\"><strong data-start=\"216\" data-end=\"260\">WC-Tabletten TAB (Eimer mit 100 Tabletten)<\/strong><\/h1>\n<p data-start=\"262\" data-end=\"655\">Die WC-Tabletten TAB sorgen dank ihrer sprudelnden Anti-Kalk-, Entkalkungs- und Desodorierungswirkung f\u00fcr eine gr\u00fcndliche Reinigung der WC-Sch\u00fcssel. Ihr Zitronenduft hinterl\u00e4sst ein angenehmes Frischegef\u00fchl und gew\u00e4hrleistet zugleich optimale Wirksamkeit gegen Ablagerungen und R\u00fcckst\u00e4nde. Einzeln verpackt sind sie einfach in der Handhabung, hygienisch und f\u00fcr den regelm\u00e4\u00dfigen Einsatz geeignet.  <\/p>\n<h2 data-start=\"657\" data-end=\"692\"><strong data-start=\"660\" data-end=\"692\">Hauptmerkmale<\/strong><\/h2>\n<p data-start=\"694\" data-end=\"1120\">Abmessungen einer Tablette: 36 \u00d7 26 \u00d7 14 mm<br data-start=\"737\" data-end=\"740\">St\u00fcckgewicht: 20 g (\u00b1 0,5 g)<br data-start=\"771\" data-end=\"774\">Verpackung: Eimer mit 100 Tabletten<br data-start=\"813\" data-end=\"816\">Abmessungen des Eimers: \u00d8 22,7 \u00d7 19,5 cm<br data-start=\"853\" data-end=\"856\">Farbe: Gr\u00fcn und Wei\u00df<br data-start=\"879\" data-end=\"882\">Sprudeltablette mit Zitronenduft<br data-start=\"918\" data-end=\"921\">Ohne Phosphate und Phosphonate<br data-start=\"952\" data-end=\"955\">Einzelfolie aus Polypropylen (Flowpack)<br data-start=\"999\" data-end=\"1002\">Rechteckige Form<br data-start=\"1021\" data-end=\"1024\">pH: 3 \u00b1 1 (verd\u00fcnnt in 2 l Wasser)<br data-start=\"1057\" data-end=\"1060\">Eimer zu 100 % recycelbar, aus 80 % recyceltem Kunststoff<\/p>\n<h2 data-start=\"1122\" data-end=\"1140\"><strong data-start=\"1125\" data-end=\"1140\">Zusammensetzung<\/strong><\/h2>\n<p data-start=\"1142\" data-end=\"1216\">&lt; 5 % anionische Tenside<br data-start=\"1171\" data-end=\"1174\">&lt;5 % nichtionische Tenside<br data-start=\"1205\" data-end=\"1208\">Duftstoff<\/p>\n<h2 data-start=\"1218\" data-end=\"1237\"><strong data-start=\"1221\" data-end=\"1237\">Anwendungen<\/strong><\/h2>\n<p data-start=\"1239\" data-end=\"1422\">Reinigt die WC-Sch\u00fcssel effektiv<br data-start=\"1270\" data-end=\"1273\">Entfernt Kalk<br data-start=\"1292\" data-end=\"1295\">L\u00f6st Kalkablagerungen<br data-start=\"1323\" data-end=\"1326\">Desodoriert langanhaltend<br data-start=\"1348\" data-end=\"1351\">Ideal f\u00fcr die regelm\u00e4\u00dfige Pflege von privaten und professionellen WCs<\/p>\n<h2 data-start=\"1424\" data-end=\"1456\"><strong data-start=\"1427\" data-end=\"1456\">Vorsichtsma\u00dfnahmen<\/strong><\/h2>\n<p data-start=\"1458\" data-end=\"1630\">Beh\u00e4lter gut verschlossen, vor Feuchtigkeit gesch\u00fctzt und bei einer Temperatur unter 35 \u00b0C lagern.<br data-start=\"1555\" data-end=\"1558\">Nicht mit anderen Chemikalien mischen (z. B. Bleichmittel).<\/p>\n<h2 data-start=\"1632\" data-end=\"1652\"><strong data-start=\"1635\" data-end=\"1652\">Gebrauchsanweisung<\/strong><\/h2>\n<p data-start=\"1654\" data-end=\"1939\">Einzelsachet \u00f6ffnen und die Tablette in die WC-Sch\u00fcssel geben.<br data-start=\"1730\" data-end=\"1733\">Mindestens 30 Minuten einwirken lassen. Bei starken Ablagerungen \u00fcber Nacht einwirken lassen.<br data-start=\"1824\" data-end=\"1827\">Sp\u00fclen: Unterhalb des Wasserspiegels ist kein Schrubben erforderlich.<br data-start=\"1901\" data-end=\"1904\">Nach Gebrauch den Eimer wieder gut verschlie\u00dfen. <\/p>\n<h2 data-start=\"1941\" data-end=\"1954\"><strong data-start=\"1944\" data-end=\"1954\">Dosierung<\/strong><\/h2>\n<p data-start=\"1956\" data-end=\"2128\">1 Tablette pro Anwendung.<br data-start=\"1983\" data-end=\"1986\">2 Tabletten und \u00fcber Nacht einwirken lassen bei stark verkrustetem Kalk.<br data-start=\"2051\" data-end=\"2054\">Regelm\u00e4\u00dfige Anwendung: 1\u20132-mal pro Woche, kompatibel mit Kl\u00e4rgruben.<\/p>\n","protected":false},"excerpt":{"rendered":"<p>Sprudelnde WC-Tabletten TAB mit Zitronenduft. Reinigen, entkalken und entfernen Kalk und hinterlassen dabei einen frischen Duft. Schnelle Wirkung, ohne Phosphate, einzeln verpackt. Ideal f\u00fcr die regelm\u00e4\u00dfige WC-Pflege. Eimer mit 100 Tabletten.    <\/p>\n<p><span style=\"color: #008000;\"><strong>Ref.: 2011<\/strong><\/span><\/p>\n<p>&nbsp;<\/p>\n","protected":false},"featured_media":27149,"template":"","meta":[],"product_brand":[],"product_cat":[614],"product_tag":[],"class_list":{"0":"post-27145","1":"product","2":"type-product","3":"status-publish","4":"has-post-thumbnail","6":"product_cat-sanitarprodukte","8":"first","9":"instock","10":"taxable","11":"shipping-taxable","12":"purchasable","13":"product-type-simple"},"acf":[],"_links":{"self":[{"href":"https:\/\/serviclean.be\/de\/wp-json\/wp\/v2\/product\/27145","targetHints":{"allow":["GET"]}}],"collection":[{"href":"https:\/\/serviclean.be\/de\/wp-json\/wp\/v2\/product"}],"about":[{"href":"https:\/\/serviclean.be\/de\/wp-json\/wp\/v2\/types\/product"}],"wp:featuredmedia":[{"embeddable":true,"href":"https:\/\/serviclean.be\/de\/wp-json\/wp\/v2\/media\/27149"}],"wp:attachment":[{"href":"https:\/\/serviclean.be\/de\/wp-json\/wp\/v2\/media?parent=27145"}],"wp:term":[{"taxonomy":"product_brand","embeddable":true,"href":"https:\/\/serviclean.be\/de\/wp-json\/wp\/v2\/product_brand?post=27145"},{"taxonomy":"product_cat","embeddable":true,"href":"https:\/\/serviclean.be\/de\/wp-json\/wp\/v2\/product_cat?post=27145"},{"taxonomy":"product_tag","embeddable":true,"href":"https:\/\/serviclean.be\/de\/wp-json\/wp\/v2\/product_tag?post=27145"}],"curies":[{"name":"wp","href":"https:\/\/api.w.org\/{rel}","templated":true}]}}