{"id":27142,"date":"2025-12-06T18:38:00","date_gmt":"2025-12-06T17:38:00","guid":{"rendered":"https:\/\/serviclean.be\/produit\/kenotek-pro-showroom-shine\/"},"modified":"2025-12-06T18:38:00","modified_gmt":"2025-12-06T17:38:00","slug":"kenotek-pro-showroom-shine","status":"publish","type":"product","link":"https:\/\/serviclean.be\/de\/produit\/kenotek-pro-showroom-shine\/","title":{"rendered":"Kenotek Pro Showroom Shine"},"content":{"rendered":"<p>Kenotek Pro Showroom Shine ist ein professioneller Quick Detailer, der entwickelt wurde, um den Glanz Ihrer Karosserie sofort aufzufrischen. Seine Hochleistungsformel entfernt leichten Staub, Wasserflecken, Fingerabdr\u00fccke und Grauschleier, w\u00e4hrend sie ein gl\u00e4nzendes und glattes Finish hinterl\u00e4sst. Schnell und einfach in der Anwendung, erfordert er kein Absp\u00fclen: Einfach aufspr\u00fchen und mit einem Mikrofasertuch abwischen. Showroom Shine f\u00fcgt zudem einen leichten hydrophoben Schutz hinzu, der hilft, Wasser und Schmutz abzuweisen, und bietet in wenigen Minuten einen \u201eFrisch-aus-dem-Showroom\u201c-Effekt \u2013 ideal f\u00fcr die schnelle Pflege oder kurz vor der Fahrzeug\u00fcbergabe.   <\/p>\n","protected":false},"excerpt":{"rendered":"<p>Professioneller Quick Detailer zum Aufspr\u00fchen\/Abwischen zur Glanzauffrischung, Entfernung leichter Spuren und Verbesserung des Abperleffekts. Sofortiges Hochglanz-Finish. <\/p>\n<p><span style=\"color: #008000;\"><strong>Art.-Nr.: 6117<\/strong><\/span><\/p>\n","protected":false},"featured_media":25613,"template":"","meta":[],"product_brand":[],"product_cat":[593],"product_tag":[],"class_list":{"0":"post-27142","1":"product","2":"type-product","3":"status-publish","4":"has-post-thumbnail","6":"product_cat-produkte-fur-glas-und-oberflachen","8":"first","9":"instock","10":"taxable","11":"shipping-taxable","12":"purchasable","13":"product-type-simple"},"acf":[],"_links":{"self":[{"href":"https:\/\/serviclean.be\/de\/wp-json\/wp\/v2\/product\/27142","targetHints":{"allow":["GET"]}}],"collection":[{"href":"https:\/\/serviclean.be\/de\/wp-json\/wp\/v2\/product"}],"about":[{"href":"https:\/\/serviclean.be\/de\/wp-json\/wp\/v2\/types\/product"}],"wp:featuredmedia":[{"embeddable":true,"href":"https:\/\/serviclean.be\/de\/wp-json\/wp\/v2\/media\/25613"}],"wp:attachment":[{"href":"https:\/\/serviclean.be\/de\/wp-json\/wp\/v2\/media?parent=27142"}],"wp:term":[{"taxonomy":"product_brand","embeddable":true,"href":"https:\/\/serviclean.be\/de\/wp-json\/wp\/v2\/product_brand?post=27142"},{"taxonomy":"product_cat","embeddable":true,"href":"https:\/\/serviclean.be\/de\/wp-json\/wp\/v2\/product_cat?post=27142"},{"taxonomy":"product_tag","embeddable":true,"href":"https:\/\/serviclean.be\/de\/wp-json\/wp\/v2\/product_tag?post=27142"}],"curies":[{"name":"wp","href":"https:\/\/api.w.org\/{rel}","templated":true}]}}