{"id":27140,"date":"2025-11-22T15:39:25","date_gmt":"2025-11-22T14:39:25","guid":{"rendered":"https:\/\/serviclean.be\/produit\/abfalleimer-mit-pedaldeckel-50-l\/"},"modified":"2025-11-22T15:39:25","modified_gmt":"2025-11-22T14:39:25","slug":"abfalleimer-mit-pedaldeckel-50-l","status":"publish","type":"product","link":"https:\/\/serviclean.be\/de\/produit\/abfalleimer-mit-pedaldeckel-50-l\/","title":{"rendered":"Abfalleimer mit Pedaldeckel 50 l"},"content":{"rendered":"<p>Der STEP-Abfalleimer ist aus hochdichtem PIR-Kunststoff (Polypropylen) gefertigt und bietet eine hervorragende Sto\u00dffestigkeit sowie eine lange Lebensdauer. Mit einem breiten, rutschfesten Pedal erm\u00f6glicht er ein hygienisches und m\u00fcheloses \u00d6ffnen; die graue Optik ist so gestaltet, dass sie weniger schmutzanf\u00e4llig ist. Das robuste Design erleichtert die t\u00e4gliche Reinigung. Er eignet sich f\u00fcr verschiedene Umgebungen: B\u00fcros, Gemeinschaftsbereiche, Profik\u00fcchen oder Durchgangszonen. Die grau\/schwarzen Ausf\u00fchrungen sorgen f\u00fcr eine dezente Integration in jede Art von Raum.    <\/p>\n","protected":false},"excerpt":{"rendered":"<p>STEP-Abfalleimer aus hochdichtem Polypropylen, robust und leicht zu reinigen, mit rutschfestem Pedal. Erh\u00e4ltlich in 50 l, in grau\/schwarzer Ausf\u00fchrung. <\/p>\n<p><strong><span style=\"color: #008000;\">Ref.: 2142<\/span><\/strong><\/p>\n","protected":false},"featured_media":25452,"template":"","meta":[],"product_brand":[],"product_cat":[572],"product_tag":[],"class_list":{"0":"post-27140","1":"product","2":"type-product","3":"status-publish","4":"has-post-thumbnail","6":"product_cat-mulleimer","8":"first","9":"instock","10":"taxable","11":"shipping-taxable","12":"purchasable","13":"product-type-simple"},"acf":[],"_links":{"self":[{"href":"https:\/\/serviclean.be\/de\/wp-json\/wp\/v2\/product\/27140","targetHints":{"allow":["GET"]}}],"collection":[{"href":"https:\/\/serviclean.be\/de\/wp-json\/wp\/v2\/product"}],"about":[{"href":"https:\/\/serviclean.be\/de\/wp-json\/wp\/v2\/types\/product"}],"wp:featuredmedia":[{"embeddable":true,"href":"https:\/\/serviclean.be\/de\/wp-json\/wp\/v2\/media\/25452"}],"wp:attachment":[{"href":"https:\/\/serviclean.be\/de\/wp-json\/wp\/v2\/media?parent=27140"}],"wp:term":[{"taxonomy":"product_brand","embeddable":true,"href":"https:\/\/serviclean.be\/de\/wp-json\/wp\/v2\/product_brand?post=27140"},{"taxonomy":"product_cat","embeddable":true,"href":"https:\/\/serviclean.be\/de\/wp-json\/wp\/v2\/product_cat?post=27140"},{"taxonomy":"product_tag","embeddable":true,"href":"https:\/\/serviclean.be\/de\/wp-json\/wp\/v2\/product_tag?post=27140"}],"curies":[{"name":"wp","href":"https:\/\/api.w.org\/{rel}","templated":true}]}}