{"id":27136,"date":"2025-12-06T18:46:34","date_gmt":"2025-12-06T17:46:34","guid":{"rendered":"https:\/\/serviclean.be\/produit\/kenotex-pro-ledercreme-400-ml\/"},"modified":"2025-12-06T18:46:34","modified_gmt":"2025-12-06T17:46:34","slug":"kenotex-pro-ledercreme-400-ml","status":"publish","type":"product","link":"https:\/\/serviclean.be\/de\/produit\/kenotex-pro-ledercreme-400-ml\/","title":{"rendered":"Kenotex Pro Ledercreme 400 ml"},"content":{"rendered":"<p>Kenotek Pro Ledercreme ist eine umfassende Pflege f\u00fcr die Instandhaltung von Autoleder. Ihre n\u00e4hrende Formel reinigt sanft, spendet tiefenwirksam Feuchtigkeit und sch\u00fctzt Lederoberfl\u00e4chen vor Austrocknung, Rissbildung und t\u00e4glicher Abnutzung. Sie frischt die Farbe auf und hinterl\u00e4sst ein seidiges, geschmeidiges und angenehmes Gef\u00fchl, ohne zu fetten.  <\/p>\n<p>Einfach anzuwenden, verleiht die Ledercreme dem Leder sein nat\u00fcrliches Aussehen zur\u00fcck und hinterl\u00e4sst gleichzeitig einen dauerhaften Schutz gegen Feuchtigkeit, UV-Strahlen und Schmutz. Perfekt f\u00fcr die regelm\u00e4\u00dfige Pflege von Sitzen, Lenkr\u00e4dern, T\u00fcrverkleidungen und allen Lederoberfl\u00e4chen. <\/p>\n","protected":false},"excerpt":{"rendered":"<p>N\u00e4hrende Creme f\u00fcr Autoleder: reinigt, spendet Feuchtigkeit, frischt die Farbe auf und sch\u00fctzt vor Abnutzung, ohne einen Fettfilm zu hinterlassen.<\/p>\n<p><strong><span style=\"color: #008000;\">Art.-Nr.: 6118<\/span><\/strong><\/p>\n<p>&nbsp;<\/p>\n","protected":false},"featured_media":26519,"template":"","meta":[],"product_brand":[],"product_cat":[593],"product_tag":[],"class_list":{"0":"post-27136","1":"product","2":"type-product","3":"status-publish","4":"has-post-thumbnail","6":"product_cat-produkte-fur-glas-und-oberflachen","8":"first","9":"instock","10":"taxable","11":"shipping-taxable","12":"purchasable","13":"product-type-simple"},"acf":[],"_links":{"self":[{"href":"https:\/\/serviclean.be\/de\/wp-json\/wp\/v2\/product\/27136","targetHints":{"allow":["GET"]}}],"collection":[{"href":"https:\/\/serviclean.be\/de\/wp-json\/wp\/v2\/product"}],"about":[{"href":"https:\/\/serviclean.be\/de\/wp-json\/wp\/v2\/types\/product"}],"wp:featuredmedia":[{"embeddable":true,"href":"https:\/\/serviclean.be\/de\/wp-json\/wp\/v2\/media\/26519"}],"wp:attachment":[{"href":"https:\/\/serviclean.be\/de\/wp-json\/wp\/v2\/media?parent=27136"}],"wp:term":[{"taxonomy":"product_brand","embeddable":true,"href":"https:\/\/serviclean.be\/de\/wp-json\/wp\/v2\/product_brand?post=27136"},{"taxonomy":"product_cat","embeddable":true,"href":"https:\/\/serviclean.be\/de\/wp-json\/wp\/v2\/product_cat?post=27136"},{"taxonomy":"product_tag","embeddable":true,"href":"https:\/\/serviclean.be\/de\/wp-json\/wp\/v2\/product_tag?post=27136"}],"curies":[{"name":"wp","href":"https:\/\/api.w.org\/{rel}","templated":true}]}}