{"id":27127,"date":"2025-12-10T16:58:40","date_gmt":"2025-12-10T15:58:40","guid":{"rendered":"https:\/\/serviclean.be\/produit\/fluessigseife-le-chat-pfirsich-500-ml\/"},"modified":"2025-12-10T16:58:40","modified_gmt":"2025-12-10T15:58:40","slug":"fluessigseife-le-chat-pfirsich-500-ml","status":"publish","type":"product","link":"https:\/\/serviclean.be\/de\/produit\/fluessigseife-le-chat-pfirsich-500-ml\/","title":{"rendered":"Fl\u00fcssigseife Le Chat Pfirsich 500 ml"},"content":{"rendered":"<p>Die Fl\u00fcssigseife Le Chat Pfirsich 500 ml reinigt wirksam und sanft zugleich. Ihre Formel mit der fruchtigen Sanftheit des Pfirsichs hinterl\u00e4sst ein angenehmes Frischegef\u00fchl und einen k\u00f6stlichen Duft auf der Haut. F\u00fcr h\u00e4ufigen Gebrauch geeignet, respektiert sie das Hautgleichgewicht und ist f\u00fcr die ganze Familie geeignet. Ihr 500-ml-Pumpflakon ist praktisch f\u00fcr den t\u00e4glichen Gebrauch zu Hause, im B\u00fcro oder in Gemeinschaftseinrichtungen.   <\/p>\n","protected":false},"excerpt":{"rendered":"<p>Fl\u00fcssigseife Le Chat Pfirsich 500 ml Die Fl\u00fcssigseife Le Chat Pfirsich 500 ml ist speziell formuliert, um die H\u00e4nde sanft zu reinigen und dabei einen frischen und angenehmen Duft zu bieten. Dank ihrer f\u00fcr h\u00e4ufigen Gebrauch geeigneten Formel garantiert sie optimale Hygiene, ohne die Haut anzugreifen. Ihr praktischer Pumpflakon erm\u00f6glicht eine einfache und sparsame Anwendung und macht dieses Produkt ideal f\u00fcr die ganze Familie. Entscheiden Sie sich f\u00fcr ein Handwascherlebnis, das zugleich wirksam und angenehm ist, mit dieser hochwertigen Fl\u00fcssigseife.   <\/p>\n<p><strong><span style=\"color: #008000;\">Art.-Nr.: 1613<\/span><\/strong><\/p>\n","protected":false},"featured_media":25638,"template":"","meta":[],"product_brand":[],"product_cat":[571],"product_tag":[],"class_list":{"0":"post-27127","1":"product","2":"type-product","3":"status-publish","4":"has-post-thumbnail","6":"product_cat-handhygiene","8":"first","9":"instock","10":"taxable","11":"shipping-taxable","12":"purchasable","13":"product-type-simple"},"acf":[],"_links":{"self":[{"href":"https:\/\/serviclean.be\/de\/wp-json\/wp\/v2\/product\/27127","targetHints":{"allow":["GET"]}}],"collection":[{"href":"https:\/\/serviclean.be\/de\/wp-json\/wp\/v2\/product"}],"about":[{"href":"https:\/\/serviclean.be\/de\/wp-json\/wp\/v2\/types\/product"}],"wp:featuredmedia":[{"embeddable":true,"href":"https:\/\/serviclean.be\/de\/wp-json\/wp\/v2\/media\/25638"}],"wp:attachment":[{"href":"https:\/\/serviclean.be\/de\/wp-json\/wp\/v2\/media?parent=27127"}],"wp:term":[{"taxonomy":"product_brand","embeddable":true,"href":"https:\/\/serviclean.be\/de\/wp-json\/wp\/v2\/product_brand?post=27127"},{"taxonomy":"product_cat","embeddable":true,"href":"https:\/\/serviclean.be\/de\/wp-json\/wp\/v2\/product_cat?post=27127"},{"taxonomy":"product_tag","embeddable":true,"href":"https:\/\/serviclean.be\/de\/wp-json\/wp\/v2\/product_tag?post=27127"}],"curies":[{"name":"wp","href":"https:\/\/api.w.org\/{rel}","templated":true}]}}