{"id":27122,"date":"2025-12-11T17:58:42","date_gmt":"2025-12-11T16:58:42","guid":{"rendered":"https:\/\/serviclean.be\/produit\/edelstahl-spiralschwaemme-10x100-g\/"},"modified":"2025-12-11T17:58:42","modified_gmt":"2025-12-11T16:58:42","slug":"edelstahl-spiralschwaemme-10x100-g","status":"publish","type":"product","link":"https:\/\/serviclean.be\/de\/produit\/edelstahl-spiralschwaemme-10x100-g\/","title":{"rendered":"Edelstahl-Spiralschw\u00e4mme 10\u00d7100 g"},"content":{"rendered":"<p data-start=\"175\" data-end=\"555\">Der professionelle Edelstahl-Spiralschwamm ist das ideale Werkzeug f\u00fcr eine intensive und langlebige Reinigung. Aus hochwertigem Edelstahl gefertigt, rostet er nicht und bleibt auch nach vielfachem Einsatz effektiv. Seine robuste Struktur entfernt m\u00fchelos hartn\u00e4ckige Fette, eingebrannte R\u00fcckst\u00e4nde und schwierigen Schmutz und bietet dabei hervorragende Reinigungseigenschaften.  <\/p>\n<p data-start=\"557\" data-end=\"581\"><strong data-start=\"557\" data-end=\"579\">Eigenschaften:<\/strong><\/p>\n<ul data-start=\"582\" data-end=\"956\">\n<li data-start=\"582\" data-end=\"660\">\n<p data-start=\"584\" data-end=\"660\"><strong data-start=\"584\" data-end=\"611\">Edelstahl, 100 % rostfrei:<\/strong> hohe Best\u00e4ndigkeit gegen Verschlei\u00df und Korrosion.<\/p>\n<\/li>\n<li data-start=\"661\" data-end=\"739\">\n<p data-start=\"663\" data-end=\"739\"><strong data-start=\"663\" data-end=\"687\">Kraftvolle Reinigung:<\/strong> entfernt schnell die hartn\u00e4ckigsten Flecken.<\/p>\n<\/li>\n<li data-start=\"740\" data-end=\"807\">\n<p data-start=\"742\" data-end=\"807\"><strong data-start=\"742\" data-end=\"767\">Lange Lebensdauer:<\/strong> franst nicht aus und beh\u00e4lt seine Form.<\/p>\n<\/li>\n<li data-start=\"808\" data-end=\"904\">\n<p data-start=\"810\" data-end=\"904\"><strong data-start=\"810\" data-end=\"836\">Profi-Format:<\/strong> ideal f\u00fcr K\u00fcchen, Werkst\u00e4tten, Gemeinschaftseinrichtungen, Gastronomie usw.<\/p>\n<\/li>\n<li data-start=\"905\" data-end=\"956\">\n<p data-start=\"907\" data-end=\"956\"><strong data-start=\"907\" data-end=\"927\">Sparpack:<\/strong> 10 Schw\u00e4mme \u00e0 100 g.<\/p>\n<\/li>\n<\/ul>\n<p data-start=\"958\" data-end=\"1080\"><strong data-start=\"958\" data-end=\"975\">Ideal f\u00fcr:<\/strong><br data-start=\"975\" data-end=\"978\">Arbeitsfl\u00e4chen, Edelstahl-Utensilien, T\u00f6pfe, Kochplatten, Grills, Profi-Ausr\u00fcstung \u2026<\/p>\n<p data-start=\"1082\" data-end=\"1199\">Entscheiden Sie sich f\u00fcr eine zuverl\u00e4ssige, langlebige und leistungsstarke Reinigungsl\u00f6sung mit diesen professionellen Edelstahl-Spiralschw\u00e4mmen!<\/p>\n","protected":false},"excerpt":{"rendered":"<p>Der professionelle Edelstahl-Spiralschwamm reinigt effektiv und ist vollst\u00e4ndig rostfrei. Er bietet sehr gute Reinigungseigenschaften. <\/p>\n<p><strong><span style=\"color: #008000;\">Ref.: 5518<\/span><\/strong><\/p>\n","protected":false},"featured_media":27123,"template":"","meta":[],"product_brand":[],"product_cat":[573,609],"product_tag":[],"class_list":{"0":"post-27122","1":"product","2":"type-product","3":"status-publish","4":"has-post-thumbnail","6":"product_cat-kuchenhygiene","7":"product_cat-schwamme","9":"first","10":"instock","11":"taxable","12":"shipping-taxable","13":"purchasable","14":"product-type-simple"},"acf":[],"_links":{"self":[{"href":"https:\/\/serviclean.be\/de\/wp-json\/wp\/v2\/product\/27122","targetHints":{"allow":["GET"]}}],"collection":[{"href":"https:\/\/serviclean.be\/de\/wp-json\/wp\/v2\/product"}],"about":[{"href":"https:\/\/serviclean.be\/de\/wp-json\/wp\/v2\/types\/product"}],"wp:featuredmedia":[{"embeddable":true,"href":"https:\/\/serviclean.be\/de\/wp-json\/wp\/v2\/media\/27123"}],"wp:attachment":[{"href":"https:\/\/serviclean.be\/de\/wp-json\/wp\/v2\/media?parent=27122"}],"wp:term":[{"taxonomy":"product_brand","embeddable":true,"href":"https:\/\/serviclean.be\/de\/wp-json\/wp\/v2\/product_brand?post=27122"},{"taxonomy":"product_cat","embeddable":true,"href":"https:\/\/serviclean.be\/de\/wp-json\/wp\/v2\/product_cat?post=27122"},{"taxonomy":"product_tag","embeddable":true,"href":"https:\/\/serviclean.be\/de\/wp-json\/wp\/v2\/product_tag?post=27122"}],"curies":[{"name":"wp","href":"https:\/\/api.w.org\/{rel}","templated":true}]}}