{"id":27118,"date":"2025-12-21T16:55:46","date_gmt":"2025-12-21T15:55:46","guid":{"rendered":"https:\/\/serviclean.be\/produit\/moebelreiniger-400-ml\/"},"modified":"2025-12-21T16:55:46","modified_gmt":"2025-12-21T15:55:46","slug":"moebelreiniger-400-ml","status":"publish","type":"product","link":"https:\/\/serviclean.be\/de\/produit\/moebelreiniger-400-ml\/","title":{"rendered":"M\u00f6belreiniger 400 ml"},"content":{"rendered":"<p>Professioneller Reiniger, speziell f\u00fcr die Pflege und den Schutz von M\u00f6beln entwickelt. Seine effektive Formel entfernt Staub, Spuren und allt\u00e4glichen Schmutz, w\u00e4hrend sie die Oberfl\u00e4chen schont. Er reinigt, frischt auf und hinterl\u00e4sst ein sauberes, gepflegtes und fettfreies Ergebnis. Ideal f\u00fcr Holz-, Laminat- und \u00e4hnliche Oberfl\u00e4chen, perfekt geeignet f\u00fcr den professionellen oder intensiven Einsatz in B\u00fcros, \u00f6ffentlichen Einrichtungen sowie im Haushalt.   <\/p>\n","protected":false},"excerpt":{"rendered":"<p>Professioneller M\u00f6belreiniger, Vinfer Limpia Muebles reinigt, frischt auf und sch\u00fctzt Oberfl\u00e4chen effektiv, ohne Spuren oder R\u00fcckst\u00e4nde zu hinterlassen.<\/p>\n<p><span style=\"color: #008000;\"><strong>Art.-Nr.: 0080<\/strong><\/span><\/p>\n","protected":false},"featured_media":25702,"template":"","meta":[],"product_brand":[],"product_cat":[593],"product_tag":[],"class_list":{"0":"post-27118","1":"product","2":"type-product","3":"status-publish","4":"has-post-thumbnail","6":"product_cat-produkte-fur-glas-und-oberflachen","8":"first","9":"instock","10":"taxable","11":"shipping-taxable","12":"purchasable","13":"product-type-simple"},"acf":[],"_links":{"self":[{"href":"https:\/\/serviclean.be\/de\/wp-json\/wp\/v2\/product\/27118","targetHints":{"allow":["GET"]}}],"collection":[{"href":"https:\/\/serviclean.be\/de\/wp-json\/wp\/v2\/product"}],"about":[{"href":"https:\/\/serviclean.be\/de\/wp-json\/wp\/v2\/types\/product"}],"wp:featuredmedia":[{"embeddable":true,"href":"https:\/\/serviclean.be\/de\/wp-json\/wp\/v2\/media\/25702"}],"wp:attachment":[{"href":"https:\/\/serviclean.be\/de\/wp-json\/wp\/v2\/media?parent=27118"}],"wp:term":[{"taxonomy":"product_brand","embeddable":true,"href":"https:\/\/serviclean.be\/de\/wp-json\/wp\/v2\/product_brand?post=27118"},{"taxonomy":"product_cat","embeddable":true,"href":"https:\/\/serviclean.be\/de\/wp-json\/wp\/v2\/product_cat?post=27118"},{"taxonomy":"product_tag","embeddable":true,"href":"https:\/\/serviclean.be\/de\/wp-json\/wp\/v2\/product_tag?post=27118"}],"curies":[{"name":"wp","href":"https:\/\/api.w.org\/{rel}","templated":true}]}}