{"id":27110,"date":"2022-10-24T22:15:48","date_gmt":"2022-10-24T20:15:48","guid":{"rendered":"https:\/\/serviclean.be\/produit\/moerman-excelerator-1-0-wischergriff\/"},"modified":"2022-10-24T22:15:48","modified_gmt":"2022-10-24T20:15:48","slug":"moerman-excelerator-1-0-wischergriff","status":"publish","type":"product","link":"https:\/\/serviclean.be\/de\/produit\/moerman-excelerator-1-0-wischergriff\/","title":{"rendered":"Moerman Excelerator 1.0 Wischergriff"},"content":{"rendered":"<h2>Eigenschaften:<\/h2>\n<ul>\n<li class=\"bullet-checkmark\">Anpassbarer Winkel 10\u00b0 &#8211; 25\u00b0 &#8211; 40\u00b0<\/li>\n<li class=\"bullet-checkmark\">Schnelle und fl\u00fcssige Schwenkbewegung<\/li>\n<li class=\"bullet-checkmark\">Ideal f\u00fcr den Einsatz in gro\u00dfer oder geringer Reichweite<\/li>\n<li class=\"bullet-checkmark\">Leichter und ergonomischer Zwei-Komponenten-Griff<\/li>\n<li class=\"bullet-checkmark\">Passend f\u00fcr alle Moerman-Schienen und die meisten anderen g\u00e4ngigen Schienen<\/li>\n<li class=\"bullet-checkmark\">Erzielen Sie die besten Ergebnisse mit unserem Liquidator 3.0<\/li>\n<\/ul>\n","protected":false},"excerpt":{"rendered":"<p>Der originale Excelerator ist ein hervorragend funktioneller Fensterreinigungsgriff, egal ob er an einer Teleskopstange oder von Hand verwendet wird. Der Excelerator ist auf einen Winkel von 10\u00b0, 25\u00b0 oder 40\u00b0 einstellbar, je nach Art des Fensterrahmens und dessen H\u00f6he, m\u00f6glichen Hindernissen, schwierigen Winkeln oder einfach Ihren pers\u00f6nlichen Vorlieben.<br \/>\n<span style=\"color: #008000;\"><strong>Ref.: 5729<\/strong><\/span><\/p>\n","protected":false},"featured_media":27111,"template":"","meta":[],"product_brand":[],"product_cat":[576],"product_tag":[608],"class_list":{"0":"post-27110","1":"product","2":"type-product","3":"status-publish","4":"has-post-thumbnail","6":"product_cat-fensterreinigungszubehor","7":"product_tag-moerman","9":"first","10":"instock","11":"taxable","12":"shipping-taxable","13":"purchasable","14":"product-type-simple"},"acf":[],"_links":{"self":[{"href":"https:\/\/serviclean.be\/de\/wp-json\/wp\/v2\/product\/27110","targetHints":{"allow":["GET"]}}],"collection":[{"href":"https:\/\/serviclean.be\/de\/wp-json\/wp\/v2\/product"}],"about":[{"href":"https:\/\/serviclean.be\/de\/wp-json\/wp\/v2\/types\/product"}],"wp:featuredmedia":[{"embeddable":true,"href":"https:\/\/serviclean.be\/de\/wp-json\/wp\/v2\/media\/27111"}],"wp:attachment":[{"href":"https:\/\/serviclean.be\/de\/wp-json\/wp\/v2\/media?parent=27110"}],"wp:term":[{"taxonomy":"product_brand","embeddable":true,"href":"https:\/\/serviclean.be\/de\/wp-json\/wp\/v2\/product_brand?post=27110"},{"taxonomy":"product_cat","embeddable":true,"href":"https:\/\/serviclean.be\/de\/wp-json\/wp\/v2\/product_cat?post=27110"},{"taxonomy":"product_tag","embeddable":true,"href":"https:\/\/serviclean.be\/de\/wp-json\/wp\/v2\/product_tag?post=27110"}],"curies":[{"name":"wp","href":"https:\/\/api.w.org\/{rel}","templated":true}]}}