{"id":27009,"date":"2018-09-03T16:36:55","date_gmt":"2018-09-03T14:36:55","guid":{"rendered":"https:\/\/serviclean.be\/produit\/clean-3000-entkalker-reiniger-1-l-5-l\/"},"modified":"2018-09-03T16:36:55","modified_gmt":"2018-09-03T14:36:55","slug":"clean-3000-entkalker-reiniger-1-l-5-l","status":"publish","type":"product","link":"https:\/\/serviclean.be\/de\/produit\/clean-3000-entkalker-reiniger-1-l-5-l\/","title":{"rendered":"CLEAN 3000 Entkalker-Reiniger 1 l\/5 l"},"content":{"rendered":"","protected":false},"excerpt":{"rendered":"<p>CLEAN 3000 ist ein hochwirksamer Entkalker-Reiniger, speziell entwickelt f\u00fcr die Reinigung von Fabrik- und Garagenb\u00f6den. Seine Formulierung erm\u00f6glicht zudem eine gr\u00fcndliche Reinigung von Fliesen nach dem Verlegen und sorgt so f\u00fcr eine optimale Pflege. Erh\u00e4ltlich in 1-Liter- und 5-Liter-Gebinden erf\u00fcllt dieses Produkt die Anforderungen von Profis in Sachen Sauberkeit und Hygiene. Entscheiden Sie sich f\u00fcr CLEAN 3000, um eine einwandfreie Arbeitsumgebung zu gew\u00e4hrleisten. Entkalker-Reiniger 3000 entfettet stark verschmutzte Fabrik- und Garagenb\u00f6den (\u00d6l, Diesel). CLEAN 3000 reinigt die<br \/>\nFliesen nach dem Verlegen sowie das Ausbringger\u00e4t f\u00fcr D\u00fcnger.     <\/p>\n<p><span style=\"color: #008000;\"><strong>Ref.: 0550 &#8211; 0551<\/strong><\/span><\/p>\n","protected":false},"featured_media":27012,"template":"","meta":[],"product_brand":[],"product_cat":[578],"product_tag":[582],"class_list":{"0":"post-27009","1":"product","2":"type-product","3":"status-publish","4":"has-post-thumbnail","6":"product_cat-pflegeprodukte","7":"product_tag-servi-clean","9":"first","10":"instock","11":"featured","12":"taxable","13":"shipping-taxable","14":"purchasable","15":"product-type-variable"},"acf":[],"_links":{"self":[{"href":"https:\/\/serviclean.be\/de\/wp-json\/wp\/v2\/product\/27009","targetHints":{"allow":["GET"]}}],"collection":[{"href":"https:\/\/serviclean.be\/de\/wp-json\/wp\/v2\/product"}],"about":[{"href":"https:\/\/serviclean.be\/de\/wp-json\/wp\/v2\/types\/product"}],"wp:featuredmedia":[{"embeddable":true,"href":"https:\/\/serviclean.be\/de\/wp-json\/wp\/v2\/media\/27012"}],"wp:attachment":[{"href":"https:\/\/serviclean.be\/de\/wp-json\/wp\/v2\/media?parent=27009"}],"wp:term":[{"taxonomy":"product_brand","embeddable":true,"href":"https:\/\/serviclean.be\/de\/wp-json\/wp\/v2\/product_brand?post=27009"},{"taxonomy":"product_cat","embeddable":true,"href":"https:\/\/serviclean.be\/de\/wp-json\/wp\/v2\/product_cat?post=27009"},{"taxonomy":"product_tag","embeddable":true,"href":"https:\/\/serviclean.be\/de\/wp-json\/wp\/v2\/product_tag?post=27009"}],"curies":[{"name":"wp","href":"https:\/\/api.w.org\/{rel}","templated":true}]}}