{"id":26994,"date":"2018-09-03T16:36:55","date_gmt":"2018-09-03T14:36:55","guid":{"rendered":"https:\/\/serviclean.be\/produit\/clean-four-spezialreiniger-fuer-backoefen-5-l\/"},"modified":"2018-09-03T16:36:55","modified_gmt":"2018-09-03T14:36:55","slug":"clean-four-spezialreiniger-fuer-backoefen-5-l","status":"publish","type":"product","link":"https:\/\/serviclean.be\/de\/produit\/clean-four-spezialreiniger-fuer-backoefen-5-l\/","title":{"rendered":"CLEAN FOUR Spezialreiniger f\u00fcr Back\u00f6fen 5 l"},"content":{"rendered":"<p>CLEAN FOUR ist ein speziell entwickelter Reiniger zur schnellen und effektiven Entfernung von eingebrannten, karamellisierten Fetten sowie Frittier\u00f6len. Seine kraftvolle Formel l\u00f6st verkohlte R\u00fcckst\u00e4nde und erleichtert die Reinigung von gewerblichen und Haushaltsback\u00f6fen, Rosten, Blechen und weiterem Zubeh\u00f6r. <\/p>\n<p>Geeignet f\u00fcr alle Ofentypen, einschlie\u00dflich Konvektions- und Pyrolyse\u00f6fen. CLEAN FOUR schont Metalloberfl\u00e4chen und garantiert gleichzeitig makellose Sauberkeit. Als gebrauchsfertiges Profiprodukt ist es ideal f\u00fcr die regelm\u00e4\u00dfige Wartung von Kochger\u00e4ten in der Gastronomie, B\u00e4ckereien, Pizzerien und Gro\u00dfk\u00fcchen. <\/p>\n<h3 data-start=\"1180\" data-end=\"1214\"><strong data-start=\"1184\" data-end=\"1214\">Gefahrenidentifikation<\/strong><\/h3>\n<p data-start=\"1216\" data-end=\"1265\">Einstufung gem\u00e4\u00df Verordnung (EG) Nr. 1272\/2008:<\/p>\n<ul data-start=\"1266\" data-end=\"1445\">\n<li data-start=\"1266\" data-end=\"1311\">\n<p data-start=\"1268\" data-end=\"1311\">H290: Kann gegen\u00fcber Metallen korrosiv sein<\/p>\n<\/li>\n<li data-start=\"1312\" data-end=\"1347\">\n<p data-start=\"1314\" data-end=\"1347\">H302: Gesundheitssch\u00e4dlich bei Verschlucken<\/p>\n<\/li>\n<li data-start=\"1348\" data-end=\"1445\">\n<p data-start=\"1350\" data-end=\"1445\">H314: Verursacht schwere Ver\u00e4tzungen der Haut und schwere Augensch\u00e4den (\u00c4tzwirkung auf die Haut, Kategorie 1A)<\/p>\n<\/li>\n<\/ul>\n<p data-start=\"1447\" data-end=\"1526\">F\u00fcr weitere Informationen laden Sie bitte das untenstehende Sicherheitsdatenblatt herunter.<\/p>\n","protected":false},"excerpt":{"rendered":"<p>Spezial-Backofenreiniger 5 l, l\u00f6st eingebrannte, karamellisierte Fette und Frittier\u00f6le. Reinigt effektiv Back\u00f6fen, Roste und Zubeh\u00f6r.  Gebrauchsfertig.<br \/>\n<span style=\"color: #008000;\"><strong>Art.-Nr.: 0558<\/strong><\/span><\/p>\n","protected":false},"featured_media":27004,"template":"","meta":[],"product_brand":[],"product_cat":[578,605,597,573],"product_tag":[582],"class_list":{"0":"post-26994","1":"product","2":"type-product","3":"status-publish","4":"has-post-thumbnail","6":"product_cat-pflegeprodukte","7":"product_cat-entfettungsprodukte","8":"product_cat-fettloser","9":"product_cat-kuchenhygiene","10":"product_tag-servi-clean","12":"first","13":"instock","14":"featured","15":"taxable","16":"shipping-taxable","17":"purchasable","18":"product-type-variable"},"acf":[],"_links":{"self":[{"href":"https:\/\/serviclean.be\/de\/wp-json\/wp\/v2\/product\/26994","targetHints":{"allow":["GET"]}}],"collection":[{"href":"https:\/\/serviclean.be\/de\/wp-json\/wp\/v2\/product"}],"about":[{"href":"https:\/\/serviclean.be\/de\/wp-json\/wp\/v2\/types\/product"}],"wp:featuredmedia":[{"embeddable":true,"href":"https:\/\/serviclean.be\/de\/wp-json\/wp\/v2\/media\/27004"}],"wp:attachment":[{"href":"https:\/\/serviclean.be\/de\/wp-json\/wp\/v2\/media?parent=26994"}],"wp:term":[{"taxonomy":"product_brand","embeddable":true,"href":"https:\/\/serviclean.be\/de\/wp-json\/wp\/v2\/product_brand?post=26994"},{"taxonomy":"product_cat","embeddable":true,"href":"https:\/\/serviclean.be\/de\/wp-json\/wp\/v2\/product_cat?post=26994"},{"taxonomy":"product_tag","embeddable":true,"href":"https:\/\/serviclean.be\/de\/wp-json\/wp\/v2\/product_tag?post=26994"}],"curies":[{"name":"wp","href":"https:\/\/api.w.org\/{rel}","templated":true}]}}