{"id":26984,"date":"2018-09-04T23:56:06","date_gmt":"2018-09-04T21:56:06","guid":{"rendered":"https:\/\/serviclean.be\/produit\/suma-calc-d5-entkalker-5-l\/"},"modified":"2018-09-04T23:56:06","modified_gmt":"2018-09-04T21:56:06","slug":"suma-calc-d5-entkalker-5-l","status":"publish","type":"product","link":"https:\/\/serviclean.be\/de\/produit\/suma-calc-d5-entkalker-5-l\/","title":{"rendered":"Suma Calc D5 &#8211; Entkalker 5 l"},"content":{"rendered":"<p>Saure Reiniger zur Entkalkung von K\u00fcchenkleinger\u00e4ten, Utensilien, <strong>Geschirrsp\u00fclern<\/strong>, Bain-Maries&#8230; Hervorragende Anwendungskosten dank konzentrierter Formel. <\/p>\n<p>Suma Calc D5 ist ein konzentrierter saurer Reiniger zur Entkalkung von Kleinger\u00e4ten und Utensilien, einschlie\u00dflich Geschirrsp\u00fclern, Bain-Maries, Wasserkochern, Dampfgarern, Tee- und Kaffeekannen usw. Die Kombination aus anorganischen S\u00e4uren und nichtionischen Tensiden gew\u00e4hrleistet eine effektive Entkalkung auf allen Oberfl\u00e4chenarten. <\/p>\n<ul>\n<li style=\"list-style-type: none;\">\n<ul>\n<li>Eine effektive Kalkentfernung sch\u00fctzt Kleinger\u00e4te und verbessert das Hygieneniveau<\/li>\n<\/ul>\n<\/li>\n<\/ul>\n<ul>\n<li style=\"list-style-type: none;\">\n<ul>\n<li>Hervorragende Anwendungskosten dank konzentrierter Formel<\/li>\n<\/ul>\n<\/li>\n<\/ul>\n<ul>\n<li style=\"list-style-type: none;\">\n<ul>\n<li>Verleiht verkalkten Metalloberfl\u00e4chen ihren Glanz zur\u00fcck<\/li>\n<\/ul>\n<\/li>\n<\/ul>\n<p>Suma Calc D5 ist ein konzentrierter saurer Reiniger zur Entkalkung von Kleinger\u00e4ten und Utensilien, einschlie\u00dflich Geschirrsp\u00fclern, Bain-Maries, Wasserkochern, Dampfgarern, Tee- und Kaffeekannen usw. Die Kombination aus anorganischen S\u00e4uren und nichtionischen Tensiden gew\u00e4hrleistet eine effektive Entkalkung auf allen Oberfl\u00e4chenarten. <\/p>\n<ul>\n<li>Eine effektive Kalkentfernung sch\u00fctzt Kleinger\u00e4te und verbessert das Hygieneniveau<\/li>\n<li>Hervorragende Anwendungskosten dank konzentrierter Formel<\/li>\n<li>Verleiht verkalkten Metalloberfl\u00e4chen ihren Glanz zur\u00fcck<\/li>\n<\/ul>\n","protected":false},"excerpt":{"rendered":"<p>Konzentrierte Entkalkungsprodukte f\u00fcr den periodischen Gebrauch. Suma Calc D5 ist ein konzentrierter saurer Reiniger zur Entkalkung von Kleinger\u00e4ten, Utensilien und Geschirrsp\u00fclern in der K\u00fcche. Suma Calc D5 ist ein konzentrierter saurer Reiniger zur Entkalkung von Kleinger\u00e4ten und Utensilien, einschlie\u00dflich Geschirrsp\u00fclern, Bain-Maries, Wasserkochern,  <\/p>\n<p><span style=\"color: #008000;\"><strong>Ref: 6938<\/strong><\/span><\/p>\n","protected":false},"featured_media":26989,"template":"","meta":[],"product_brand":[],"product_cat":[573],"product_tag":[],"class_list":{"0":"post-26984","1":"product","2":"type-product","3":"status-publish","4":"has-post-thumbnail","6":"product_cat-kuchenhygiene","8":"first","9":"instock","10":"taxable","11":"shipping-taxable","12":"purchasable","13":"product-type-simple"},"acf":[],"_links":{"self":[{"href":"https:\/\/serviclean.be\/de\/wp-json\/wp\/v2\/product\/26984","targetHints":{"allow":["GET"]}}],"collection":[{"href":"https:\/\/serviclean.be\/de\/wp-json\/wp\/v2\/product"}],"about":[{"href":"https:\/\/serviclean.be\/de\/wp-json\/wp\/v2\/types\/product"}],"wp:featuredmedia":[{"embeddable":true,"href":"https:\/\/serviclean.be\/de\/wp-json\/wp\/v2\/media\/26989"}],"wp:attachment":[{"href":"https:\/\/serviclean.be\/de\/wp-json\/wp\/v2\/media?parent=26984"}],"wp:term":[{"taxonomy":"product_brand","embeddable":true,"href":"https:\/\/serviclean.be\/de\/wp-json\/wp\/v2\/product_brand?post=26984"},{"taxonomy":"product_cat","embeddable":true,"href":"https:\/\/serviclean.be\/de\/wp-json\/wp\/v2\/product_cat?post=26984"},{"taxonomy":"product_tag","embeddable":true,"href":"https:\/\/serviclean.be\/de\/wp-json\/wp\/v2\/product_tag?post=26984"}],"curies":[{"name":"wp","href":"https:\/\/api.w.org\/{rel}","templated":true}]}}