{"id":26983,"date":"2018-09-04T23:55:41","date_gmt":"2018-09-04T21:55:41","guid":{"rendered":"https:\/\/serviclean.be\/produit\/hummerlaetzchen-fuer-erwachsene\/"},"modified":"2018-09-04T23:55:41","modified_gmt":"2018-09-04T21:55:41","slug":"hummerlaetzchen-fuer-erwachsene","status":"publish","type":"product","link":"https:\/\/serviclean.be\/de\/produit\/hummerlaetzchen-fuer-erwachsene\/","title":{"rendered":"HUMMERL\u00c4TZCHEN F\u00dcR ERWACHSENE"},"content":{"rendered":"<p>HUMMERL\u00c4TZCHEN F\u00dcR ERWACHSENE 38,3&#215;48 CM WEISS CPE (500 ST\u00dcCK)<\/p>\n","protected":false},"excerpt":{"rendered":"<p>HUMMERL\u00c4TZCHEN F\u00dcR ERWACHSENE 38,3&#215;48 CM WEISS CPE (500 ST\u00dcCK)<\/p>\n","protected":false},"featured_media":26987,"template":"","meta":[],"product_brand":[],"product_cat":[604],"product_tag":[],"class_list":{"0":"post-26983","1":"product","2":"type-product","3":"status-publish","4":"has-post-thumbnail","6":"product_cat-schutz","8":"first","9":"onbackorder","10":"taxable","11":"shipping-taxable","12":"purchasable","13":"product-type-simple"},"acf":[],"_links":{"self":[{"href":"https:\/\/serviclean.be\/de\/wp-json\/wp\/v2\/product\/26983","targetHints":{"allow":["GET"]}}],"collection":[{"href":"https:\/\/serviclean.be\/de\/wp-json\/wp\/v2\/product"}],"about":[{"href":"https:\/\/serviclean.be\/de\/wp-json\/wp\/v2\/types\/product"}],"wp:featuredmedia":[{"embeddable":true,"href":"https:\/\/serviclean.be\/de\/wp-json\/wp\/v2\/media\/26987"}],"wp:attachment":[{"href":"https:\/\/serviclean.be\/de\/wp-json\/wp\/v2\/media?parent=26983"}],"wp:term":[{"taxonomy":"product_brand","embeddable":true,"href":"https:\/\/serviclean.be\/de\/wp-json\/wp\/v2\/product_brand?post=26983"},{"taxonomy":"product_cat","embeddable":true,"href":"https:\/\/serviclean.be\/de\/wp-json\/wp\/v2\/product_cat?post=26983"},{"taxonomy":"product_tag","embeddable":true,"href":"https:\/\/serviclean.be\/de\/wp-json\/wp\/v2\/product_tag?post=26983"}],"curies":[{"name":"wp","href":"https:\/\/api.w.org\/{rel}","templated":true}]}}