{"id":26980,"date":"2018-09-04T23:56:07","date_gmt":"2018-09-04T21:56:07","guid":{"rendered":"https:\/\/serviclean.be\/produit\/schwarzer-deckel-fuer-tork-bin-50\/"},"modified":"2018-09-04T23:56:07","modified_gmt":"2018-09-04T21:56:07","slug":"schwarzer-deckel-fuer-tork-bin-50","status":"publish","type":"product","link":"https:\/\/serviclean.be\/de\/produit\/schwarzer-deckel-fuer-tork-bin-50\/","title":{"rendered":"Schwarzer Deckel f\u00fcr Tork Bin 50"},"content":{"rendered":"<p>Es gibt einen 5-l-Abfalleimer, der entweder f\u00fcr Hygienebinden oder als zus\u00e4tzlicher Abfalleimer in einer K\u00fcche oder einem B\u00fcro verwendet werden kann. Mehrere Modelle verf\u00fcgbar. <\/p>\n<p>Abmessungen HxBxT: 13 x 21 x 24 cm<br \/>\nFarbe: Schwarz oder Wei\u00df<\/p>\n","protected":false},"excerpt":{"rendered":"<p>Es gibt einen 5-l-Abfalleimer, der entweder f\u00fcr Hygienebinden verwendet werden kann,<\/p>\n","protected":false},"featured_media":26982,"template":"","meta":[],"product_brand":[],"product_cat":[572],"product_tag":[584],"class_list":{"0":"post-26980","1":"product","2":"type-product","3":"status-publish","4":"has-post-thumbnail","6":"product_cat-mulleimer","7":"product_tag-tork","9":"first","10":"instock","11":"taxable","12":"shipping-taxable","13":"purchasable","14":"product-type-simple"},"acf":[],"_links":{"self":[{"href":"https:\/\/serviclean.be\/de\/wp-json\/wp\/v2\/product\/26980","targetHints":{"allow":["GET"]}}],"collection":[{"href":"https:\/\/serviclean.be\/de\/wp-json\/wp\/v2\/product"}],"about":[{"href":"https:\/\/serviclean.be\/de\/wp-json\/wp\/v2\/types\/product"}],"wp:featuredmedia":[{"embeddable":true,"href":"https:\/\/serviclean.be\/de\/wp-json\/wp\/v2\/media\/26982"}],"wp:attachment":[{"href":"https:\/\/serviclean.be\/de\/wp-json\/wp\/v2\/media?parent=26980"}],"wp:term":[{"taxonomy":"product_brand","embeddable":true,"href":"https:\/\/serviclean.be\/de\/wp-json\/wp\/v2\/product_brand?post=26980"},{"taxonomy":"product_cat","embeddable":true,"href":"https:\/\/serviclean.be\/de\/wp-json\/wp\/v2\/product_cat?post=26980"},{"taxonomy":"product_tag","embeddable":true,"href":"https:\/\/serviclean.be\/de\/wp-json\/wp\/v2\/product_tag?post=26980"}],"curies":[{"name":"wp","href":"https:\/\/api.w.org\/{rel}","templated":true}]}}